{"id":2112,"date":"2019-05-03T12:22:18","date_gmt":"2019-05-03T10:22:18","guid":{"rendered":"https:\/\/translation-center.de\/?page_id=2112"},"modified":"2021-05-04T10:23:39","modified_gmt":"2021-05-04T08:23:39","slug":"dolmetscherdienste-bergisch-gladbach","status":"publish","type":"page","link":"https:\/\/www.translation-center.de\/de\/dolmetscherdienste-bergisch-gladbach\/","title":{"rendered":"Dolmetscherdienste Bergisch Gladbach &#8211; kompetent und vielseitig"},"content":{"rendered":"<p>[et_pb_section fb_built=&#8220;1&#8243; fullwidth=&#8220;on&#8220; _builder_version=&#8220;3.22&#8243; animation_style=&#8220;fade&#8220; hover_transition_duration=&#8220;1500ms&#8220; hover_transition_speed_curve=&#8220;ease-in-out&#8220;][et_pb_fullwidth_code disabled_on=&#8220;on|on|off&#8220; _builder_version=&#8220;4.9.0&#8243;]<img decoding=\"async\" src=\"\/wp-content\/uploads\/redaktion\/images\/header\/screen\/img-header-screen-dolmetscher-bergisch-gladbach.jpg\" alt=\"Dolmetscher Bergisch Gladbach\" \/>[\/et_pb_fullwidth_code][et_pb_fullwidth_code disabled_on=&#8220;off|off|on&#8220; _builder_version=&#8220;4.9.0&#8243;]<img decoding=\"async\" src=\"\/wp-content\/uploads\/redaktion\/images\/header\/tablet\/img-header-tablet-dolmetscher-bergisch-gladbach.jpg\" alt=\"Dolmetscher Bergisch Gladbach\" \/>[\/et_pb_fullwidth_code][\/et_pb_section][et_pb_section fb_built=&#8220;1&#8243; _builder_version=&#8220;3.22&#8243; custom_padding=&#8220;0|0px|0|0px|false|false&#8220;][et_pb_row _builder_version=&#8220;3.25&#8243; width=&#8220;100%&#8220; max_width=&#8220;100%&#8220; custom_padding=&#8220;16px|0px|0|0px|false|false&#8220; use_custom_width=&#8220;on&#8220; width_unit=&#8220;off&#8220; custom_width_percent=&#8220;100%&#8220;][et_pb_column type=&#8220;4_4&#8243; _builder_version=&#8220;3.25&#8243; custom_padding=&#8220;|||&#8220; custom_padding__hover=&#8220;|||&#8220;][et_pb_text module_class=&#8220;h3-footer-headerimage&#8220; _builder_version=&#8220;3.27.4&#8243;]<\/p>\n<h3>Dolmetschservice Bergisch Gladbach<\/h3>\n<p>[\/et_pb_text][\/et_pb_column][\/et_pb_row][\/et_pb_section][et_pb_section fb_built=&#8220;1&#8243; _builder_version=&#8220;3.22&#8243; custom_padding=&#8220;0|0px||0px|false|false&#8220;][et_pb_row custom_padding_last_edited=&#8220;on|desktop&#8220; module_id=&#8220;home-content&#8220; _builder_version=&#8220;4.9.0&#8243; custom_margin=&#8220;||&#8220; custom_margin_tablet=&#8220;&#8220; custom_margin_phone=&#8220;||&#8220; custom_margin_last_edited=&#8220;on|phone&#8220; custom_padding=&#8220;|0px|0|0px|false|false&#8220; custom_padding_tablet=&#8220;&#8220; custom_padding_phone=&#8220;||&#8220; animation_style=&#8220;fade&#8220;][et_pb_column type=&#8220;4_4&#8243; _builder_version=&#8220;3.25&#8243; custom_padding=&#8220;|||&#8220; custom_padding__hover=&#8220;|||&#8220;][et_pb_text _builder_version=&#8220;4.9.0&#8243; text_font=&#8220;||||||||&#8220; animation_style=&#8220;fade&#8220;]<\/p>\n<h1 style=\"text-align: center;\">Dolmetscherdienste Bergisch Gladbach<\/h1>\n<h2 style=\"text-align: center;\">Translation Center<\/h2>\n<p>[\/et_pb_text][et_pb_divider color=&#8220;#009cde&#8220; divider_weight=&#8220;2px&#8220; _builder_version=&#8220;3.19.15&#8243; max_width=&#8220;60%&#8220; module_alignment=&#8220;center&#8220;][\/et_pb_divider][\/et_pb_column][\/et_pb_row][et_pb_row _builder_version=&#8220;4.9.0&#8243; _module_preset=&#8220;default&#8220; max_width=&#8220;900px&#8220; animation_style=&#8220;fade&#8220;][et_pb_column type=&#8220;4_4&#8243; _builder_version=&#8220;4.9.0&#8243; _module_preset=&#8220;default&#8220;][et_pb_accordion module_class=&#8220;accordion-box&#8220; _builder_version=&#8220;4.9.0&#8243; toggle_level=&#8220;h3&#8243; toggle_font=&#8220;||||||||&#8220; body_font=&#8220;||||||||&#8220;][et_pb_accordion_item title=&#8220;Dolmetscherdienste&#8220; open=&#8220;on&#8220; icon_color=&#8220;#0c71c3&#8243; _builder_version=&#8220;4.9.0&#8243;]<\/p>\n<p>Immer h\u00e4ufiger stellen sich Unternehmer der Herausforderung, sich auch international zu positionieren. Dabei h\u00e4ngt der Erfolg einer Unternehmung ma\u00dfgeblich von der Verst\u00e4ndigung ab.<\/p>\n<p>Um den ausl\u00e4ndischen Gespr\u00e4chspartner gut zu verstehen, ist es dank Dolmetscherdienste nicht erforderlich, erst die fremde Sprache zu lernen. Ein sicherer Weg zur perfekten Kommunikation ist der Dolmetscher. Es wird nicht nur sprachlich vermittelt, sondern auch zwischenmenschlich. So werden m\u00f6gliche interkulturelle Schwierigkeiten gleich aus dem Weg ger\u00e4umt. Damit wird Ihnen der Schl\u00fcssel f\u00fcr eine erfolgreiche Abwicklung in die Hand gegeben.<\/p>\n<p>[\/et_pb_accordion_item][et_pb_accordion_item title=&#8220;01. Konferenzdolmetscher&#8220; icon_color=&#8220;#0c71c3&#8243; _builder_version=&#8220;4.9.0&#8243; open=&#8220;off&#8220;]<\/p>\n<p>Die Aufgabe eines Konferenzdolmetschers besteht darin, zwischen Verhandlungspartnern mit unterschiedlichem Sprachhintergrund zu vermitteln. Dabei wird das Gesprochene m\u00fcndlich in die jeweils andere Sprache \u00fcbertragen. Wenn es erforderlich ist, einen Sprachmittler hinzuzuziehen, gibt es verschiedene M\u00f6glichkeiten.<\/p>\n<p>In der Regel sitzt der Sprachmittler zwischen den Verhandlungspartnern (sozusagen in der Mitte). Die r\u00e4umliche N\u00e4he l\u00e4sst sich aber nicht immer verwirklichen. Dann bleibt noch die Option, sich moderner \u00dcbertragungsmittel zu bedienen, z.B. Video\u00fcbertragung.<\/p>\n<p>[\/et_pb_accordion_item][et_pb_accordion_item title=&#8220;02. Videokonferenzen &#8211; allzeit und \u00fcberall&#8220; icon_color=&#8220;#0c71c3&#8243; _builder_version=&#8220;4.9.0&#8243; open=&#8220;off&#8220;]<\/p>\n<p>Eine besonders effiziente und schnelle Kontaktaufnahme kann \u00fcber Video-Konferenzen wie z.B. ZOOM oder Skype geschehen. Wichtig sind hier auch das gute Equipment und eine optimale Netzanbindung. Erst sehr gute Bedingungen garantieren Ihnen eine optimale Ausgangsposition.<\/p>\n<p>[\/et_pb_accordion_item][et_pb_accordion_item title=&#8220;03. Gerichtlich vereidigte Dolmetscher&#8220; icon_color=&#8220;#0c71c3&#8243; _builder_version=&#8220;4.9.0&#8243; open=&#8220;off&#8220;]<\/p>\n<p>Bei Beh\u00f6rden, \u00c4mtern oder Notaren wird meist ein Gerichtsdolmetscher hinzugezogen. Damit man als Gerichtsdolmetscher arbeiten kann, muss man strenge Kriterien erf\u00fcllen und wird erst nach eingehender \u00dcberpr\u00fcfung allgemein beeidigt.  Es wird sichergestellt, dass der Dolmetscherdienst gewissenhaft und rechtlich bindend ausgef\u00fchrt wird. Neben der pers\u00f6nlichen und fachlichen Eignung ist in besonderem Ma\u00dfe auch die Pflicht zur Verschwiegenheit zu wahren.<\/p>\n<p>Bei mir werden Ihre vertraulichen Angelegenheiten immer als sensible Daten bewertet und niemals an Dritte weitergegeben.<\/p>\n<p>[\/et_pb_accordion_item][et_pb_accordion_item title=&#8220;04. Fl\u00fcsteranlagen &#8211; simultan dolmetschen&#8220; icon_color=&#8220;#0c71c3&#8243; _builder_version=&#8220;4.9.0&#8243; open=&#8220;off&#8220;]<\/p>\n<p>Die handlichen Fl\u00fcsterdolmetscher-Anlagen sind \u00fcberall dann einsetzbar, wenn ein kleiner Kreis von Zuh\u00f6rern dem ausl\u00e4ndischen Redner in simultaner \u00dcbersetzung zuh\u00f6ren soll. Es handelt sich um ein drahtloses Mikrofon f\u00fcr den Sprachmittler und praktische Kinnb\u00fcgelempf\u00e4nger f\u00fcr die Zuh\u00f6rerschaft. Sprechen Sie mich gerne hierzu an, wenn Sie der Meinung sind, dass w\u00e4re die richtig L\u00f6sung f\u00fcr Ihr Verst\u00e4ndigungsproblem.<\/p>\n<p>[\/et_pb_accordion_item][\/et_pb_accordion][\/et_pb_column][\/et_pb_row][et_pb_row column_structure=&#8220;1_2,1_2&#8243; use_custom_gutter=&#8220;on&#8220; make_equal=&#8220;on&#8220; _builder_version=&#8220;4.9.0&#8243; custom_margin=&#8220;80px||||false|false&#8220; custom_padding=&#8220;0|0px||0px|false|false&#8220; animation_style=&#8220;fade&#8220;][et_pb_column type=&#8220;1_2&#8243; _builder_version=&#8220;4.9.0&#8243; background_color=&#8220;#efefef&#8220; custom_padding=&#8220;|20px|30px|20px|false|false&#8220; custom_padding__hover=&#8220;|||&#8220;][et_pb_text module_class=&#8220;h-bottom-line&#8220; _builder_version=&#8220;4.9.0&#8243;]<\/p>\n<h3 style=\"text-align: center;\">Sie suchen in Deutschland einen Gerichtsdolmetscher in Ihrer Gegend?<\/h3>\n<p>[\/et_pb_text][et_pb_text _builder_version=&#8220;4.9.0&#8243;]<\/p>\n<p>Um einen geeigneten Dolmetscher Ihres Gerichtsbezirks zu finden, brauchen Sie lediglich auf die bundesweite Datenbank des Justizportals zuzugreifen. Dort k\u00f6nnen Sie die gew\u00fcnschte Sprache nebst der Stadt oder PLZ eingeben.<\/p>\n<p>Sie erhalten einen \u00dcberblick aller eingetragenen Gerichtsdolmetscher mit Kontaktdaten.<\/p>\n<p><a href=\"https:\/\/www.justiz-dolmetscher.de\/Recherche\/\" target=\"_blank\" rel=\"noopener noreferrer\">\u00bb Link zum Justizportal<\/a><\/p>\n<p>[\/et_pb_text][\/et_pb_column][et_pb_column type=&#8220;1_2&#8243; _builder_version=&#8220;4.9.0&#8243; background_color=&#8220;#efefef&#8220; custom_padding=&#8220;|20px|30px|20px|false|false&#8220; custom_padding__hover=&#8220;|||&#8220;][et_pb_text module_class=&#8220;h-bottom-line&#8220; _builder_version=&#8220;4.9.0&#8243;]<\/p>\n<h3 style=\"text-align: center;\">Sie suchen einen Dolmetscher im Ausland?<\/h3>\n<p>[\/et_pb_text][et_pb_text _builder_version=&#8220;4.9.0&#8243;]<\/p>\n<p>Wenn Sie gen\u00fcgend Vorlaufzeit einplanen, stehen die Chancen nicht schlecht, dass Sie einen Dolmetscher in Ihrem Zielland buchen k\u00f6nnen. Zwar kann man auch vor Ort einen Dolmetscher finden. Eine vorherige Absprache kann Ihnen die Reisevorbereitungen enorm erleichtern.<\/p>\n<p>[\/et_pb_text][\/et_pb_column][\/et_pb_row][et_pb_row column_structure=&#8220;1_2,1_2&#8243; use_custom_gutter=&#8220;on&#8220; make_equal=&#8220;on&#8220; _builder_version=&#8220;4.9.0&#8243; custom_margin=&#8220;15px||||false|false&#8220; custom_padding=&#8220;0|0px||0px|false|false&#8220; animation_style=&#8220;fade&#8220;][et_pb_column type=&#8220;1_2&#8243; _builder_version=&#8220;4.9.0&#8243; background_color=&#8220;#efefef&#8220; custom_padding=&#8220;|20px|30px|20px|false|false&#8220; custom_padding__hover=&#8220;|||&#8220;][et_pb_text module_class=&#8220;h-bottom-line&#8220; _builder_version=&#8220;4.9.0&#8243;]<\/p>\n<h3 style=\"text-align: center;\">Sie beabsichtigen einen Vertragsabschluss mit einem ausl\u00e4ndischen Partner?<\/h3>\n<p>[\/et_pb_text][et_pb_text _builder_version=&#8220;4.9.0&#8243;]<\/p>\n<p>Wenn Sie mit einem ausl\u00e4ndischen Partner eine notarielle Vertragsunterzeichnung beabsichtigen, ben\u00f6tigen Sie einen vereidigten Gerichtsdolmetscher. Nur so kann  sichergestellt werden, dass die Vertragsparteien die Tragweite Ihres Handelns trotz  Sprachbarriere verstehen.<\/p>\n<p>[\/et_pb_text][\/et_pb_column][et_pb_column type=&#8220;1_2&#8243; _builder_version=&#8220;4.9.0&#8243; background_color=&#8220;#efefef&#8220; custom_padding=&#8220;|20px|30px|20px|false|false&#8220; custom_padding__hover=&#8220;|||&#8220;][et_pb_text module_class=&#8220;h-bottom-line&#8220; _builder_version=&#8220;4.9.0&#8243;]<\/p>\n<h3 style=\"text-align: center;\">Sie suchen einen Dolmetscher f\u00fcr eine \u201evoice-over\u201c Arbeit?<\/h3>\n<p>[\/et_pb_text][et_pb_text _builder_version=&#8220;4.9.0&#8243;]<\/p>\n<p>Einige Dolmetscher haben sich darauf spezialisiert, Videobeitr\u00e4ge oder Filmmaterial in einer fremden Sprache zu vertonen. F\u00fcr solche Auftr\u00e4ge k\u00f6nnen wir auf Anfrage gerne Kapazit\u00e4ten und Ausstattung f\u00fcr Sie bereitstellen. Sprechen Sie uns hierzu gerne an.<\/p>\n<p>[\/et_pb_text][\/et_pb_column][\/et_pb_row][et_pb_row column_structure=&#8220;1_2,1_2&#8243; use_custom_gutter=&#8220;on&#8220; make_equal=&#8220;on&#8220; _builder_version=&#8220;4.9.0&#8243; custom_margin=&#8220;15px||||false|false&#8220; custom_padding=&#8220;0|0px||0px|false|false&#8220; animation_style=&#8220;fade&#8220;][et_pb_column type=&#8220;1_2&#8243; _builder_version=&#8220;4.9.0&#8243; background_color=&#8220;#efefef&#8220; custom_padding=&#8220;|20px|30px|20px|false|false&#8220; custom_padding__hover=&#8220;|||&#8220;][et_pb_text module_class=&#8220;h-bottom-line&#8220; _builder_version=&#8220;4.9.0&#8243;]<\/p>\n<h3 style=\"text-align: center;\">Wie wird man ein Gerichtsdolmetscher?<\/h3>\n<p>[\/et_pb_text][et_pb_text _builder_version=&#8220;4.9.0&#8243;]<\/p>\n<p>Die Voraussetzungen, die zur Zulassung einer Gerichtsdolmetscher-Vereidigung f\u00fchren, sind von Bundesland zu Bundesland verschieden.  Grunds\u00e4tzlich kann man aber sagen, dass man als Gerichtsdolmetscher zugelassen wird, wenn man folgende Kriterien erf\u00fcllt:<\/p>\n<p><em>\u201eAls Dolmetscher wird allgemein beeidigt, wer im Inland eine Pr\u00fcfung f\u00fcr Dolmetscher eines staatlichen Pr\u00fcfungsamtes oder einer Hochschule oder im Ausland eine von einer deutschen staatlichen Autorit\u00e4t  als gleichwertig anerkannte Dolmetscherpr\u00fcfung bestanden hat oder eine praktische T\u00e4tigkeit als Dolmetscher nachweist. Dar\u00fcber hinaus ist es erforderlich, dass die pers\u00f6nliche Zuverl\u00e4ssigkeit nachgewiesen wird und man Angeh\u00f6riger eines Mitgliedstaates der Europ\u00e4ischen Union ist oder eine Niederlassungserlaubnis f\u00fcr die Bundesrepublik Deutschland besitzt. In Ausnahmef\u00e4llen kann von den Voraussetzungen abgewichen werden, z.B. dann, wenn f\u00fcr die beantragte Sprache im Inland weder eine Pr\u00fcfung bei einem staatlichen Pr\u00fcfungsamt noch an einer Hochschule angeboten wird und die Sprachkenntnisse sowie die Bef\u00e4higung zur Dolmetschert\u00e4tigkeit in anderer Weise nachgewiesen werden kann\u201c<\/em><\/p>\n<p>(paraphrasierter Auszug aus dem OLG K\u00f6ln sieh hierzu Richtlinien im Justizportal).<\/p>\n<p>Den Link dazu finden Sie <a href=\"https:\/\/www.justiz-dolmetscher.de\/Recherche\/de\/Zulassungsvoraussetzungen\" target=\"_blank\" rel=\"noopener noreferrer\">hier<\/a>.<\/p>\n<p>[\/et_pb_text][\/et_pb_column][et_pb_column type=&#8220;1_2&#8243; _builder_version=&#8220;4.9.0&#8243; background_color=&#8220;#efefef&#8220; custom_padding=&#8220;|20px|30px|20px|false|false&#8220; custom_padding__hover=&#8220;|||&#8220;][et_pb_text module_class=&#8220;h-bottom-line&#8220; _builder_version=&#8220;4.9.0&#8243;]<\/p>\n<h3 style=\"text-align: center;\">Wie teuer ist ein Dolmetscherdienst?<\/h3>\n<p>[\/et_pb_text][et_pb_text _builder_version=&#8220;4.9.0&#8243;]<\/p>\n<p>Das Honorar eines Dolmetschers h\u00e4ngt von verschiedenen Faktoren ab. So ist hierbei zu ber\u00fccksichtigen, mit welchen Sprachen gearbeitet werden soll und wo der Einsatz stattfindet. Gerne biete ich Ihnen ein unverbindliches Angebot an.<\/p>\n<p><a href=\"\/kontakt\/\">Kontaktieren<\/a> Sie mich hierzu bitte mit gen\u00fcgend Vorlauf, um gegebenenfalls Kollegen vor Ort ansprechen zu k\u00f6nnen und somit Kosten einzusparen. Ich arbeite mit einem internationalen Netzwerk von erfahrenen Profis zusammen.<\/p>\n<p>[\/et_pb_text][\/et_pb_column][\/et_pb_row][\/et_pb_section][et_pb_section fb_built=&#8220;1&#8243; module_class=&#8220;avs-bg-parallax-fullsize-min-height&#8220; _builder_version=&#8220;4.9.4&#8243; background_image=&#8220;https:\/\/www.translation-center.de\/wp-content\/uploads\/img-content-prallax-fachuebersetzungen-koeln.jpg&#8220; parallax=&#8220;on&#8220; parallax_method=&#8220;off&#8220; animation_style=&#8220;fade&#8220; hover_enabled=&#8220;0&#8243; title_text=&#8220;Puzzle Globus auf offenem Buch&#8220; sticky_enabled=&#8220;0&#8243;][et_pb_row disabled_on=&#8220;off|off|off&#8220; module_class=&#8220;avs-bg-parallax-fullsize-1col&#8220; _builder_version=&#8220;4.9.0&#8243; background_color=&#8220;rgba(255,255,255,0.7)&#8220; custom_margin=&#8220;50px||&#8220;][et_pb_column type=&#8220;4_4&#8243; _builder_version=&#8220;3.25&#8243; custom_padding=&#8220;|||&#8220; custom_padding__hover=&#8220;|||&#8220;][et_pb_code _builder_version=&#8220;3.19.15&#8243;]<\/p>\n<div class=\"avs-fa\"><!-- [et_pb_line_break_holder] -->  <i class=\"fas fa-home\"><\/i><!-- [et_pb_line_break_holder] --><\/div>\n<p>[\/et_pb_code][et_pb_text _builder_version=&#8220;4.9.0&#8243;]<\/p>\n<h3 style=\"text-align: center;\">Dolmetscherdienste Bergisch Gladbach<\/h3>\n<p>[\/et_pb_text][\/et_pb_column][\/et_pb_row][\/et_pb_section]<\/p>\n","protected":false},"excerpt":{"rendered":"<p>Dolmetschservice Bergisch GladbachDolmetscherdienste Bergisch Gladbach Translation CenterImmer h\u00e4ufiger stellen sich Unternehmer der Herausforderung, sich auch international zu positionieren. Dabei h\u00e4ngt der Erfolg einer Unternehmung ma\u00dfgeblich von der Verst\u00e4ndigung ab. Um den ausl\u00e4ndischen Gespr\u00e4chspartner gut zu verstehen, ist es dank Dolmetscherdienste nicht erforderlich, erst die fremde Sprache zu lernen. Ein sicherer Weg zur perfekten Kommunikation ist [&hellip;]<\/p>\n","protected":false},"author":2,"featured_media":0,"parent":0,"menu_order":0,"comment_status":"closed","ping_status":"closed","template":"","meta":{"_et_pb_use_builder":"on","_et_pb_old_content":"","_et_gb_content_width":"","footnotes":""},"class_list":["post-2112","page","type-page","status-publish","hentry"],"yoast_head":"<!-- This site is optimized with the Yoast SEO plugin v27.0 - https:\/\/yoast.com\/product\/yoast-seo-wordpress\/ -->\n<title>Dolmetscherdienste Bergisch Gladbach - kompetent und vielseitig<\/title>\n<meta name=\"description\" content=\"Dolmetscherdienste Bergisch Gladbach - wir bieten professionelle Dolmetschleistungen f\u00fcr K\u00f6ln, Bergisch Gladbach, Leverkusen und Solingen.\" \/>\n<meta name=\"robots\" content=\"index, follow, max-snippet:-1, max-image-preview:large, max-video-preview:-1\" \/>\n<link rel=\"canonical\" href=\"https:\/\/www.translation-center.de\/de\/dolmetscherdienste-bergisch-gladbach\/\" \/>\n<meta property=\"og:locale\" content=\"de_DE\" \/>\n<meta property=\"og:type\" content=\"article\" \/>\n<meta property=\"og:title\" content=\"Dolmetscherdienste Bergisch Gladbach - kompetent und vielseitig\" \/>\n<meta property=\"og:description\" content=\"Dolmetscherdienste Bergisch Gladbach - wir bieten professionelle Dolmetschleistungen f\u00fcr K\u00f6ln, Bergisch Gladbach, Leverkusen und Solingen.\" \/>\n<meta property=\"og:url\" content=\"https:\/\/www.translation-center.de\/de\/dolmetscherdienste-bergisch-gladbach\/\" \/>\n<meta property=\"og:site_name\" content=\"Translation Center - \u00dcbersetzungen Bergisch Gladbach\" \/>\n<meta property=\"article:modified_time\" content=\"2021-05-04T08:23:39+00:00\" \/>\n<meta property=\"og:image\" content=\"https:\/\/www.translation-center.de\/wp-content\/uploads\/redaktion\/images\/header\/screen\/img-header-screen-dolmetscher-bergisch-gladbach.jpg\" \/>\n<meta name=\"twitter:card\" content=\"summary_large_image\" \/>\n<meta name=\"twitter:label1\" content=\"Gesch\u00e4tzte Lesezeit\" \/>\n\t<meta name=\"twitter:data1\" content=\"6\u00a0Minuten\" \/>\n<script type=\"application\/ld+json\" class=\"yoast-schema-graph\">{\"@context\":\"https:\/\/schema.org\",\"@graph\":[{\"@type\":\"WebPage\",\"@id\":\"https:\/\/www.translation-center.de\/de\/dolmetscherdienste-bergisch-gladbach\/\",\"url\":\"https:\/\/www.translation-center.de\/de\/dolmetscherdienste-bergisch-gladbach\/\",\"name\":\"Dolmetscherdienste Bergisch Gladbach - kompetent und vielseitig\",\"isPartOf\":{\"@id\":\"https:\/\/www.translation-center.de\/de\/#website\"},\"datePublished\":\"2019-05-03T10:22:18+00:00\",\"dateModified\":\"2021-05-04T08:23:39+00:00\",\"description\":\"Dolmetscherdienste Bergisch Gladbach - wir bieten professionelle Dolmetschleistungen f\u00fcr K\u00f6ln, Bergisch Gladbach, Leverkusen und Solingen.\",\"breadcrumb\":{\"@id\":\"https:\/\/www.translation-center.de\/de\/dolmetscherdienste-bergisch-gladbach\/#breadcrumb\"},\"inLanguage\":\"de\",\"potentialAction\":[{\"@type\":\"ReadAction\",\"target\":[\"https:\/\/www.translation-center.de\/de\/dolmetscherdienste-bergisch-gladbach\/\"]}]},{\"@type\":\"BreadcrumbList\",\"@id\":\"https:\/\/www.translation-center.de\/de\/dolmetscherdienste-bergisch-gladbach\/#breadcrumb\",\"itemListElement\":[{\"@type\":\"ListItem\",\"position\":1,\"name\":\"Startseite\",\"item\":\"https:\/\/www.translation-center.de\/de\/\"},{\"@type\":\"ListItem\",\"position\":2,\"name\":\"Dolmetscherdienste Bergisch Gladbach &#8211; kompetent und vielseitig\"}]},{\"@type\":\"WebSite\",\"@id\":\"https:\/\/www.translation-center.de\/de\/#website\",\"url\":\"https:\/\/www.translation-center.de\/de\/\",\"name\":\"Translation Center - \u00dcbersetzungen Bergisch Gladbach\",\"description\":\"Fach\u00fcbersetzung, Dolmetschdienste, Beglaubigte \u00dcbersetzungen\",\"potentialAction\":[{\"@type\":\"SearchAction\",\"target\":{\"@type\":\"EntryPoint\",\"urlTemplate\":\"https:\/\/www.translation-center.de\/de\/?s={search_term_string}\"},\"query-input\":{\"@type\":\"PropertyValueSpecification\",\"valueRequired\":true,\"valueName\":\"search_term_string\"}}],\"inLanguage\":\"de\"}]}<\/script>\n<!-- \/ Yoast SEO plugin. -->","yoast_head_json":{"title":"Dolmetscherdienste Bergisch Gladbach - kompetent und vielseitig","description":"Dolmetscherdienste Bergisch Gladbach - wir bieten professionelle Dolmetschleistungen f\u00fcr K\u00f6ln, Bergisch Gladbach, Leverkusen und Solingen.","robots":{"index":"index","follow":"follow","max-snippet":"max-snippet:-1","max-image-preview":"max-image-preview:large","max-video-preview":"max-video-preview:-1"},"canonical":"https:\/\/www.translation-center.de\/de\/dolmetscherdienste-bergisch-gladbach\/","og_locale":"de_DE","og_type":"article","og_title":"Dolmetscherdienste Bergisch Gladbach - kompetent und vielseitig","og_description":"Dolmetscherdienste Bergisch Gladbach - wir bieten professionelle Dolmetschleistungen f\u00fcr K\u00f6ln, Bergisch Gladbach, Leverkusen und Solingen.","og_url":"https:\/\/www.translation-center.de\/de\/dolmetscherdienste-bergisch-gladbach\/","og_site_name":"Translation Center - \u00dcbersetzungen Bergisch Gladbach","article_modified_time":"2021-05-04T08:23:39+00:00","og_image":[{"url":"https:\/\/www.translation-center.de\/wp-content\/uploads\/redaktion\/images\/header\/screen\/img-header-screen-dolmetscher-bergisch-gladbach.jpg","type":"","width":"","height":""}],"twitter_card":"summary_large_image","twitter_misc":{"Gesch\u00e4tzte Lesezeit":"6\u00a0Minuten"},"schema":{"@context":"https:\/\/schema.org","@graph":[{"@type":"WebPage","@id":"https:\/\/www.translation-center.de\/de\/dolmetscherdienste-bergisch-gladbach\/","url":"https:\/\/www.translation-center.de\/de\/dolmetscherdienste-bergisch-gladbach\/","name":"Dolmetscherdienste Bergisch Gladbach - kompetent und vielseitig","isPartOf":{"@id":"https:\/\/www.translation-center.de\/de\/#website"},"datePublished":"2019-05-03T10:22:18+00:00","dateModified":"2021-05-04T08:23:39+00:00","description":"Dolmetscherdienste Bergisch Gladbach - wir bieten professionelle Dolmetschleistungen f\u00fcr K\u00f6ln, Bergisch Gladbach, Leverkusen und Solingen.","breadcrumb":{"@id":"https:\/\/www.translation-center.de\/de\/dolmetscherdienste-bergisch-gladbach\/#breadcrumb"},"inLanguage":"de","potentialAction":[{"@type":"ReadAction","target":["https:\/\/www.translation-center.de\/de\/dolmetscherdienste-bergisch-gladbach\/"]}]},{"@type":"BreadcrumbList","@id":"https:\/\/www.translation-center.de\/de\/dolmetscherdienste-bergisch-gladbach\/#breadcrumb","itemListElement":[{"@type":"ListItem","position":1,"name":"Startseite","item":"https:\/\/www.translation-center.de\/de\/"},{"@type":"ListItem","position":2,"name":"Dolmetscherdienste Bergisch Gladbach &#8211; kompetent und vielseitig"}]},{"@type":"WebSite","@id":"https:\/\/www.translation-center.de\/de\/#website","url":"https:\/\/www.translation-center.de\/de\/","name":"Translation Center - \u00dcbersetzungen Bergisch Gladbach","description":"Fach\u00fcbersetzung, Dolmetschdienste, Beglaubigte \u00dcbersetzungen","potentialAction":[{"@type":"SearchAction","target":{"@type":"EntryPoint","urlTemplate":"https:\/\/www.translation-center.de\/de\/?s={search_term_string}"},"query-input":{"@type":"PropertyValueSpecification","valueRequired":true,"valueName":"search_term_string"}}],"inLanguage":"de"}]}},"_links":{"self":[{"href":"https:\/\/www.translation-center.de\/de\/wp-json\/wp\/v2\/pages\/2112","targetHints":{"allow":["GET"]}}],"collection":[{"href":"https:\/\/www.translation-center.de\/de\/wp-json\/wp\/v2\/pages"}],"about":[{"href":"https:\/\/www.translation-center.de\/de\/wp-json\/wp\/v2\/types\/page"}],"author":[{"embeddable":true,"href":"https:\/\/www.translation-center.de\/de\/wp-json\/wp\/v2\/users\/2"}],"replies":[{"embeddable":true,"href":"https:\/\/www.translation-center.de\/de\/wp-json\/wp\/v2\/comments?post=2112"}],"version-history":[{"count":1,"href":"https:\/\/www.translation-center.de\/de\/wp-json\/wp\/v2\/pages\/2112\/revisions"}],"predecessor-version":[{"id":2803,"href":"https:\/\/www.translation-center.de\/de\/wp-json\/wp\/v2\/pages\/2112\/revisions\/2803"}],"wp:attachment":[{"href":"https:\/\/www.translation-center.de\/de\/wp-json\/wp\/v2\/media?parent=2112"}],"curies":[{"name":"wp","href":"https:\/\/api.w.org\/{rel}","templated":true}]}}