{"id":2147,"date":"2019-05-08T09:22:51","date_gmt":"2019-05-08T07:22:51","guid":{"rendered":"https:\/\/translation-center.de\/?page_id=2147"},"modified":"2021-05-04T10:24:13","modified_gmt":"2021-05-04T08:24:13","slug":"sprachtraining-bergisch-gladbach","status":"publish","type":"page","link":"https:\/\/www.translation-center.de\/de\/sprachtraining-bergisch-gladbach\/","title":{"rendered":"Sprachtraining in Bergisch Gladbach"},"content":{"rendered":"<p>[et_pb_section fb_built=&#8220;1&#8243; fullwidth=&#8220;on&#8220; _builder_version=&#8220;3.22&#8243; animation_style=&#8220;fade&#8220; hover_transition_duration=&#8220;1500ms&#8220; hover_transition_speed_curve=&#8220;ease-in-out&#8220;][et_pb_fullwidth_code disabled_on=&#8220;on|on|off&#8220; _builder_version=&#8220;4.9.0&#8243;]<img decoding=\"async\" src=\"\/wp-content\/uploads\/redaktion\/images\/header\/screen\/img-header-screen-sprachtraining-bergisch-gladbach.jpg\" alt=\"Sprachtraining Bergisch Gladbach\" \/>[\/et_pb_fullwidth_code][et_pb_fullwidth_code disabled_on=&#8220;off|off|on&#8220; _builder_version=&#8220;4.9.0&#8243;]<img decoding=\"async\" src=\"\/wp-content\/uploads\/redaktion\/images\/header\/tablet\/img-header-tablet-sprachtraining-bergisch-gladbach.jpg\" alt=\"Sprachtraining Bergisch Gladbach\" \/>[\/et_pb_fullwidth_code][\/et_pb_section][et_pb_section fb_built=&#8220;1&#8243; _builder_version=&#8220;3.22&#8243; custom_padding=&#8220;0|0px|0|0px|false|false&#8220;][et_pb_row _builder_version=&#8220;3.25&#8243; width=&#8220;100%&#8220; max_width=&#8220;100%&#8220; custom_padding=&#8220;16px|0px|0|0px|false|false&#8220; use_custom_width=&#8220;on&#8220; width_unit=&#8220;off&#8220; custom_width_percent=&#8220;100%&#8220;][et_pb_column type=&#8220;4_4&#8243; _builder_version=&#8220;3.25&#8243; custom_padding=&#8220;|||&#8220; custom_padding__hover=&#8220;|||&#8220;][et_pb_text module_class=&#8220;h3-footer-headerimage&#8220; _builder_version=&#8220;4.9.0&#8243;]<\/p>\n<h3>Sprachtraining Bergisch Gladbach<\/h3>\n<p>[\/et_pb_text][\/et_pb_column][\/et_pb_row][\/et_pb_section][et_pb_section fb_built=&#8220;1&#8243; _builder_version=&#8220;3.22&#8243; custom_padding=&#8220;0|0px||0px|false|false&#8220;][et_pb_row custom_padding_last_edited=&#8220;on|desktop&#8220; module_id=&#8220;home-content&#8220; _builder_version=&#8220;3.25&#8243; custom_margin=&#8220;||&#8220; custom_margin_tablet=&#8220;&#8220; custom_margin_phone=&#8220;||&#8220; custom_margin_last_edited=&#8220;on|phone&#8220; custom_padding=&#8220;|0px|0|0px|false|false&#8220; custom_padding_tablet=&#8220;&#8220; custom_padding_phone=&#8220;||&#8220; animation_style=&#8220;fade&#8220;][et_pb_column type=&#8220;4_4&#8243; _builder_version=&#8220;3.25&#8243; custom_padding=&#8220;|||&#8220; custom_padding__hover=&#8220;|||&#8220;][et_pb_text _builder_version=&#8220;4.9.0&#8243; text_font=&#8220;||||||||&#8220; animation_style=&#8220;fade&#8220;]<\/p>\n<h1 style=\"text-align: center;\">Sprachtraining in Bergisch Gladbach und Umgebung<\/h1>\n<h2 style=\"text-align: center;\">Translation Center<\/h2>\n<p>[\/et_pb_text][et_pb_divider color=&#8220;#009cde&#8220; divider_weight=&#8220;2px&#8220; _builder_version=&#8220;3.19.15&#8243; max_width=&#8220;60%&#8220; module_alignment=&#8220;center&#8220;][\/et_pb_divider][\/et_pb_column][\/et_pb_row][et_pb_row _builder_version=&#8220;4.9.0&#8243; _module_preset=&#8220;default&#8220; max_width=&#8220;900px&#8220; custom_margin=&#8220;||40px||false|false&#8220; animation_style=&#8220;fade&#8220;][et_pb_column type=&#8220;4_4&#8243; _builder_version=&#8220;4.9.0&#8243; _module_preset=&#8220;default&#8220;][et_pb_text _builder_version=&#8220;4.9.0&#8243; _module_preset=&#8220;default&#8220;]<\/p>\n<p>Mein Sprachenstudium sowie meine langj\u00e4hrige Erfahrung im Bereich Angewandte Linguistik bef\u00e4higt mich dar\u00fcber hinaus, weitere Dienstleistungen im Bereich Sprache anzubieten.<\/p>\n<p>Das hei\u00dft, ich m\u00f6chte Sie in allen Belangen rund um Sprache und Spracherziehung unterst\u00fctzen.<\/p>\n<p>Au\u00dferdem arbeite ich mit verschiedenen freiberuflichen Sprachmittlern zusammen, so dass ich Ihnen mit meinem Netzwerk ein \u201erundumzufrieden\u201c Paket anbieten kann.<\/p>\n<p>[\/et_pb_text][\/et_pb_column][\/et_pb_row][et_pb_row _builder_version=&#8220;4.9.0&#8243; _module_preset=&#8220;default&#8220; max_width=&#8220;900px&#8220; animation_style=&#8220;fade&#8220;][et_pb_column type=&#8220;4_4&#8243; _builder_version=&#8220;4.9.0&#8243; _module_preset=&#8220;default&#8220;][et_pb_accordion module_class=&#8220;accordion-box&#8220; _builder_version=&#8220;4.9.1&#8243; toggle_level=&#8220;h3&#8243; toggle_font=&#8220;||||||||&#8220; body_font=&#8220;||||||||&#8220;][et_pb_accordion_item title=&#8220;01. Sprachenschule&#8220; open=&#8220;on&#8220; icon_color=&#8220;#0c71c3&#8243; _builder_version=&#8220;4.9.0&#8243;]<\/p>\n<p>Wenn Sie einen Sprachlehrer suchen, kann ich Ihnen einen Online-Trainer vermitteln, der Ihnen ma\u00dfgeschneiderten Unterricht geben kann. F\u00fcr jedes Lernziel die passende Unterrichtseinheit, von einfachen Konversations\u00fcbungen bis hin zu hochspezialisierten Grammatik\u00fcbungen.<\/p>\n<p>[\/et_pb_accordion_item][et_pb_accordion_item title=&#8220;02. F\u00fcr Kinder &#8211; spielend Englisch lernen&#8220; icon_color=&#8220;#0c71c3&#8243; _builder_version=&#8220;4.9.0&#8243; open=&#8220;off&#8220;]<\/p>\n<p>Mitunter biete ich f\u00fcr Vorschulgruppen Englische Sing-und Spielnachmittage an. Es ist eine Freude zu sehen, wie gerne Kinder einfach alles nachplappern und die Sprachen f\u00f6rmlich aufsaugen.<\/p>\n<p>Besonders wirkungsvoll kann man spielerisch und ohne \u201eNotendruck\u201c Sprache vermitteln. Es sollte nat\u00fcrlich geschehen und dem Spieltrieb der Kinder entsprechen. Die Kleinen k\u00f6nnen dann zu gro\u00dfen Entdeckern werden und neue Eindr\u00fccke sammeln.<\/p>\n<p>[\/et_pb_accordion_item][et_pb_accordion_item title=&#8220;03. Nachhilfeunterricht&#8220; icon_color=&#8220;#0c71c3&#8243; _builder_version=&#8220;4.9.0&#8243; open=&#8220;off&#8220;]<\/p>\n<p>Wenn Sie auf der Suche nach einem erfahrenen Nachhilfelehrer ab der Klasse 6  sind, k\u00f6nnen wir nach einer f\u00fcr Sie interessanten L\u00f6sung suchen. Ohne Vertragsbindung, aber mit garantiertem Erfolg.<\/p>\n<p>[\/et_pb_accordion_item][et_pb_accordion_item title=&#8220;04. Sprachreisen \/ Erasmusprogramme&#8220; icon_color=&#8220;#0c71c3&#8243; _builder_version=&#8220;4.9.1&#8243; open=&#8220;off&#8220;]<\/p>\n<p>Auslandsaufenthalte und Mehrsprachigkeit unterst\u00fctze ich aus tiefster \u00dcberzeugung. Um dazu beizutragen, dass mehr Sprachreisen gemacht werden, biete ich Ihnen kostenlos die \u00dcbersetzung eines NRW Abiturs ins Englische an. Melden Sie sich hierf\u00fcr gerne bei mir.<\/p>\n<p>Einen exemplarischen Auszug dieser kostenlosen Muster\u00fcbersetzung finden Sie hier:<\/p>\n<p><a href=\"\/wp-content\/uploads\/redaktion\/download\/pdf\/Abitur-Zeugnis-Muster-Leer-EN.pdf\" target=\"_blank\" rel=\"noopener noreferrer\"><strong>\u00bb Exemplar-Abiturzeugnis<\/strong><\/a><\/p>\n<p>[\/et_pb_accordion_item][\/et_pb_accordion][\/et_pb_column][\/et_pb_row][et_pb_row _builder_version=&#8220;4.9.0&#8243; _module_preset=&#8220;default&#8220; width_tablet=&#8220;&#8220; width_phone=&#8220;80%&#8220; width_last_edited=&#8220;on|phone&#8220; max_width=&#8220;900px&#8220; custom_margin=&#8220;||80px||false|false&#8220; custom_margin_tablet=&#8220;&#8220; custom_margin_phone=&#8220;||||false|false&#8220; custom_margin_last_edited=&#8220;on|phone&#8220; animation_style=&#8220;fold&#8220; animation_direction=&#8220;bottom&#8220; animation_duration=&#8220;1500ms&#8220;][et_pb_column type=&#8220;4_4&#8243; _builder_version=&#8220;4.9.0&#8243; _module_preset=&#8220;default&#8220;][et_pb_button button_url=&#8220;\/kontakt&#8220; button_text=&#8220;Sprechen Sie mich bitte auch hierzu gerne an.&#8220; button_alignment=&#8220;center&#8220; _builder_version=&#8220;4.9.2&#8243; _module_preset=&#8220;default&#8220;][\/et_pb_button][\/et_pb_column][\/et_pb_row][\/et_pb_section][et_pb_section fb_built=&#8220;1&#8243; module_class=&#8220;avs-bg-parallax-fullsize-min-height&#8220; _builder_version=&#8220;4.9.4&#8243; background_image=&#8220;https:\/\/www.translation-center.de\/wp-content\/uploads\/img-content-prallax-fachuebersetzungen-koeln.jpg&#8220; parallax=&#8220;on&#8220; parallax_method=&#8220;off&#8220; animation_style=&#8220;fade&#8220; hover_enabled=&#8220;0&#8243; title_text=&#8220;Puzzle Globus auf offenem Buch&#8220; sticky_enabled=&#8220;0&#8243;][et_pb_row disabled_on=&#8220;off|off|off&#8220; module_class=&#8220;avs-bg-parallax-fullsize-1col&#8220; _builder_version=&#8220;4.9.0&#8243; background_color=&#8220;rgba(255,255,255,0.7)&#8220; custom_margin=&#8220;50px||&#8220;][et_pb_column type=&#8220;4_4&#8243; _builder_version=&#8220;3.25&#8243; custom_padding=&#8220;|||&#8220; custom_padding__hover=&#8220;|||&#8220;][et_pb_code _builder_version=&#8220;3.19.15&#8243;]<\/p>\n<div class=\"avs-fa\"><!-- [et_pb_line_break_holder] -->  <i class=\"fas fa-home\"><\/i><!-- [et_pb_line_break_holder] --><\/div>\n<p>[\/et_pb_code][et_pb_text _builder_version=&#8220;4.9.0&#8243;]<\/p>\n<h3 style=\"text-align: center;\">Sprachtraining<\/h3>\n<p>[\/et_pb_text][\/et_pb_column][\/et_pb_row][\/et_pb_section]<\/p>\n","protected":false},"excerpt":{"rendered":"<p>Sprachtraining Bergisch GladbachSprachtraining in Bergisch Gladbach und Umgebung Translation CenterMein Sprachenstudium sowie meine langj\u00e4hrige Erfahrung im Bereich Angewandte Linguistik bef\u00e4higt mich dar\u00fcber hinaus, weitere Dienstleistungen im Bereich Sprache anzubieten. Das hei\u00dft, ich m\u00f6chte Sie in allen Belangen rund um Sprache und Spracherziehung unterst\u00fctzen. Au\u00dferdem arbeite ich mit verschiedenen freiberuflichen Sprachmittlern zusammen, so dass ich Ihnen [&hellip;]<\/p>\n","protected":false},"author":2,"featured_media":0,"parent":0,"menu_order":0,"comment_status":"closed","ping_status":"closed","template":"","meta":{"_et_pb_use_builder":"on","_et_pb_old_content":"","_et_gb_content_width":"","footnotes":""},"class_list":["post-2147","page","type-page","status-publish","hentry"],"yoast_head":"<!-- This site is optimized with the Yoast SEO plugin v27.0 - https:\/\/yoast.com\/product\/yoast-seo-wordpress\/ -->\n<title>Sprachtraining in Bergisch Gladbach - Dienstleistung nach Ma\u00df<\/title>\n<meta name=\"description\" content=\"Sprachtraining in Bergisch Gladbach - bieten individuelles Sprachtraining f\u00fcr den Raum K\u00f6ln, Bergisch Gladbach, Leverkusen und Solingen.\" \/>\n<meta name=\"robots\" content=\"index, follow, max-snippet:-1, max-image-preview:large, max-video-preview:-1\" \/>\n<link rel=\"canonical\" href=\"https:\/\/www.translation-center.de\/de\/sprachtraining-bergisch-gladbach\/\" \/>\n<meta property=\"og:locale\" content=\"de_DE\" \/>\n<meta property=\"og:type\" content=\"article\" \/>\n<meta property=\"og:title\" content=\"Sprachtraining in Bergisch Gladbach - Dienstleistung nach Ma\u00df\" \/>\n<meta property=\"og:description\" content=\"Sprachtraining in Bergisch Gladbach - bieten individuelles Sprachtraining f\u00fcr den Raum K\u00f6ln, Bergisch Gladbach, Leverkusen und Solingen.\" \/>\n<meta property=\"og:url\" content=\"https:\/\/www.translation-center.de\/de\/sprachtraining-bergisch-gladbach\/\" \/>\n<meta property=\"og:site_name\" content=\"Translation Center - \u00dcbersetzungen Bergisch Gladbach\" \/>\n<meta property=\"article:modified_time\" content=\"2021-05-04T08:24:13+00:00\" \/>\n<meta property=\"og:image\" content=\"https:\/\/www.translation-center.de\/wp-content\/uploads\/redaktion\/images\/header\/screen\/img-header-screen-sprachtraining-bergisch-gladbach.jpg\" \/>\n<meta name=\"twitter:card\" content=\"summary_large_image\" \/>\n<meta name=\"twitter:label1\" content=\"Gesch\u00e4tzte Lesezeit\" \/>\n\t<meta name=\"twitter:data1\" content=\"3\u00a0Minuten\" \/>\n<script type=\"application\/ld+json\" class=\"yoast-schema-graph\">{\"@context\":\"https:\/\/schema.org\",\"@graph\":[{\"@type\":\"WebPage\",\"@id\":\"https:\/\/www.translation-center.de\/de\/sprachtraining-bergisch-gladbach\/\",\"url\":\"https:\/\/www.translation-center.de\/de\/sprachtraining-bergisch-gladbach\/\",\"name\":\"Sprachtraining in Bergisch Gladbach - Dienstleistung nach Ma\u00df\",\"isPartOf\":{\"@id\":\"https:\/\/www.translation-center.de\/de\/#website\"},\"datePublished\":\"2019-05-08T07:22:51+00:00\",\"dateModified\":\"2021-05-04T08:24:13+00:00\",\"description\":\"Sprachtraining in Bergisch Gladbach - bieten individuelles Sprachtraining f\u00fcr den Raum K\u00f6ln, Bergisch Gladbach, Leverkusen und Solingen.\",\"breadcrumb\":{\"@id\":\"https:\/\/www.translation-center.de\/de\/sprachtraining-bergisch-gladbach\/#breadcrumb\"},\"inLanguage\":\"de\",\"potentialAction\":[{\"@type\":\"ReadAction\",\"target\":[\"https:\/\/www.translation-center.de\/de\/sprachtraining-bergisch-gladbach\/\"]}]},{\"@type\":\"BreadcrumbList\",\"@id\":\"https:\/\/www.translation-center.de\/de\/sprachtraining-bergisch-gladbach\/#breadcrumb\",\"itemListElement\":[{\"@type\":\"ListItem\",\"position\":1,\"name\":\"Startseite\",\"item\":\"https:\/\/www.translation-center.de\/de\/\"},{\"@type\":\"ListItem\",\"position\":2,\"name\":\"Sprachtraining in Bergisch Gladbach\"}]},{\"@type\":\"WebSite\",\"@id\":\"https:\/\/www.translation-center.de\/de\/#website\",\"url\":\"https:\/\/www.translation-center.de\/de\/\",\"name\":\"Translation Center - \u00dcbersetzungen Bergisch Gladbach\",\"description\":\"Fach\u00fcbersetzung, Dolmetschdienste, Beglaubigte \u00dcbersetzungen\",\"potentialAction\":[{\"@type\":\"SearchAction\",\"target\":{\"@type\":\"EntryPoint\",\"urlTemplate\":\"https:\/\/www.translation-center.de\/de\/?s={search_term_string}\"},\"query-input\":{\"@type\":\"PropertyValueSpecification\",\"valueRequired\":true,\"valueName\":\"search_term_string\"}}],\"inLanguage\":\"de\"}]}<\/script>\n<!-- \/ Yoast SEO plugin. -->","yoast_head_json":{"title":"Sprachtraining in Bergisch Gladbach - Dienstleistung nach Ma\u00df","description":"Sprachtraining in Bergisch Gladbach - bieten individuelles Sprachtraining f\u00fcr den Raum K\u00f6ln, Bergisch Gladbach, Leverkusen und Solingen.","robots":{"index":"index","follow":"follow","max-snippet":"max-snippet:-1","max-image-preview":"max-image-preview:large","max-video-preview":"max-video-preview:-1"},"canonical":"https:\/\/www.translation-center.de\/de\/sprachtraining-bergisch-gladbach\/","og_locale":"de_DE","og_type":"article","og_title":"Sprachtraining in Bergisch Gladbach - Dienstleistung nach Ma\u00df","og_description":"Sprachtraining in Bergisch Gladbach - bieten individuelles Sprachtraining f\u00fcr den Raum K\u00f6ln, Bergisch Gladbach, Leverkusen und Solingen.","og_url":"https:\/\/www.translation-center.de\/de\/sprachtraining-bergisch-gladbach\/","og_site_name":"Translation Center - \u00dcbersetzungen Bergisch Gladbach","article_modified_time":"2021-05-04T08:24:13+00:00","og_image":[{"url":"https:\/\/www.translation-center.de\/wp-content\/uploads\/redaktion\/images\/header\/screen\/img-header-screen-sprachtraining-bergisch-gladbach.jpg","type":"","width":"","height":""}],"twitter_card":"summary_large_image","twitter_misc":{"Gesch\u00e4tzte Lesezeit":"3\u00a0Minuten"},"schema":{"@context":"https:\/\/schema.org","@graph":[{"@type":"WebPage","@id":"https:\/\/www.translation-center.de\/de\/sprachtraining-bergisch-gladbach\/","url":"https:\/\/www.translation-center.de\/de\/sprachtraining-bergisch-gladbach\/","name":"Sprachtraining in Bergisch Gladbach - Dienstleistung nach Ma\u00df","isPartOf":{"@id":"https:\/\/www.translation-center.de\/de\/#website"},"datePublished":"2019-05-08T07:22:51+00:00","dateModified":"2021-05-04T08:24:13+00:00","description":"Sprachtraining in Bergisch Gladbach - bieten individuelles Sprachtraining f\u00fcr den Raum K\u00f6ln, Bergisch Gladbach, Leverkusen und Solingen.","breadcrumb":{"@id":"https:\/\/www.translation-center.de\/de\/sprachtraining-bergisch-gladbach\/#breadcrumb"},"inLanguage":"de","potentialAction":[{"@type":"ReadAction","target":["https:\/\/www.translation-center.de\/de\/sprachtraining-bergisch-gladbach\/"]}]},{"@type":"BreadcrumbList","@id":"https:\/\/www.translation-center.de\/de\/sprachtraining-bergisch-gladbach\/#breadcrumb","itemListElement":[{"@type":"ListItem","position":1,"name":"Startseite","item":"https:\/\/www.translation-center.de\/de\/"},{"@type":"ListItem","position":2,"name":"Sprachtraining in Bergisch Gladbach"}]},{"@type":"WebSite","@id":"https:\/\/www.translation-center.de\/de\/#website","url":"https:\/\/www.translation-center.de\/de\/","name":"Translation Center - \u00dcbersetzungen Bergisch Gladbach","description":"Fach\u00fcbersetzung, Dolmetschdienste, Beglaubigte \u00dcbersetzungen","potentialAction":[{"@type":"SearchAction","target":{"@type":"EntryPoint","urlTemplate":"https:\/\/www.translation-center.de\/de\/?s={search_term_string}"},"query-input":{"@type":"PropertyValueSpecification","valueRequired":true,"valueName":"search_term_string"}}],"inLanguage":"de"}]}},"_links":{"self":[{"href":"https:\/\/www.translation-center.de\/de\/wp-json\/wp\/v2\/pages\/2147","targetHints":{"allow":["GET"]}}],"collection":[{"href":"https:\/\/www.translation-center.de\/de\/wp-json\/wp\/v2\/pages"}],"about":[{"href":"https:\/\/www.translation-center.de\/de\/wp-json\/wp\/v2\/types\/page"}],"author":[{"embeddable":true,"href":"https:\/\/www.translation-center.de\/de\/wp-json\/wp\/v2\/users\/2"}],"replies":[{"embeddable":true,"href":"https:\/\/www.translation-center.de\/de\/wp-json\/wp\/v2\/comments?post=2147"}],"version-history":[{"count":1,"href":"https:\/\/www.translation-center.de\/de\/wp-json\/wp\/v2\/pages\/2147\/revisions"}],"predecessor-version":[{"id":2804,"href":"https:\/\/www.translation-center.de\/de\/wp-json\/wp\/v2\/pages\/2147\/revisions\/2804"}],"wp:attachment":[{"href":"https:\/\/www.translation-center.de\/de\/wp-json\/wp\/v2\/media?parent=2147"}],"curies":[{"name":"wp","href":"https:\/\/api.w.org\/{rel}","templated":true}]}}