{"id":2430,"date":"2021-02-18T08:45:22","date_gmt":"2021-02-18T07:45:22","guid":{"rendered":"https:\/\/translation-center.de\/?page_id=2430"},"modified":"2021-09-03T10:22:35","modified_gmt":"2021-09-03T08:22:35","slug":"bildquellennachweise","status":"publish","type":"page","link":"https:\/\/www.translation-center.de\/de\/bildquellennachweise\/","title":{"rendered":"Bildquellennachweise Translation Center"},"content":{"rendered":"<p>[et_pb_section fb_built=&#8220;1&#8243; fullwidth=&#8220;on&#8220; _builder_version=&#8220;4.9.0&#8243; animation_style=&#8220;fade&#8220; hover_transition_duration=&#8220;1500ms&#8220; hover_transition_speed_curve=&#8220;ease-in-out&#8220;][et_pb_fullwidth_code disabled_on=&#8220;on|on|off&#8220; _builder_version=&#8220;4.9.0&#8243;]<img decoding=\"async\" src=\"\/wp-content\/uploads\/redaktion\/images\/header\/screen\/img-header-screen-impressum-uebersetzungen-bergisch-gladbach.jpg\" alt=\"Bildquellennachweise Translation Center\" \/>[\/et_pb_fullwidth_code][et_pb_fullwidth_code disabled_on=&#8220;off|off|on&#8220; _builder_version=&#8220;4.9.0&#8243;]<img decoding=\"async\" src=\"\/wp-content\/uploads\/redaktion\/images\/header\/tablet\/img-header-tablet-impressum-uebersetzungen-bergisch-gladbach.jpg\" alt=\"Bildquellennachweise Translation Center\" \/>[\/et_pb_fullwidth_code][\/et_pb_section][et_pb_section fb_built=&#8220;1&#8243; _builder_version=&#8220;3.22&#8243; custom_padding=&#8220;0|0px|0|0px|false|false&#8220;][et_pb_row _builder_version=&#8220;3.25&#8243; width=&#8220;100%&#8220; max_width=&#8220;100%&#8220; custom_padding=&#8220;16px|0px|0|0px|false|false&#8220; use_custom_width=&#8220;on&#8220; width_unit=&#8220;off&#8220; custom_width_percent=&#8220;100%&#8220;][et_pb_column type=&#8220;4_4&#8243; _builder_version=&#8220;3.25&#8243; custom_padding=&#8220;|||&#8220; custom_padding__hover=&#8220;|||&#8220;][et_pb_text module_class=&#8220;h3-footer-headerimage&#8220; _builder_version=&#8220;4.9.0&#8243;]<\/p>\n<h3>Bildquellennachweise<\/h3>\n<p>[\/et_pb_text][\/et_pb_column][\/et_pb_row][\/et_pb_section][et_pb_section fb_built=&#8220;1&#8243; _builder_version=&#8220;3.22&#8243; custom_padding=&#8220;0|0px||0px|false|false&#8220;][et_pb_row custom_padding_last_edited=&#8220;on|desktop&#8220; module_id=&#8220;home-content&#8220; _builder_version=&#8220;3.25&#8243; custom_margin=&#8220;||&#8220; custom_margin_tablet=&#8220;&#8220; custom_margin_phone=&#8220;||&#8220; custom_margin_last_edited=&#8220;on|phone&#8220; custom_padding=&#8220;|0px|0|0px|false|false&#8220; custom_padding_tablet=&#8220;&#8220; custom_padding_phone=&#8220;||&#8220; animation_style=&#8220;fade&#8220;][et_pb_column type=&#8220;4_4&#8243; _builder_version=&#8220;3.25&#8243; custom_padding=&#8220;|||&#8220; custom_padding__hover=&#8220;|||&#8220;][et_pb_text _builder_version=&#8220;4.9.0&#8243; text_font=&#8220;||||||||&#8220; border_width_bottom=&#8220;1px&#8220;]<\/p>\n<h2 class=\"h-bottom-line\"><span>Bildquellennachweise | <strong>Translation Center<br \/> <\/strong><\/span><\/h2>\n<p>[\/et_pb_text][\/et_pb_column][\/et_pb_row][et_pb_row _builder_version=&#8220;4.9.2&#8243; custom_margin=&#8220;50px||||false|false&#8220; custom_padding=&#8220;0|0px||0px|false|false&#8220; animation_style=&#8220;fade&#8220;][et_pb_column type=&#8220;4_4&#8243; _builder_version=&#8220;3.25&#8243; custom_padding=&#8220;|||&#8220; custom_padding__hover=&#8220;|||&#8220;][et_pb_code _builder_version=&#8220;4.9.7&#8243; _module_preset=&#8220;default&#8220; hover_enabled=&#8220;0&#8243; sticky_enabled=&#8220;0&#8243;]<\/p>\n<dl class=\"bildquellennachweis inline\"><!-- [et_pb_line_break_holder] --> <!-- [et_pb_line_break_holder] -->\t<\/p>\n<dt><img decoding=\"async\" src=\"\/wp-content\/uploads\/redaktion\/images\/bildquellen\/tumbs\/f-550729.jpg\"><\/dt>\n<p><!-- [et_pb_line_break_holder] -->\t<\/p>\n<dd>\u00a9 pressmaster \u2013 Fotolia.com<\/dd>\n<p><!-- [et_pb_line_break_holder] -->\t<!-- [et_pb_line_break_holder] -->\t<\/p>\n<dt><img decoding=\"async\" src=\"\/wp-content\/uploads\/redaktion\/images\/bildquellen\/tumbs\/f-665539.jpg\"><\/dt>\n<p><!-- [et_pb_line_break_holder] -->\t<\/p>\n<dd>\u00a9 Joachim Wendler \u2013 Fotolia.com<\/dd>\n<p><!-- [et_pb_line_break_holder] --><!-- [et_pb_line_break_holder] -->\t<\/p>\n<dt><img decoding=\"async\" src=\"\/wp-content\/uploads\/redaktion\/images\/bildquellen\/tumbs\/f-380094.jpg\"><\/dt>\n<p><!-- [et_pb_line_break_holder] -->\t<\/p>\n<dd>\u00a9 Modella \u2013 Fotolia.com<\/dd>\n<p><!-- [et_pb_line_break_holder] --><!-- [et_pb_line_break_holder] -->\t<\/p>\n<dt><img decoding=\"async\" src=\"\/wp-content\/uploads\/redaktion\/images\/bildquellen\/tumbs\/f-0216314.jpg\"><\/dt>\n<p><!-- [et_pb_line_break_holder] -->\t<\/p>\n<dd>\u00a9 antic \u2013 Fotolia.com<\/dd>\n<p><!-- [et_pb_line_break_holder] --><!-- [et_pb_line_break_holder] -->\t<\/p>\n<dt><img decoding=\"async\" src=\"\/wp-content\/uploads\/redaktion\/images\/bildquellen\/tumbs\/f-8540082.jpg\"><\/dt>\n<p><!-- [et_pb_line_break_holder] -->\t<\/p>\n<dd>\u00a9 milosducati \u2013 Fotolia.com<\/dd>\n<p><!-- [et_pb_line_break_holder] --><!-- [et_pb_line_break_holder] -->\t<\/p>\n<dt><img decoding=\"async\" src=\"\/wp-content\/uploads\/redaktion\/images\/bildquellen\/tumbs\/f-3611942.jpg\"><\/dt>\n<p><!-- [et_pb_line_break_holder] -->\t<\/p>\n<dd>\u00a9 Syda Productions \u2013 Fotolia.com<\/dd>\n<p><!-- [et_pb_line_break_holder] -->\t\t<!-- [et_pb_line_break_holder] -->\t<\/p>\n<dt><img decoding=\"async\" src=\"\/wp-content\/uploads\/redaktion\/images\/bildquellen\/tumbs\/us-54044.jpg\"><\/dt>\n<p><!-- [et_pb_line_break_holder] -->\t<\/p>\n<dd>\u00a9 jon-tyson \u2013 unsplash.com<\/dd>\n<p>\t<!-- [et_pb_line_break_holder] --><!-- [et_pb_line_break_holder] -->\t<\/p>\n<dt><img decoding=\"async\" src=\"\/wp-content\/uploads\/redaktion\/images\/bildquellen\/tumbs\/pb-1077.jpg\"><\/dt>\n<p><!-- [et_pb_line_break_holder] -->\t<\/p>\n<dd>\u00a9 geralt \u2013 pixabay.com<\/dd>\n<p>\t<!-- [et_pb_line_break_holder] -->\t<!-- [et_pb_line_break_holder] -->\t<\/p>\n<dt><img decoding=\"async\" src=\"\/wp-content\/uploads\/redaktion\/images\/bildquellen\/tumbs\/pb-23859.jpg\"><\/dt>\n<p><!-- [et_pb_line_break_holder] -->\t<\/p>\n<dd>\u00a9 Shutterbug75 \u2013 pixabay.com<\/dd>\n<p>\t\t<!-- [et_pb_line_break_holder] --><!-- [et_pb_line_break_holder] -->\t<\/p>\n<dt><img decoding=\"async\" src=\"\/wp-content\/uploads\/redaktion\/images\/bildquellen\/tumbs\/pb-64643.jpg\"><\/dt>\n<p><!-- [et_pb_line_break_holder] -->\t<\/p>\n<dd>\u00a9 AbsolutVision \u2013 pixabay.com<\/dd>\n<p>\t\t<!-- [et_pb_line_break_holder] -->\t<!-- [et_pb_line_break_holder] -->\t<\/p>\n<dt><img decoding=\"async\" src=\"\/wp-content\/uploads\/redaktion\/images\/bildquellen\/tumbs\/pb-771936.jpg\"><\/dt>\n<p><!-- [et_pb_line_break_holder] -->\t<\/p>\n<dd>\u00a9 libellule789 \u2013 pixabay.com<\/dd>\n<p>\t\t<!-- [et_pb_line_break_holder] -->\t<!-- [et_pb_line_break_holder] -->\t<\/p>\n<dt><img decoding=\"async\" src=\"\/wp-content\/uploads\/redaktion\/images\/bildquellen\/tumbs\/sk-3110011.jpg\"><\/dt>\n<p><!-- [et_pb_line_break_holder] -->\t<\/p>\n<dd>\u00a9 Khakimullin Aleksandr &#8211; shutterstock.com<\/dd>\n<p>\t<!-- [et_pb_line_break_holder] --><!-- [et_pb_line_break_holder] --><\/dl>\n<p><!-- [et_pb_line_break_holder] --><!-- [et_pb_line_break_holder] -->[\/et_pb_code][\/et_pb_column][\/et_pb_row][\/et_pb_section]<\/p>\n","protected":false},"excerpt":{"rendered":"<p>BildquellennachweiseBildquellennachweise | Translation Center<\/p>\n","protected":false},"author":2,"featured_media":0,"parent":0,"menu_order":0,"comment_status":"closed","ping_status":"closed","template":"","meta":{"_et_pb_use_builder":"on","_et_pb_old_content":"","_et_gb_content_width":"","footnotes":""},"class_list":["post-2430","page","type-page","status-publish","hentry"],"yoast_head":"<!-- This site is optimized with the Yoast SEO plugin v27.0 - https:\/\/yoast.com\/product\/yoast-seo-wordpress\/ -->\n<title>Bildquellennachweise Translation Center<\/title>\n<meta name=\"description\" content=\"Bildquellennachweise Translation Center\" \/>\n<meta name=\"robots\" content=\"index, follow, max-snippet:-1, max-image-preview:large, max-video-preview:-1\" \/>\n<link rel=\"canonical\" href=\"https:\/\/www.translation-center.de\/de\/bildquellennachweise\/\" \/>\n<meta property=\"og:locale\" content=\"de_DE\" \/>\n<meta property=\"og:type\" content=\"article\" \/>\n<meta property=\"og:title\" content=\"Bildquellennachweise Translation Center\" \/>\n<meta property=\"og:description\" content=\"Bildquellennachweise Translation Center\" \/>\n<meta property=\"og:url\" content=\"https:\/\/www.translation-center.de\/de\/bildquellennachweise\/\" \/>\n<meta property=\"og:site_name\" content=\"Translation Center - \u00dcbersetzungen Bergisch Gladbach\" \/>\n<meta property=\"article:modified_time\" content=\"2021-09-03T08:22:35+00:00\" \/>\n<meta property=\"og:image\" content=\"https:\/\/www.translation-center.de\/wp-content\/uploads\/redaktion\/images\/header\/screen\/img-header-screen-impressum-uebersetzungen-bergisch-gladbach.jpg\" \/>\n<meta name=\"twitter:card\" content=\"summary_large_image\" \/>\n<meta name=\"twitter:label1\" content=\"Gesch\u00e4tzte Lesezeit\" \/>\n\t<meta name=\"twitter:data1\" content=\"3\u00a0Minuten\" \/>\n<script type=\"application\/ld+json\" class=\"yoast-schema-graph\">{\"@context\":\"https:\/\/schema.org\",\"@graph\":[{\"@type\":\"WebPage\",\"@id\":\"https:\/\/www.translation-center.de\/de\/bildquellennachweise\/\",\"url\":\"https:\/\/www.translation-center.de\/de\/bildquellennachweise\/\",\"name\":\"Bildquellennachweise Translation Center\",\"isPartOf\":{\"@id\":\"https:\/\/www.translation-center.de\/de\/#website\"},\"datePublished\":\"2021-02-18T07:45:22+00:00\",\"dateModified\":\"2021-09-03T08:22:35+00:00\",\"description\":\"Bildquellennachweise Translation Center\",\"breadcrumb\":{\"@id\":\"https:\/\/www.translation-center.de\/de\/bildquellennachweise\/#breadcrumb\"},\"inLanguage\":\"de\",\"potentialAction\":[{\"@type\":\"ReadAction\",\"target\":[\"https:\/\/www.translation-center.de\/de\/bildquellennachweise\/\"]}]},{\"@type\":\"BreadcrumbList\",\"@id\":\"https:\/\/www.translation-center.de\/de\/bildquellennachweise\/#breadcrumb\",\"itemListElement\":[{\"@type\":\"ListItem\",\"position\":1,\"name\":\"Startseite\",\"item\":\"https:\/\/www.translation-center.de\/de\/\"},{\"@type\":\"ListItem\",\"position\":2,\"name\":\"Bildquellennachweise Translation Center\"}]},{\"@type\":\"WebSite\",\"@id\":\"https:\/\/www.translation-center.de\/de\/#website\",\"url\":\"https:\/\/www.translation-center.de\/de\/\",\"name\":\"Translation Center - \u00dcbersetzungen Bergisch Gladbach\",\"description\":\"Fach\u00fcbersetzung, Dolmetschdienste, Beglaubigte \u00dcbersetzungen\",\"potentialAction\":[{\"@type\":\"SearchAction\",\"target\":{\"@type\":\"EntryPoint\",\"urlTemplate\":\"https:\/\/www.translation-center.de\/de\/?s={search_term_string}\"},\"query-input\":{\"@type\":\"PropertyValueSpecification\",\"valueRequired\":true,\"valueName\":\"search_term_string\"}}],\"inLanguage\":\"de\"}]}<\/script>\n<!-- \/ Yoast SEO plugin. -->","yoast_head_json":{"title":"Bildquellennachweise Translation Center","description":"Bildquellennachweise Translation Center","robots":{"index":"index","follow":"follow","max-snippet":"max-snippet:-1","max-image-preview":"max-image-preview:large","max-video-preview":"max-video-preview:-1"},"canonical":"https:\/\/www.translation-center.de\/de\/bildquellennachweise\/","og_locale":"de_DE","og_type":"article","og_title":"Bildquellennachweise Translation Center","og_description":"Bildquellennachweise Translation Center","og_url":"https:\/\/www.translation-center.de\/de\/bildquellennachweise\/","og_site_name":"Translation Center - \u00dcbersetzungen Bergisch Gladbach","article_modified_time":"2021-09-03T08:22:35+00:00","og_image":[{"url":"https:\/\/www.translation-center.de\/wp-content\/uploads\/redaktion\/images\/header\/screen\/img-header-screen-impressum-uebersetzungen-bergisch-gladbach.jpg","type":"","width":"","height":""}],"twitter_card":"summary_large_image","twitter_misc":{"Gesch\u00e4tzte Lesezeit":"3\u00a0Minuten"},"schema":{"@context":"https:\/\/schema.org","@graph":[{"@type":"WebPage","@id":"https:\/\/www.translation-center.de\/de\/bildquellennachweise\/","url":"https:\/\/www.translation-center.de\/de\/bildquellennachweise\/","name":"Bildquellennachweise Translation Center","isPartOf":{"@id":"https:\/\/www.translation-center.de\/de\/#website"},"datePublished":"2021-02-18T07:45:22+00:00","dateModified":"2021-09-03T08:22:35+00:00","description":"Bildquellennachweise Translation Center","breadcrumb":{"@id":"https:\/\/www.translation-center.de\/de\/bildquellennachweise\/#breadcrumb"},"inLanguage":"de","potentialAction":[{"@type":"ReadAction","target":["https:\/\/www.translation-center.de\/de\/bildquellennachweise\/"]}]},{"@type":"BreadcrumbList","@id":"https:\/\/www.translation-center.de\/de\/bildquellennachweise\/#breadcrumb","itemListElement":[{"@type":"ListItem","position":1,"name":"Startseite","item":"https:\/\/www.translation-center.de\/de\/"},{"@type":"ListItem","position":2,"name":"Bildquellennachweise Translation Center"}]},{"@type":"WebSite","@id":"https:\/\/www.translation-center.de\/de\/#website","url":"https:\/\/www.translation-center.de\/de\/","name":"Translation Center - \u00dcbersetzungen Bergisch Gladbach","description":"Fach\u00fcbersetzung, Dolmetschdienste, Beglaubigte \u00dcbersetzungen","potentialAction":[{"@type":"SearchAction","target":{"@type":"EntryPoint","urlTemplate":"https:\/\/www.translation-center.de\/de\/?s={search_term_string}"},"query-input":{"@type":"PropertyValueSpecification","valueRequired":true,"valueName":"search_term_string"}}],"inLanguage":"de"}]}},"_links":{"self":[{"href":"https:\/\/www.translation-center.de\/de\/wp-json\/wp\/v2\/pages\/2430","targetHints":{"allow":["GET"]}}],"collection":[{"href":"https:\/\/www.translation-center.de\/de\/wp-json\/wp\/v2\/pages"}],"about":[{"href":"https:\/\/www.translation-center.de\/de\/wp-json\/wp\/v2\/types\/page"}],"author":[{"embeddable":true,"href":"https:\/\/www.translation-center.de\/de\/wp-json\/wp\/v2\/users\/2"}],"replies":[{"embeddable":true,"href":"https:\/\/www.translation-center.de\/de\/wp-json\/wp\/v2\/comments?post=2430"}],"version-history":[{"count":2,"href":"https:\/\/www.translation-center.de\/de\/wp-json\/wp\/v2\/pages\/2430\/revisions"}],"predecessor-version":[{"id":2817,"href":"https:\/\/www.translation-center.de\/de\/wp-json\/wp\/v2\/pages\/2430\/revisions\/2817"}],"wp:attachment":[{"href":"https:\/\/www.translation-center.de\/de\/wp-json\/wp\/v2\/media?parent=2430"}],"curies":[{"name":"wp","href":"https:\/\/api.w.org\/{rel}","templated":true}]}}