{"id":2439,"date":"2021-02-18T09:02:29","date_gmt":"2021-02-18T08:02:29","guid":{"rendered":"https:\/\/translation-center.de\/?page_id=2439"},"modified":"2021-05-04T10:22:18","modified_gmt":"2021-05-04T08:22:18","slug":"fachuebersetzungen-bergisch-gladbach","status":"publish","type":"page","link":"https:\/\/www.translation-center.de\/de\/fachuebersetzungen-bergisch-gladbach\/","title":{"rendered":"Fach\u00fcbersetzungen Bergisch Gladbach &#8211; \u00dcber mich"},"content":{"rendered":"<p>[et_pb_section fb_built=&#8220;1&#8243; fullwidth=&#8220;on&#8220; _builder_version=&#8220;3.22&#8243; animation_style=&#8220;fade&#8220; hover_transition_duration=&#8220;1500ms&#8220; hover_transition_speed_curve=&#8220;ease-in-out&#8220;][et_pb_fullwidth_code disabled_on=&#8220;on|on|off&#8220; _builder_version=&#8220;4.9.0&#8243;]<img decoding=\"async\" src=\"\/wp-content\/uploads\/redaktion\/images\/header\/screen\/img-header-screen-annelore-schneider-uebersetzungen-bergisch-gladbach.jpg\" alt=\"Fach\u00fcbersetzungen Bergisch Gladbach\" \/>[\/et_pb_fullwidth_code][et_pb_fullwidth_code disabled_on=&#8220;off|off|on&#8220; _builder_version=&#8220;4.9.0&#8243;]<img decoding=\"async\" src=\"\/wp-content\/uploads\/redaktion\/images\/header\/tablet\/img-header-tablet-annelore-schneider-uebersetzungen-bergisch-gladbach.jpg\" alt=\"Fach\u00fcbersetzungen Bergisch Gladbach\" \/>[\/et_pb_fullwidth_code][\/et_pb_section][et_pb_section fb_built=&#8220;1&#8243; _builder_version=&#8220;3.22&#8243; custom_padding=&#8220;0|0px|0|0px|false|false&#8220;][et_pb_row _builder_version=&#8220;3.25&#8243; width=&#8220;100%&#8220; max_width=&#8220;100%&#8220; custom_padding=&#8220;16px|0px|0|0px|false|false&#8220; use_custom_width=&#8220;on&#8220; width_unit=&#8220;off&#8220; custom_width_percent=&#8220;100%&#8220;][et_pb_column type=&#8220;4_4&#8243; _builder_version=&#8220;3.25&#8243; custom_padding=&#8220;|||&#8220; custom_padding__hover=&#8220;|||&#8220;][et_pb_text module_class=&#8220;h3-footer-headerimage&#8220; _builder_version=&#8220;4.9.0&#8243;]<\/p>\n<h3>\u00dcber mich<\/h3>\n<p>[\/et_pb_text][\/et_pb_column][\/et_pb_row][\/et_pb_section][et_pb_section fb_built=&#8220;1&#8243; _builder_version=&#8220;4.9.0&#8243; custom_padding=&#8220;0|0px||0px|false|false&#8220;][et_pb_row custom_padding_last_edited=&#8220;on|desktop&#8220; module_id=&#8220;home-content&#8220; _builder_version=&#8220;4.9.0&#8243; custom_margin=&#8220;||&#8220; custom_margin_tablet=&#8220;&#8220; custom_margin_phone=&#8220;||&#8220; custom_margin_last_edited=&#8220;on|phone&#8220; custom_padding=&#8220;|0px|0|0px|false|false&#8220; custom_padding_tablet=&#8220;&#8220; custom_padding_phone=&#8220;||&#8220; animation_style=&#8220;fade&#8220;][et_pb_column type=&#8220;4_4&#8243; _builder_version=&#8220;3.25&#8243; custom_padding=&#8220;|||&#8220; custom_padding__hover=&#8220;|||&#8220;][et_pb_text _builder_version=&#8220;4.9.0&#8243; text_font=&#8220;||||||||&#8220; animation_style=&#8220;fade&#8220;]<\/p>\n<h1 style=\"text-align: center;\">Fach\u00fcbersetzungen Bergisch Gladbach<\/h1>\n<h2 style=\"text-align: center;\">\u00dcber mich<\/h2>\n<p>[\/et_pb_text][et_pb_divider color=&#8220;#009cde&#8220; divider_weight=&#8220;2px&#8220; _builder_version=&#8220;3.19.15&#8243; max_width=&#8220;60%&#8220; module_alignment=&#8220;center&#8220;][\/et_pb_divider][\/et_pb_column][\/et_pb_row][et_pb_row column_structure=&#8220;1_3,2_3&#8243; use_custom_gutter=&#8220;on&#8220; gutter_width=&#8220;3&#8243; _builder_version=&#8220;4.9.0&#8243; max_width=&#8220;1400px&#8220; custom_margin=&#8220;||80px||false|false&#8220; animation_style=&#8220;fade&#8220;][et_pb_column type=&#8220;1_3&#8243; _builder_version=&#8220;3.25&#8243; custom_padding=&#8220;|||&#8220; custom_padding__hover=&#8220;|||&#8220;][et_pb_image src=&#8220;https:\/\/www.translation-center.de\/wp-content\/uploads\/img-team-annalore-schneider-5.png&#8220; alt=&#8220;Annalore Schneider&#8220; title_text=&#8220;Annalore Schneider&#8220; _builder_version=&#8220;4.9.0&#8243; _module_preset=&#8220;default&#8220;][\/et_pb_image][\/et_pb_column][et_pb_column type=&#8220;2_3&#8243; _builder_version=&#8220;3.25&#8243; custom_padding=&#8220;|||&#8220; custom_padding__hover=&#8220;|||&#8220;][et_pb_text _builder_version=&#8220;4.9.2&#8243; _module_preset=&#8220;default&#8220;]Ich wurde 1965 als Tochter von Purificaci\u00f3n Llorente Palomo und Carlos Zabalza K\u00f6nig in Leverkusen geboren.<\/p>\n<p>Wie man den vielen fremdl\u00e4ndischen Namen entnehmen kann, bin ich ein quasi doppeltes Immigrantenkind.<\/p>\n<p>Mein Gro\u00dfvater war Sprachlehrer an der Berlitz Sprachschule in Madrid und lernte 1918 meine Gro\u00dfmutter in Plauen kennen.<\/p>\n<p>Ich habe mein Studium 1991an der Johannes-Gutenberg-Universit\u00e4t, Mainz, Fachreferat Germersheim absolviert.<\/p>\n<p>Seit einigen Jahren bin ich vor allem als Sprachmittler in Beh\u00f6rden und Institutionen t\u00e4tig.<\/p>\n<p>Dar\u00fcber hinaus gehe ich meiner zweiten gro\u00dfen Leidenschaft nach, n\u00e4mlich der didaktischen Spracherziehung von Kleinkindern.<\/p>\n<p>An dieser Stelle m\u00f6chte ich betonen, wie wichtig es ist, dass Kinder mit multikulturellem Hintergrund auch ihre Muttersprache lernen. Sie profitieren ihr ganzes Leben davon! Nicht nur, dass sie eine zweite Fremdsprache scheinbar m\u00fchelos beherrschen. Sie erweitern ihren Horizont von klein auf. Sie lernen schon fr\u00fch, dass andere L\u00e4nder auch andere Sitten haben. Und auch, dass Sprache ein Schl\u00fcssel zur Verst\u00e4ndigung ist und zum Verst\u00e4ndnis.<\/p>\n<p>Zu einem sp\u00e4teren Zeitpunkt noch eine oder weitere Fremdsprache zu erlernen, f\u00e4llt zweisprachig erzogenen Kindern nachweislich leichter. Es ist also nur zu begr\u00fc\u00dfen, dass Kindern m\u00f6glichst fr\u00fch eine reiche Sprachenvielfalt nahegebracht wird.<\/p>\n<p>Auslandsaufenthalte und Mehrsprachigkeit unterst\u00fctze ich aus tiefster \u00dcberzeugung. Um dazu beizutragen, dass mehr Sprachreisen gemacht werden, biete ich Ihnen kostenlos die \u00dcbersetzung eines NRW Abiturs ins Englische an. Melden Sie sich hierf\u00fcr gerne bei mir.<\/p>\n<p>Einen exemplarischen Auszug dieser kostenlosen Muster\u00fcbersetzung finden Sie hier:<\/p>\n<p><strong><\/strong><\/p>\n<p><a href=\"\/wp-content\/uploads\/redaktion\/download\/pdf\/Abitur-Zeugnis-Muster-Leer-EN.pdf\" target=\"_blank\" rel=\"noopener noreferrer\"><strong>\u00bb Exemplar-Abiturzeugnis<\/strong><\/a>[\/et_pb_text][\/et_pb_column][\/et_pb_row][\/et_pb_section][et_pb_section fb_built=&#8220;1&#8243; module_class=&#8220;avs-bg-parallax-fullsize-min-height&#8220; _builder_version=&#8220;4.9.4&#8243; background_image=&#8220;https:\/\/www.translation-center.de\/wp-content\/uploads\/img-content-prallax-fachuebersetzungen-bergisch-gladbach-1.jpg&#8220; parallax=&#8220;on&#8220; parallax_method=&#8220;off&#8220; animation_style=&#8220;fade&#8220; hover_enabled=&#8220;0&#8243; alt=&#8220;Fach\u00fcbersetzungen Bergisch Gladbach&#8220; title_text=&#8220;Fach\u00fcbersetzungen Bergisch Gladbach&#8220; sticky_enabled=&#8220;0&#8243;][et_pb_row disabled_on=&#8220;off|off|off&#8220; module_class=&#8220;avs-bg-parallax-fullsize-1col&#8220; _builder_version=&#8220;4.9.0&#8243; background_color=&#8220;rgba(255,255,255,0.7)&#8220; custom_margin=&#8220;50px||&#8220;][et_pb_column type=&#8220;4_4&#8243; _builder_version=&#8220;3.25&#8243; custom_padding=&#8220;|||&#8220; custom_padding__hover=&#8220;|||&#8220;][et_pb_code _builder_version=&#8220;4.9.0&#8243;]<\/p>\n<div class=\"avs-fa\"><!-- [et_pb_line_break_holder] -->  <i class=\"fas fa-user\"><\/i><!-- [et_pb_line_break_holder] --><\/div>\n<p>[\/et_pb_code][et_pb_text _builder_version=&#8220;4.9.0&#8243;]<\/p>\n<h3 style=\"text-align: center;\">Fach\u00fcbersetzungen Bergisch Gladbach<\/h3>\n<h3 style=\"text-align: center;\">\u00dcber mich<\/h3>\n<p>[\/et_pb_text][\/et_pb_column][\/et_pb_row][\/et_pb_section]<\/p>\n","protected":false},"excerpt":{"rendered":"<p>\u00dcber michFach\u00fcbersetzungen Bergisch Gladbach \u00dcber michIch wurde 1965 als Tochter von Purificaci\u00f3n Llorente Palomo und Carlos Zabalza K\u00f6nig in Leverkusen geboren. Wie man den vielen fremdl\u00e4ndischen Namen entnehmen kann, bin ich ein quasi doppeltes Immigrantenkind. Mein Gro\u00dfvater war Sprachlehrer an der Berlitz Sprachschule in Madrid und lernte 1918 meine Gro\u00dfmutter in Plauen kennen. Ich habe [&hellip;]<\/p>\n","protected":false},"author":2,"featured_media":0,"parent":0,"menu_order":0,"comment_status":"closed","ping_status":"closed","template":"","meta":{"_et_pb_use_builder":"on","_et_pb_old_content":"","_et_gb_content_width":"","footnotes":""},"class_list":["post-2439","page","type-page","status-publish","hentry"],"yoast_head":"<!-- This site is optimized with the Yoast SEO plugin v27.0 - https:\/\/yoast.com\/product\/yoast-seo-wordpress\/ -->\n<title>Fach\u00fcbersetzungen Bergisch Gladbach - \u00dcber mich<\/title>\n<meta name=\"description\" content=\"Fach\u00fcbersetzungen Bergisch Gladbach - \u00dcber mich. Erfahren Sie mehr \u00fcber Fach\u00fcbersetzungen f\u00fcr K\u00f6ln, Bergisch Gladbach und Leverkusen.\" \/>\n<meta name=\"robots\" content=\"index, follow, max-snippet:-1, max-image-preview:large, max-video-preview:-1\" \/>\n<link rel=\"canonical\" href=\"https:\/\/www.translation-center.de\/de\/fachuebersetzungen-bergisch-gladbach\/\" \/>\n<meta property=\"og:locale\" content=\"de_DE\" \/>\n<meta property=\"og:type\" content=\"article\" \/>\n<meta property=\"og:title\" content=\"Fach\u00fcbersetzungen Bergisch Gladbach - \u00dcber mich\" \/>\n<meta property=\"og:description\" content=\"Fach\u00fcbersetzungen Bergisch Gladbach - \u00dcber mich. Erfahren Sie mehr \u00fcber Fach\u00fcbersetzungen f\u00fcr K\u00f6ln, Bergisch Gladbach und Leverkusen.\" \/>\n<meta property=\"og:url\" content=\"https:\/\/www.translation-center.de\/de\/fachuebersetzungen-bergisch-gladbach\/\" \/>\n<meta property=\"og:site_name\" content=\"Translation Center - \u00dcbersetzungen Bergisch Gladbach\" \/>\n<meta property=\"article:modified_time\" content=\"2021-05-04T08:22:18+00:00\" \/>\n<meta property=\"og:image\" content=\"https:\/\/www.translation-center.de\/wp-content\/uploads\/redaktion\/images\/header\/screen\/img-header-screen-annelore-schneider-uebersetzungen-bergisch-gladbach.jpg\" \/>\n<meta name=\"twitter:card\" content=\"summary_large_image\" \/>\n<meta name=\"twitter:label1\" content=\"Gesch\u00e4tzte Lesezeit\" \/>\n\t<meta name=\"twitter:data1\" content=\"5\u00a0Minuten\" \/>\n<script type=\"application\/ld+json\" class=\"yoast-schema-graph\">{\"@context\":\"https:\/\/schema.org\",\"@graph\":[{\"@type\":\"WebPage\",\"@id\":\"https:\/\/www.translation-center.de\/de\/fachuebersetzungen-bergisch-gladbach\/\",\"url\":\"https:\/\/www.translation-center.de\/de\/fachuebersetzungen-bergisch-gladbach\/\",\"name\":\"Fach\u00fcbersetzungen Bergisch Gladbach - \u00dcber mich\",\"isPartOf\":{\"@id\":\"https:\/\/www.translation-center.de\/de\/#website\"},\"datePublished\":\"2021-02-18T08:02:29+00:00\",\"dateModified\":\"2021-05-04T08:22:18+00:00\",\"description\":\"Fach\u00fcbersetzungen Bergisch Gladbach - \u00dcber mich. Erfahren Sie mehr \u00fcber Fach\u00fcbersetzungen f\u00fcr K\u00f6ln, Bergisch Gladbach und Leverkusen.\",\"breadcrumb\":{\"@id\":\"https:\/\/www.translation-center.de\/de\/fachuebersetzungen-bergisch-gladbach\/#breadcrumb\"},\"inLanguage\":\"de\",\"potentialAction\":[{\"@type\":\"ReadAction\",\"target\":[\"https:\/\/www.translation-center.de\/de\/fachuebersetzungen-bergisch-gladbach\/\"]}]},{\"@type\":\"BreadcrumbList\",\"@id\":\"https:\/\/www.translation-center.de\/de\/fachuebersetzungen-bergisch-gladbach\/#breadcrumb\",\"itemListElement\":[{\"@type\":\"ListItem\",\"position\":1,\"name\":\"Startseite\",\"item\":\"https:\/\/www.translation-center.de\/de\/\"},{\"@type\":\"ListItem\",\"position\":2,\"name\":\"Fach\u00fcbersetzungen Bergisch Gladbach &#8211; \u00dcber mich\"}]},{\"@type\":\"WebSite\",\"@id\":\"https:\/\/www.translation-center.de\/de\/#website\",\"url\":\"https:\/\/www.translation-center.de\/de\/\",\"name\":\"Translation Center - \u00dcbersetzungen Bergisch Gladbach\",\"description\":\"Fach\u00fcbersetzung, Dolmetschdienste, Beglaubigte \u00dcbersetzungen\",\"potentialAction\":[{\"@type\":\"SearchAction\",\"target\":{\"@type\":\"EntryPoint\",\"urlTemplate\":\"https:\/\/www.translation-center.de\/de\/?s={search_term_string}\"},\"query-input\":{\"@type\":\"PropertyValueSpecification\",\"valueRequired\":true,\"valueName\":\"search_term_string\"}}],\"inLanguage\":\"de\"}]}<\/script>\n<!-- \/ Yoast SEO plugin. -->","yoast_head_json":{"title":"Fach\u00fcbersetzungen Bergisch Gladbach - \u00dcber mich","description":"Fach\u00fcbersetzungen Bergisch Gladbach - \u00dcber mich. Erfahren Sie mehr \u00fcber Fach\u00fcbersetzungen f\u00fcr K\u00f6ln, Bergisch Gladbach und Leverkusen.","robots":{"index":"index","follow":"follow","max-snippet":"max-snippet:-1","max-image-preview":"max-image-preview:large","max-video-preview":"max-video-preview:-1"},"canonical":"https:\/\/www.translation-center.de\/de\/fachuebersetzungen-bergisch-gladbach\/","og_locale":"de_DE","og_type":"article","og_title":"Fach\u00fcbersetzungen Bergisch Gladbach - \u00dcber mich","og_description":"Fach\u00fcbersetzungen Bergisch Gladbach - \u00dcber mich. Erfahren Sie mehr \u00fcber Fach\u00fcbersetzungen f\u00fcr K\u00f6ln, Bergisch Gladbach und Leverkusen.","og_url":"https:\/\/www.translation-center.de\/de\/fachuebersetzungen-bergisch-gladbach\/","og_site_name":"Translation Center - \u00dcbersetzungen Bergisch Gladbach","article_modified_time":"2021-05-04T08:22:18+00:00","og_image":[{"url":"https:\/\/www.translation-center.de\/wp-content\/uploads\/redaktion\/images\/header\/screen\/img-header-screen-annelore-schneider-uebersetzungen-bergisch-gladbach.jpg","type":"","width":"","height":""}],"twitter_card":"summary_large_image","twitter_misc":{"Gesch\u00e4tzte Lesezeit":"5\u00a0Minuten"},"schema":{"@context":"https:\/\/schema.org","@graph":[{"@type":"WebPage","@id":"https:\/\/www.translation-center.de\/de\/fachuebersetzungen-bergisch-gladbach\/","url":"https:\/\/www.translation-center.de\/de\/fachuebersetzungen-bergisch-gladbach\/","name":"Fach\u00fcbersetzungen Bergisch Gladbach - \u00dcber mich","isPartOf":{"@id":"https:\/\/www.translation-center.de\/de\/#website"},"datePublished":"2021-02-18T08:02:29+00:00","dateModified":"2021-05-04T08:22:18+00:00","description":"Fach\u00fcbersetzungen Bergisch Gladbach - \u00dcber mich. Erfahren Sie mehr \u00fcber Fach\u00fcbersetzungen f\u00fcr K\u00f6ln, Bergisch Gladbach und Leverkusen.","breadcrumb":{"@id":"https:\/\/www.translation-center.de\/de\/fachuebersetzungen-bergisch-gladbach\/#breadcrumb"},"inLanguage":"de","potentialAction":[{"@type":"ReadAction","target":["https:\/\/www.translation-center.de\/de\/fachuebersetzungen-bergisch-gladbach\/"]}]},{"@type":"BreadcrumbList","@id":"https:\/\/www.translation-center.de\/de\/fachuebersetzungen-bergisch-gladbach\/#breadcrumb","itemListElement":[{"@type":"ListItem","position":1,"name":"Startseite","item":"https:\/\/www.translation-center.de\/de\/"},{"@type":"ListItem","position":2,"name":"Fach\u00fcbersetzungen Bergisch Gladbach &#8211; \u00dcber mich"}]},{"@type":"WebSite","@id":"https:\/\/www.translation-center.de\/de\/#website","url":"https:\/\/www.translation-center.de\/de\/","name":"Translation Center - \u00dcbersetzungen Bergisch Gladbach","description":"Fach\u00fcbersetzung, Dolmetschdienste, Beglaubigte \u00dcbersetzungen","potentialAction":[{"@type":"SearchAction","target":{"@type":"EntryPoint","urlTemplate":"https:\/\/www.translation-center.de\/de\/?s={search_term_string}"},"query-input":{"@type":"PropertyValueSpecification","valueRequired":true,"valueName":"search_term_string"}}],"inLanguage":"de"}]}},"_links":{"self":[{"href":"https:\/\/www.translation-center.de\/de\/wp-json\/wp\/v2\/pages\/2439","targetHints":{"allow":["GET"]}}],"collection":[{"href":"https:\/\/www.translation-center.de\/de\/wp-json\/wp\/v2\/pages"}],"about":[{"href":"https:\/\/www.translation-center.de\/de\/wp-json\/wp\/v2\/types\/page"}],"author":[{"embeddable":true,"href":"https:\/\/www.translation-center.de\/de\/wp-json\/wp\/v2\/users\/2"}],"replies":[{"embeddable":true,"href":"https:\/\/www.translation-center.de\/de\/wp-json\/wp\/v2\/comments?post=2439"}],"version-history":[{"count":2,"href":"https:\/\/www.translation-center.de\/de\/wp-json\/wp\/v2\/pages\/2439\/revisions"}],"predecessor-version":[{"id":2801,"href":"https:\/\/www.translation-center.de\/de\/wp-json\/wp\/v2\/pages\/2439\/revisions\/2801"}],"wp:attachment":[{"href":"https:\/\/www.translation-center.de\/de\/wp-json\/wp\/v2\/media?parent=2439"}],"curies":[{"name":"wp","href":"https:\/\/api.w.org\/{rel}","templated":true}]}}