{"id":2465,"date":"2021-02-18T10:57:09","date_gmt":"2021-02-18T09:57:09","guid":{"rendered":"https:\/\/translation-center.de\/?page_id=2465"},"modified":"2021-05-04T10:24:48","modified_gmt":"2021-05-04T08:24:48","slug":"fachuebersetzungen-beauftragen","status":"publish","type":"page","link":"https:\/\/www.translation-center.de\/de\/fachuebersetzungen-beauftragen\/","title":{"rendered":"Fach\u00fcbersetzungen beauftragen in Bergisch Gladbach"},"content":{"rendered":"<p>[et_pb_section fb_built=&#8220;1&#8243; fullwidth=&#8220;on&#8220; _builder_version=&#8220;3.22&#8243; animation_style=&#8220;fade&#8220; hover_transition_duration=&#8220;1500ms&#8220; hover_transition_speed_curve=&#8220;ease-in-out&#8220;][et_pb_fullwidth_code disabled_on=&#8220;on|on|off&#8220; _builder_version=&#8220;4.9.0&#8243;]<img decoding=\"async\" src=\"\/wp-content\/uploads\/redaktion\/images\/header\/screen\/img-header-screen-fachuebersetzung-beauftragen-bergisch-gladbach.jpg\" alt=\"Fach\u00fcbersetzungen beauftragen\" \/>[\/et_pb_fullwidth_code][et_pb_fullwidth_code disabled_on=&#8220;off|off|on&#8220; _builder_version=&#8220;4.9.0&#8243;]<img decoding=\"async\" src=\"\/wp-content\/uploads\/redaktion\/images\/header\/tablet\/img-header-tablet-fachuebersetzung-beauftragen-bergisch-gladbach.jpg\" alt=\"Fach\u00fcbersetzungen beauftragen\" \/>[\/et_pb_fullwidth_code][\/et_pb_section][et_pb_section fb_built=&#8220;1&#8243; _builder_version=&#8220;3.22&#8243; custom_padding=&#8220;0|0px|0|0px|false|false&#8220;][et_pb_row _builder_version=&#8220;3.25&#8243; width=&#8220;100%&#8220; max_width=&#8220;100%&#8220; custom_padding=&#8220;16px|0px|0|0px|false|false&#8220; use_custom_width=&#8220;on&#8220; width_unit=&#8220;off&#8220; custom_width_percent=&#8220;100%&#8220;][et_pb_column type=&#8220;4_4&#8243; _builder_version=&#8220;3.25&#8243; custom_padding=&#8220;|||&#8220; custom_padding__hover=&#8220;|||&#8220;][et_pb_text module_class=&#8220;h3-footer-headerimage&#8220; _builder_version=&#8220;4.9.0&#8243;]<\/p>\n<h3>Fach\u00fcbersetzungen beauftragen | Bergisch Gladbach<\/h3>\n<p>[\/et_pb_text][\/et_pb_column][\/et_pb_row][\/et_pb_section][et_pb_section fb_built=&#8220;1&#8243; _builder_version=&#8220;3.22&#8243; custom_padding=&#8220;0|0px||0px|false|false&#8220;][et_pb_row custom_padding_last_edited=&#8220;on|desktop&#8220; module_id=&#8220;home-content&#8220; _builder_version=&#8220;4.9.0&#8243; custom_margin=&#8220;||&#8220; custom_margin_tablet=&#8220;&#8220; custom_margin_phone=&#8220;||&#8220; custom_margin_last_edited=&#8220;on|phone&#8220; custom_padding=&#8220;|0px|0|0px|false|false&#8220; custom_padding_tablet=&#8220;&#8220; custom_padding_phone=&#8220;||&#8220; animation_style=&#8220;fade&#8220;][et_pb_column type=&#8220;4_4&#8243; _builder_version=&#8220;3.25&#8243; custom_padding=&#8220;|||&#8220; custom_padding__hover=&#8220;|||&#8220;][et_pb_text _builder_version=&#8220;4.9.0&#8243; text_font=&#8220;||||||||&#8220; animation_style=&#8220;fade&#8220;]<\/p>\n<h1 style=\"text-align: center;\">Fach\u00fcbersetzungen beauftragen<\/h1>\n<h2 style=\"text-align: center;\">Translation Center<\/h2>\n<p>[\/et_pb_text][et_pb_divider color=&#8220;#009cde&#8220; divider_weight=&#8220;2px&#8220; _builder_version=&#8220;3.19.15&#8243; max_width=&#8220;60%&#8220; module_alignment=&#8220;center&#8220;][\/et_pb_divider][\/et_pb_column][\/et_pb_row][et_pb_row use_custom_gutter=&#8220;on&#8220; gutter_width=&#8220;3&#8243; _builder_version=&#8220;4.9.0&#8243; max_width=&#8220;1000px&#8220; animation_style=&#8220;fade&#8220;][et_pb_column type=&#8220;4_4&#8243; _builder_version=&#8220;3.25&#8243; custom_padding=&#8220;|||&#8220; custom_padding__hover=&#8220;|||&#8220;][et_pb_text _builder_version=&#8220;4.9.2&#8243; _module_preset=&#8220;default&#8220;]<\/p>\n<h2>Wie kommt ein Auftrag zustande?<\/h2>\n<p>Wenn Sie eine \u00dcbersetzung in Auftrag geben m\u00f6chten, ist es das Beste, sich in dem <a href=\"\/kontakt\">Formular\/Maske<\/a> kurz mit Ihren Kontaktdaten einzutragen oder mich anzurufen. Ich bin montags bis samstags von 17:00 bis 18:00 Uhr zu erreichen.<\/p>\n<p>Oder Sie schicken mir die gew\u00fcnschte \u00dcbersetzung einfach als Emailanhang oder per Fax, damit ich ein unverbindliches Angebot erstellen kann. Eine Bearbeitung Ihrer Anfrage dauert in der Regel nur einen Werktag. Dies gilt insbesondere f\u00fcr online Anfragen.<\/p>\n<p>Selbstverst\u00e4ndlich bin ich bem\u00fcht, so schnell wie m\u00f6glich f\u00fcr Sie t\u00e4tig zu werden. Ich halte mich gewissenhaft an den vereinbarten Abgabetermin. Auf Wunsch k\u00f6nnen Sie Ihr Dokument vorab elektronisch (als Scan in PDF-Format) erhalten.<\/p>\n<p>[\/et_pb_text][\/et_pb_column][\/et_pb_row][\/et_pb_section][et_pb_section fb_built=&#8220;1&#8243; module_class=&#8220;avs-bg-parallax-fullsize-min-height&#8220; _builder_version=&#8220;4.9.4&#8243; background_image=&#8220;https:\/\/www.translation-center.de\/wp-content\/uploads\/img-content-prallax-fachuebersetzungen-bergisch-gladbach-1.jpg&#8220; parallax=&#8220;on&#8220; parallax_method=&#8220;off&#8220; animation_style=&#8220;fade&#8220; hover_enabled=&#8220;0&#8243; alt=&#8220;Fach\u00fcbersetzungen Bergisch Gladbach&#8220; title_text=&#8220;Fach\u00fcbersetzungen Bergisch Gladbach&#8220; sticky_enabled=&#8220;0&#8243;][et_pb_row disabled_on=&#8220;off|off|off&#8220; module_class=&#8220;avs-bg-parallax-fullsize-1col&#8220; _builder_version=&#8220;4.9.0&#8243; background_color=&#8220;rgba(255,255,255,0.7)&#8220; custom_margin=&#8220;50px||&#8220;][et_pb_column type=&#8220;4_4&#8243; _builder_version=&#8220;3.25&#8243; custom_padding=&#8220;|||&#8220; custom_padding__hover=&#8220;|||&#8220;][et_pb_code _builder_version=&#8220;4.9.0&#8243;]<\/p>\n<div class=\"avs-fa\"><!-- [et_pb_line_break_holder] -->  <i class=\"far fa-file-alt\"><\/i><!-- [et_pb_line_break_holder] --><\/div>\n<p>[\/et_pb_code][et_pb_text _builder_version=&#8220;4.9.0&#8243;]<\/p>\n<h3 style=\"text-align: center;\">Fach\u00fcbersetzungen beauftragen<\/h3>\n<p>[\/et_pb_text][\/et_pb_column][\/et_pb_row][\/et_pb_section]<\/p>\n","protected":false},"excerpt":{"rendered":"<p>Fach\u00fcbersetzungen beauftragen | Bergisch GladbachFach\u00fcbersetzungen beauftragen Translation CenterWie kommt ein Auftrag zustande? Wenn Sie eine \u00dcbersetzung in Auftrag geben m\u00f6chten, ist es das Beste, sich in dem Formular\/Maske kurz mit Ihren Kontaktdaten einzutragen oder mich anzurufen. Ich bin montags bis samstags von 17:00 bis 18:00 Uhr zu erreichen. Oder Sie schicken mir die gew\u00fcnschte \u00dcbersetzung [&hellip;]<\/p>\n","protected":false},"author":2,"featured_media":0,"parent":0,"menu_order":0,"comment_status":"closed","ping_status":"closed","template":"","meta":{"_et_pb_use_builder":"on","_et_pb_old_content":"","_et_gb_content_width":"","footnotes":""},"class_list":["post-2465","page","type-page","status-publish","hentry"],"yoast_head":"<!-- This site is optimized with the Yoast SEO plugin v27.0 - https:\/\/yoast.com\/product\/yoast-seo-wordpress\/ -->\n<title>Fach\u00fcbersetzungen beauftragen in Bergisch Gladbach<\/title>\n<meta name=\"description\" content=\"Fach\u00fcbersetzungen beauftragen in Bergisch Gladbach. Erfahren Sie mehr \u00fcber die Beauftragung und die Angebotserstellung f\u00fcr Fach\u00fcbersetzungen.\" \/>\n<meta name=\"robots\" content=\"index, follow, max-snippet:-1, max-image-preview:large, max-video-preview:-1\" \/>\n<link rel=\"canonical\" href=\"https:\/\/www.translation-center.de\/de\/fachuebersetzungen-beauftragen\/\" \/>\n<meta property=\"og:locale\" content=\"de_DE\" \/>\n<meta property=\"og:type\" content=\"article\" \/>\n<meta property=\"og:title\" content=\"Fach\u00fcbersetzungen beauftragen in Bergisch Gladbach\" \/>\n<meta property=\"og:description\" content=\"Fach\u00fcbersetzungen beauftragen in Bergisch Gladbach. Erfahren Sie mehr \u00fcber die Beauftragung und die Angebotserstellung f\u00fcr Fach\u00fcbersetzungen.\" \/>\n<meta property=\"og:url\" content=\"https:\/\/www.translation-center.de\/de\/fachuebersetzungen-beauftragen\/\" \/>\n<meta property=\"og:site_name\" content=\"Translation Center - \u00dcbersetzungen Bergisch Gladbach\" \/>\n<meta property=\"article:modified_time\" content=\"2021-05-04T08:24:48+00:00\" \/>\n<meta property=\"og:image\" content=\"https:\/\/www.translation-center.de\/wp-content\/uploads\/redaktion\/images\/header\/screen\/img-header-screen-fachuebersetzung-beauftragen-bergisch-gladbach.jpg\" \/>\n<meta name=\"twitter:card\" content=\"summary_large_image\" \/>\n<meta name=\"twitter:label1\" content=\"Gesch\u00e4tzte Lesezeit\" \/>\n\t<meta name=\"twitter:data1\" content=\"4\u00a0Minuten\" \/>\n<script type=\"application\/ld+json\" class=\"yoast-schema-graph\">{\"@context\":\"https:\/\/schema.org\",\"@graph\":[{\"@type\":\"WebPage\",\"@id\":\"https:\/\/www.translation-center.de\/de\/fachuebersetzungen-beauftragen\/\",\"url\":\"https:\/\/www.translation-center.de\/de\/fachuebersetzungen-beauftragen\/\",\"name\":\"Fach\u00fcbersetzungen beauftragen in Bergisch Gladbach\",\"isPartOf\":{\"@id\":\"https:\/\/www.translation-center.de\/de\/#website\"},\"datePublished\":\"2021-02-18T09:57:09+00:00\",\"dateModified\":\"2021-05-04T08:24:48+00:00\",\"description\":\"Fach\u00fcbersetzungen beauftragen in Bergisch Gladbach. Erfahren Sie mehr \u00fcber die Beauftragung und die Angebotserstellung f\u00fcr Fach\u00fcbersetzungen.\",\"breadcrumb\":{\"@id\":\"https:\/\/www.translation-center.de\/de\/fachuebersetzungen-beauftragen\/#breadcrumb\"},\"inLanguage\":\"de\",\"potentialAction\":[{\"@type\":\"ReadAction\",\"target\":[\"https:\/\/www.translation-center.de\/de\/fachuebersetzungen-beauftragen\/\"]}]},{\"@type\":\"BreadcrumbList\",\"@id\":\"https:\/\/www.translation-center.de\/de\/fachuebersetzungen-beauftragen\/#breadcrumb\",\"itemListElement\":[{\"@type\":\"ListItem\",\"position\":1,\"name\":\"Startseite\",\"item\":\"https:\/\/www.translation-center.de\/de\/\"},{\"@type\":\"ListItem\",\"position\":2,\"name\":\"Fach\u00fcbersetzungen beauftragen in Bergisch Gladbach\"}]},{\"@type\":\"WebSite\",\"@id\":\"https:\/\/www.translation-center.de\/de\/#website\",\"url\":\"https:\/\/www.translation-center.de\/de\/\",\"name\":\"Translation Center - \u00dcbersetzungen Bergisch Gladbach\",\"description\":\"Fach\u00fcbersetzung, Dolmetschdienste, Beglaubigte \u00dcbersetzungen\",\"potentialAction\":[{\"@type\":\"SearchAction\",\"target\":{\"@type\":\"EntryPoint\",\"urlTemplate\":\"https:\/\/www.translation-center.de\/de\/?s={search_term_string}\"},\"query-input\":{\"@type\":\"PropertyValueSpecification\",\"valueRequired\":true,\"valueName\":\"search_term_string\"}}],\"inLanguage\":\"de\"}]}<\/script>\n<!-- \/ Yoast SEO plugin. -->","yoast_head_json":{"title":"Fach\u00fcbersetzungen beauftragen in Bergisch Gladbach","description":"Fach\u00fcbersetzungen beauftragen in Bergisch Gladbach. Erfahren Sie mehr \u00fcber die Beauftragung und die Angebotserstellung f\u00fcr Fach\u00fcbersetzungen.","robots":{"index":"index","follow":"follow","max-snippet":"max-snippet:-1","max-image-preview":"max-image-preview:large","max-video-preview":"max-video-preview:-1"},"canonical":"https:\/\/www.translation-center.de\/de\/fachuebersetzungen-beauftragen\/","og_locale":"de_DE","og_type":"article","og_title":"Fach\u00fcbersetzungen beauftragen in Bergisch Gladbach","og_description":"Fach\u00fcbersetzungen beauftragen in Bergisch Gladbach. Erfahren Sie mehr \u00fcber die Beauftragung und die Angebotserstellung f\u00fcr Fach\u00fcbersetzungen.","og_url":"https:\/\/www.translation-center.de\/de\/fachuebersetzungen-beauftragen\/","og_site_name":"Translation Center - \u00dcbersetzungen Bergisch Gladbach","article_modified_time":"2021-05-04T08:24:48+00:00","og_image":[{"url":"https:\/\/www.translation-center.de\/wp-content\/uploads\/redaktion\/images\/header\/screen\/img-header-screen-fachuebersetzung-beauftragen-bergisch-gladbach.jpg","type":"","width":"","height":""}],"twitter_card":"summary_large_image","twitter_misc":{"Gesch\u00e4tzte Lesezeit":"4\u00a0Minuten"},"schema":{"@context":"https:\/\/schema.org","@graph":[{"@type":"WebPage","@id":"https:\/\/www.translation-center.de\/de\/fachuebersetzungen-beauftragen\/","url":"https:\/\/www.translation-center.de\/de\/fachuebersetzungen-beauftragen\/","name":"Fach\u00fcbersetzungen beauftragen in Bergisch Gladbach","isPartOf":{"@id":"https:\/\/www.translation-center.de\/de\/#website"},"datePublished":"2021-02-18T09:57:09+00:00","dateModified":"2021-05-04T08:24:48+00:00","description":"Fach\u00fcbersetzungen beauftragen in Bergisch Gladbach. Erfahren Sie mehr \u00fcber die Beauftragung und die Angebotserstellung f\u00fcr Fach\u00fcbersetzungen.","breadcrumb":{"@id":"https:\/\/www.translation-center.de\/de\/fachuebersetzungen-beauftragen\/#breadcrumb"},"inLanguage":"de","potentialAction":[{"@type":"ReadAction","target":["https:\/\/www.translation-center.de\/de\/fachuebersetzungen-beauftragen\/"]}]},{"@type":"BreadcrumbList","@id":"https:\/\/www.translation-center.de\/de\/fachuebersetzungen-beauftragen\/#breadcrumb","itemListElement":[{"@type":"ListItem","position":1,"name":"Startseite","item":"https:\/\/www.translation-center.de\/de\/"},{"@type":"ListItem","position":2,"name":"Fach\u00fcbersetzungen beauftragen in Bergisch Gladbach"}]},{"@type":"WebSite","@id":"https:\/\/www.translation-center.de\/de\/#website","url":"https:\/\/www.translation-center.de\/de\/","name":"Translation Center - \u00dcbersetzungen Bergisch Gladbach","description":"Fach\u00fcbersetzung, Dolmetschdienste, Beglaubigte \u00dcbersetzungen","potentialAction":[{"@type":"SearchAction","target":{"@type":"EntryPoint","urlTemplate":"https:\/\/www.translation-center.de\/de\/?s={search_term_string}"},"query-input":{"@type":"PropertyValueSpecification","valueRequired":true,"valueName":"search_term_string"}}],"inLanguage":"de"}]}},"_links":{"self":[{"href":"https:\/\/www.translation-center.de\/de\/wp-json\/wp\/v2\/pages\/2465","targetHints":{"allow":["GET"]}}],"collection":[{"href":"https:\/\/www.translation-center.de\/de\/wp-json\/wp\/v2\/pages"}],"about":[{"href":"https:\/\/www.translation-center.de\/de\/wp-json\/wp\/v2\/types\/page"}],"author":[{"embeddable":true,"href":"https:\/\/www.translation-center.de\/de\/wp-json\/wp\/v2\/users\/2"}],"replies":[{"embeddable":true,"href":"https:\/\/www.translation-center.de\/de\/wp-json\/wp\/v2\/comments?post=2465"}],"version-history":[{"count":1,"href":"https:\/\/www.translation-center.de\/de\/wp-json\/wp\/v2\/pages\/2465\/revisions"}],"predecessor-version":[{"id":2805,"href":"https:\/\/www.translation-center.de\/de\/wp-json\/wp\/v2\/pages\/2465\/revisions\/2805"}],"wp:attachment":[{"href":"https:\/\/www.translation-center.de\/de\/wp-json\/wp\/v2\/media?parent=2465"}],"curies":[{"name":"wp","href":"https:\/\/api.w.org\/{rel}","templated":true}]}}