{"id":2472,"date":"2021-02-18T11:11:40","date_gmt":"2021-02-18T10:11:40","guid":{"rendered":"https:\/\/translation-center.de\/?page_id=2472"},"modified":"2021-05-04T10:25:19","modified_gmt":"2021-05-04T08:25:19","slug":"preise-fuer-uebersetzungen","status":"publish","type":"page","link":"https:\/\/www.translation-center.de\/de\/preise-fuer-uebersetzungen\/","title":{"rendered":"Preise f\u00fcr \u00dcbersetzungen in Bergisch Gladbach"},"content":{"rendered":"<p>[et_pb_section fb_built=&#8220;1&#8243; fullwidth=&#8220;on&#8220; _builder_version=&#8220;3.22&#8243; animation_style=&#8220;fade&#8220; hover_transition_duration=&#8220;1500ms&#8220; hover_transition_speed_curve=&#8220;ease-in-out&#8220;][et_pb_fullwidth_code disabled_on=&#8220;on|on|off&#8220; _builder_version=&#8220;4.9.0&#8243;]<img decoding=\"async\" src=\"\/wp-content\/uploads\/redaktion\/images\/header\/screen\/img-header-screen-preise-fuer-uebersetzungen-bergisch-gladbach.jpg\" alt=\"Preise f\u00fcr \u00dcbersetzungen in Bergisch Gladbach\" \/>[\/et_pb_fullwidth_code][et_pb_fullwidth_code disabled_on=&#8220;off|off|on&#8220; _builder_version=&#8220;4.9.0&#8243;]<img decoding=\"async\" src=\"\/wp-content\/uploads\/redaktion\/images\/header\/tablet\/img-header-tablet-preise-fuer-uebersetzungen-bergisch-gladbach.jpg\" alt=\"Preise f\u00fcr \u00dcbersetzungen in Bergisch Gladbach\" \/>[\/et_pb_fullwidth_code][\/et_pb_section][et_pb_section fb_built=&#8220;1&#8243; _builder_version=&#8220;3.22&#8243; custom_padding=&#8220;0|0px|0|0px|false|false&#8220;][et_pb_row _builder_version=&#8220;3.25&#8243; width=&#8220;100%&#8220; max_width=&#8220;100%&#8220; custom_padding=&#8220;16px|0px|0|0px|false|false&#8220; use_custom_width=&#8220;on&#8220; width_unit=&#8220;off&#8220; custom_width_percent=&#8220;100%&#8220;][et_pb_column type=&#8220;4_4&#8243; _builder_version=&#8220;3.25&#8243; custom_padding=&#8220;|||&#8220; custom_padding__hover=&#8220;|||&#8220;][et_pb_text module_class=&#8220;h3-footer-headerimage&#8220; _builder_version=&#8220;4.9.0&#8243;]<\/p>\n<h3>Preise f\u00fcr \u00dcbersetzungen | Bergisch Gladbach<\/h3>\n<p>[\/et_pb_text][\/et_pb_column][\/et_pb_row][\/et_pb_section][et_pb_section fb_built=&#8220;1&#8243; _builder_version=&#8220;3.22&#8243; custom_padding=&#8220;0|0px||0px|false|false&#8220;][et_pb_row custom_padding_last_edited=&#8220;on|desktop&#8220; module_id=&#8220;home-content&#8220; _builder_version=&#8220;4.9.0&#8243; custom_margin=&#8220;||&#8220; custom_margin_tablet=&#8220;&#8220; custom_margin_phone=&#8220;||&#8220; custom_margin_last_edited=&#8220;on|phone&#8220; custom_padding=&#8220;|0px|0|0px|false|false&#8220; custom_padding_tablet=&#8220;&#8220; custom_padding_phone=&#8220;||&#8220; animation_style=&#8220;fade&#8220;][et_pb_column type=&#8220;4_4&#8243; _builder_version=&#8220;3.25&#8243; custom_padding=&#8220;|||&#8220; custom_padding__hover=&#8220;|||&#8220;][et_pb_text _builder_version=&#8220;4.9.0&#8243; text_font=&#8220;||||||||&#8220; animation_style=&#8220;fade&#8220;]<\/p>\n<h1 style=\"text-align: center;\">Preise f\u00fcr \u00dcbersetzungen, Beglaubigungen und Dolmetscherdienste<\/h1>\n<h2 style=\"text-align: center;\">Translation Center<\/h2>\n<p>[\/et_pb_text][et_pb_divider color=&#8220;#009cde&#8220; divider_weight=&#8220;2px&#8220; _builder_version=&#8220;3.19.15&#8243; max_width=&#8220;60%&#8220; module_alignment=&#8220;center&#8220;][\/et_pb_divider][\/et_pb_column][\/et_pb_row][et_pb_row use_custom_gutter=&#8220;on&#8220; gutter_width=&#8220;3&#8243; _builder_version=&#8220;4.9.0&#8243; max_width=&#8220;1000px&#8220; custom_margin=&#8220;||80px||false|false&#8220; animation_style=&#8220;fade&#8220;][et_pb_column type=&#8220;4_4&#8243; _builder_version=&#8220;3.25&#8243; custom_padding=&#8220;|||&#8220; custom_padding__hover=&#8220;|||&#8220;][et_pb_text _builder_version=&#8220;4.9.0&#8243; _module_preset=&#8220;default&#8220;]<\/p>\n<p style=\"text-align: center;\"><strong>Faire Preise f\u00fcr fachlich einwandfreie \u00dcbersetzungen \u2013 bei Bedarf mit Beglaubigung.<\/strong><\/p>\n<p>Auch wenn Ihr \u00dcbersetzungsvolumen auf den ersten Blick schier uferlos erscheint, finden wir bestimmt die preisg\u00fcnstige L\u00f6sung f\u00fcr Sie. Ich setze mich immer daf\u00fcr ein, dass Sie mit Ihren \u201eSprachproblemen\u201c nicht allein gelassen werden.<\/p>\n<p>&nbsp;<\/p>\n<p><strong>Meine Maxime ist absolute Transparenz! Es kommen keine versteckten Zusatzkosten auf Sie zu! <\/strong>Allerdings gibt es so viele unterschiedliche Dokumente, die sozusagen in \u201eHandarbeit\u201c erstellt werden m\u00fcssen, dass ich Ihnen nur ein jeweils auf Ihre speziellen Bed\u00fcrfnisse angepasstes Angebot unterbreiten kann. Sprechen Sie mich gerne an. Jede Anfrage wird vertraulich behandelt und ist f\u00fcr Sie vollkommen unverbindlich.<\/p>\n<p>Die nachfolgenden \u00dcbersetzungen kann ich Ihnen zu Festpreisen anbieten. Bitte verstehen Sie diese nur als Orientierung:<\/p>\n<ul>\n<li><strong>Abiturzeugnis<\/strong> (Deutsch \u2013 Englisch\/ Spanisch): <strong>95,00 \u20ac inkl. Mwst.<\/strong><\/li>\n<li><strong>Polizeiliche F\u00fchrungszeugnis<\/strong> ohne Eintragungen (Deutsch \u2013 Englisch\/ Spanisch): <strong>42,00 \u20ac inkl. Mwst.<\/strong><\/li>\n<li><strong>Einb\u00fcrgerungszusicherung<\/strong>: Deutsch\/ Englisch: <strong>40,00 \u20ac inkl. Mwst.<\/strong><\/li>\n<\/ul>\n<p><strong><\/strong><\/p>\n<p><strong>Die \u00dcbersetzungsarbeit wird erst nach Ihrer Freigabe in Rechnung gestellt. Ich arbeite streng nach den Norm-Kriterien. <\/strong><\/p>\n<p><strong><\/strong><\/p>\n<h2>\u00dcbersetzungsvolumen Rabattpreise<\/h2>\n<p>Bei umfangreichen Auftr\u00e4gen erhalten Sie  nach Ihrem Erstauftrag einen Rabatt von 5 % auf den Gesamtpreis. Das gleiche gilt auch f\u00fcr Weitervermittlung. Empfehlen Sie mich weiter und ich r\u00e4ume Ihnen einen Rabatt ein.<\/p>\n<p>Besonders h\u00e4ufig fragen Kunden nach der \u00dcbersetzung einer Meldebescheinigung, Aufenthaltsbescheinigung, Geburtsurkunde, Ehef\u00e4higkeitszeugnis, Heiratsurkunde,  Testament, Erbschein, Nachlass, Scheidungsurkunde, Einb\u00fcrgerungszusicherung, Diebstahl- und Verlustanzeige, Rentenbescheid, F\u00fchrungszeugnis , Schulzeugnis, Arbeitszeugnis, Studienbescheinigung, Diplom, Kaufvertrag,  Apostille, Vollmacht und \u00e4hnliches.<\/p>\n<p>Gerne unterbreite ich Ihnen unverbindliche, attraktive Angebote f\u00fcr die \u00dcbersetzung weiterer Dokumente als \u201eGesamtpaket\u201c. Das gilt insbesondere f\u00fcr Ihre Bewerbungsunterlagen mit  F\u00fchrungszeugnis, Arbeitszeugnis, Empfehlungsschreiben oder Urkunden wie Bachelor- oder Masterdiplom.<\/p>\n<p><strong><\/strong><\/p>\n<h2>Wie teuer ist ein Dolmetscherdienst?<\/h2>\n<p>Das Honorar eines Dolmetschers h\u00e4ngt von verschiedenen Faktoren ab. So ist hierbei zu ber\u00fccksichtigen, mit welchen Sprachen gearbeitet werden soll und wo der Einsatz stattfindet. Gerne biete ich Ihnen ein unverbindliches Angebot an. Kontaktieren Sie mich hierzu bitte mit gen\u00fcgend Vorlauf, um gegebenenfalls Kollegen vor Ort ansprechen zu k\u00f6nnen und somit Kosten einzusparen. Ich arbeite mit einem internationalen Netzwerk von erfahrenen Profis zusammen.<\/p>\n<p>[\/et_pb_text][\/et_pb_column][\/et_pb_row][\/et_pb_section][et_pb_section fb_built=&#8220;1&#8243; module_class=&#8220;avs-bg-parallax-fullsize-min-height&#8220; _builder_version=&#8220;4.9.4&#8243; background_image=&#8220;https:\/\/www.translation-center.de\/wp-content\/uploads\/img-content-prallax-fachuebersetzungen-bergisch-gladbach-1.jpg&#8220; parallax=&#8220;on&#8220; parallax_method=&#8220;off&#8220; animation_style=&#8220;fade&#8220; hover_enabled=&#8220;0&#8243; alt=&#8220;Fach\u00fcbersetzungen Bergisch Gladbach&#8220; title_text=&#8220;Fach\u00fcbersetzungen Bergisch Gladbach&#8220; sticky_enabled=&#8220;0&#8243;][et_pb_row disabled_on=&#8220;off|off|off&#8220; module_class=&#8220;avs-bg-parallax-fullsize-1col&#8220; _builder_version=&#8220;4.9.0&#8243; background_color=&#8220;rgba(255,255,255,0.7)&#8220; custom_margin=&#8220;50px||&#8220;][et_pb_column type=&#8220;4_4&#8243; _builder_version=&#8220;3.25&#8243; custom_padding=&#8220;|||&#8220; custom_padding__hover=&#8220;|||&#8220;][et_pb_code _builder_version=&#8220;4.9.0&#8243;]<\/p>\n<div class=\"avs-fa\"><!-- [et_pb_line_break_holder] -->  <i class=\"fas fa-money-bill-wave\"><\/i><!-- [et_pb_line_break_holder] --><\/div>\n<p>[\/et_pb_code][et_pb_text _builder_version=&#8220;4.9.0&#8243;]<\/p>\n<h3 style=\"text-align: center;\">Preise f\u00fcr \u00dcbersetzungen, Beglaubigungen und Dolmetscherdienste<\/h3>\n<p>[\/et_pb_text][\/et_pb_column][\/et_pb_row][\/et_pb_section]<\/p>\n","protected":false},"excerpt":{"rendered":"<p>Preise f\u00fcr \u00dcbersetzungen | Bergisch GladbachPreise f\u00fcr \u00dcbersetzungen, Beglaubigungen und Dolmetscherdienste Translation CenterFaire Preise f\u00fcr fachlich einwandfreie \u00dcbersetzungen \u2013 bei Bedarf mit Beglaubigung. Auch wenn Ihr \u00dcbersetzungsvolumen auf den ersten Blick schier uferlos erscheint, finden wir bestimmt die preisg\u00fcnstige L\u00f6sung f\u00fcr Sie. Ich setze mich immer daf\u00fcr ein, dass Sie mit Ihren \u201eSprachproblemen\u201c nicht allein [&hellip;]<\/p>\n","protected":false},"author":2,"featured_media":0,"parent":0,"menu_order":0,"comment_status":"closed","ping_status":"closed","template":"","meta":{"_et_pb_use_builder":"on","_et_pb_old_content":"","_et_gb_content_width":"","footnotes":""},"class_list":["post-2472","page","type-page","status-publish","hentry"],"yoast_head":"<!-- This site is optimized with the Yoast SEO plugin v27.0 - https:\/\/yoast.com\/product\/yoast-seo-wordpress\/ -->\n<title>Preise f\u00fcr \u00dcbersetzungen in Bergisch Gladbach - transparent und fair<\/title>\n<meta name=\"description\" content=\"Preise f\u00fcr \u00dcbersetzungen in Bergisch Gladbach. Meine transparente und faire Preisgestaltung f\u00fcr Fach\u00fcbersetzungen und Beglaubigungen.\" \/>\n<meta name=\"robots\" content=\"index, follow, max-snippet:-1, max-image-preview:large, max-video-preview:-1\" \/>\n<link rel=\"canonical\" href=\"https:\/\/www.translation-center.de\/de\/preise-fuer-uebersetzungen\/\" \/>\n<meta property=\"og:locale\" content=\"de_DE\" \/>\n<meta property=\"og:type\" content=\"article\" \/>\n<meta property=\"og:title\" content=\"Preise f\u00fcr \u00dcbersetzungen in Bergisch Gladbach - transparent und fair\" \/>\n<meta property=\"og:description\" content=\"Preise f\u00fcr \u00dcbersetzungen in Bergisch Gladbach. Meine transparente und faire Preisgestaltung f\u00fcr Fach\u00fcbersetzungen und Beglaubigungen.\" \/>\n<meta property=\"og:url\" content=\"https:\/\/www.translation-center.de\/de\/preise-fuer-uebersetzungen\/\" \/>\n<meta property=\"og:site_name\" content=\"Translation Center - \u00dcbersetzungen Bergisch Gladbach\" \/>\n<meta property=\"article:modified_time\" content=\"2021-05-04T08:25:19+00:00\" \/>\n<meta property=\"og:image\" content=\"https:\/\/www.translation-center.de\/wp-content\/uploads\/redaktion\/images\/header\/screen\/img-header-screen-preise-fuer-uebersetzungen-bergisch-gladbach.jpg\" \/>\n<meta name=\"twitter:card\" content=\"summary_large_image\" \/>\n<meta name=\"twitter:label1\" content=\"Gesch\u00e4tzte Lesezeit\" \/>\n\t<meta name=\"twitter:data1\" content=\"3\u00a0Minuten\" \/>\n<script type=\"application\/ld+json\" class=\"yoast-schema-graph\">{\"@context\":\"https:\/\/schema.org\",\"@graph\":[{\"@type\":\"WebPage\",\"@id\":\"https:\/\/www.translation-center.de\/de\/preise-fuer-uebersetzungen\/\",\"url\":\"https:\/\/www.translation-center.de\/de\/preise-fuer-uebersetzungen\/\",\"name\":\"Preise f\u00fcr \u00dcbersetzungen in Bergisch Gladbach - transparent und fair\",\"isPartOf\":{\"@id\":\"https:\/\/www.translation-center.de\/de\/#website\"},\"datePublished\":\"2021-02-18T10:11:40+00:00\",\"dateModified\":\"2021-05-04T08:25:19+00:00\",\"description\":\"Preise f\u00fcr \u00dcbersetzungen in Bergisch Gladbach. Meine transparente und faire Preisgestaltung f\u00fcr Fach\u00fcbersetzungen und Beglaubigungen.\",\"breadcrumb\":{\"@id\":\"https:\/\/www.translation-center.de\/de\/preise-fuer-uebersetzungen\/#breadcrumb\"},\"inLanguage\":\"de\",\"potentialAction\":[{\"@type\":\"ReadAction\",\"target\":[\"https:\/\/www.translation-center.de\/de\/preise-fuer-uebersetzungen\/\"]}]},{\"@type\":\"BreadcrumbList\",\"@id\":\"https:\/\/www.translation-center.de\/de\/preise-fuer-uebersetzungen\/#breadcrumb\",\"itemListElement\":[{\"@type\":\"ListItem\",\"position\":1,\"name\":\"Startseite\",\"item\":\"https:\/\/www.translation-center.de\/de\/\"},{\"@type\":\"ListItem\",\"position\":2,\"name\":\"Preise f\u00fcr \u00dcbersetzungen in Bergisch Gladbach\"}]},{\"@type\":\"WebSite\",\"@id\":\"https:\/\/www.translation-center.de\/de\/#website\",\"url\":\"https:\/\/www.translation-center.de\/de\/\",\"name\":\"Translation Center - \u00dcbersetzungen Bergisch Gladbach\",\"description\":\"Fach\u00fcbersetzung, Dolmetschdienste, Beglaubigte \u00dcbersetzungen\",\"potentialAction\":[{\"@type\":\"SearchAction\",\"target\":{\"@type\":\"EntryPoint\",\"urlTemplate\":\"https:\/\/www.translation-center.de\/de\/?s={search_term_string}\"},\"query-input\":{\"@type\":\"PropertyValueSpecification\",\"valueRequired\":true,\"valueName\":\"search_term_string\"}}],\"inLanguage\":\"de\"}]}<\/script>\n<!-- \/ Yoast SEO plugin. -->","yoast_head_json":{"title":"Preise f\u00fcr \u00dcbersetzungen in Bergisch Gladbach - transparent und fair","description":"Preise f\u00fcr \u00dcbersetzungen in Bergisch Gladbach. Meine transparente und faire Preisgestaltung f\u00fcr Fach\u00fcbersetzungen und Beglaubigungen.","robots":{"index":"index","follow":"follow","max-snippet":"max-snippet:-1","max-image-preview":"max-image-preview:large","max-video-preview":"max-video-preview:-1"},"canonical":"https:\/\/www.translation-center.de\/de\/preise-fuer-uebersetzungen\/","og_locale":"de_DE","og_type":"article","og_title":"Preise f\u00fcr \u00dcbersetzungen in Bergisch Gladbach - transparent und fair","og_description":"Preise f\u00fcr \u00dcbersetzungen in Bergisch Gladbach. Meine transparente und faire Preisgestaltung f\u00fcr Fach\u00fcbersetzungen und Beglaubigungen.","og_url":"https:\/\/www.translation-center.de\/de\/preise-fuer-uebersetzungen\/","og_site_name":"Translation Center - \u00dcbersetzungen Bergisch Gladbach","article_modified_time":"2021-05-04T08:25:19+00:00","og_image":[{"url":"https:\/\/www.translation-center.de\/wp-content\/uploads\/redaktion\/images\/header\/screen\/img-header-screen-preise-fuer-uebersetzungen-bergisch-gladbach.jpg","type":"","width":"","height":""}],"twitter_card":"summary_large_image","twitter_misc":{"Gesch\u00e4tzte Lesezeit":"3\u00a0Minuten"},"schema":{"@context":"https:\/\/schema.org","@graph":[{"@type":"WebPage","@id":"https:\/\/www.translation-center.de\/de\/preise-fuer-uebersetzungen\/","url":"https:\/\/www.translation-center.de\/de\/preise-fuer-uebersetzungen\/","name":"Preise f\u00fcr \u00dcbersetzungen in Bergisch Gladbach - transparent und fair","isPartOf":{"@id":"https:\/\/www.translation-center.de\/de\/#website"},"datePublished":"2021-02-18T10:11:40+00:00","dateModified":"2021-05-04T08:25:19+00:00","description":"Preise f\u00fcr \u00dcbersetzungen in Bergisch Gladbach. Meine transparente und faire Preisgestaltung f\u00fcr Fach\u00fcbersetzungen und Beglaubigungen.","breadcrumb":{"@id":"https:\/\/www.translation-center.de\/de\/preise-fuer-uebersetzungen\/#breadcrumb"},"inLanguage":"de","potentialAction":[{"@type":"ReadAction","target":["https:\/\/www.translation-center.de\/de\/preise-fuer-uebersetzungen\/"]}]},{"@type":"BreadcrumbList","@id":"https:\/\/www.translation-center.de\/de\/preise-fuer-uebersetzungen\/#breadcrumb","itemListElement":[{"@type":"ListItem","position":1,"name":"Startseite","item":"https:\/\/www.translation-center.de\/de\/"},{"@type":"ListItem","position":2,"name":"Preise f\u00fcr \u00dcbersetzungen in Bergisch Gladbach"}]},{"@type":"WebSite","@id":"https:\/\/www.translation-center.de\/de\/#website","url":"https:\/\/www.translation-center.de\/de\/","name":"Translation Center - \u00dcbersetzungen Bergisch Gladbach","description":"Fach\u00fcbersetzung, Dolmetschdienste, Beglaubigte \u00dcbersetzungen","potentialAction":[{"@type":"SearchAction","target":{"@type":"EntryPoint","urlTemplate":"https:\/\/www.translation-center.de\/de\/?s={search_term_string}"},"query-input":{"@type":"PropertyValueSpecification","valueRequired":true,"valueName":"search_term_string"}}],"inLanguage":"de"}]}},"_links":{"self":[{"href":"https:\/\/www.translation-center.de\/de\/wp-json\/wp\/v2\/pages\/2472","targetHints":{"allow":["GET"]}}],"collection":[{"href":"https:\/\/www.translation-center.de\/de\/wp-json\/wp\/v2\/pages"}],"about":[{"href":"https:\/\/www.translation-center.de\/de\/wp-json\/wp\/v2\/types\/page"}],"author":[{"embeddable":true,"href":"https:\/\/www.translation-center.de\/de\/wp-json\/wp\/v2\/users\/2"}],"replies":[{"embeddable":true,"href":"https:\/\/www.translation-center.de\/de\/wp-json\/wp\/v2\/comments?post=2472"}],"version-history":[{"count":1,"href":"https:\/\/www.translation-center.de\/de\/wp-json\/wp\/v2\/pages\/2472\/revisions"}],"predecessor-version":[{"id":2806,"href":"https:\/\/www.translation-center.de\/de\/wp-json\/wp\/v2\/pages\/2472\/revisions\/2806"}],"wp:attachment":[{"href":"https:\/\/www.translation-center.de\/de\/wp-json\/wp\/v2\/media?parent=2472"}],"curies":[{"name":"wp","href":"https:\/\/api.w.org\/{rel}","templated":true}]}}