{"id":310,"date":"2018-10-29T11:02:59","date_gmt":"2018-10-29T10:02:59","guid":{"rendered":"https:\/\/baufinanzierung.avs-server.de\/?page_id=310"},"modified":"2021-03-17T09:04:23","modified_gmt":"2021-03-17T08:04:23","slug":"kontakt","status":"publish","type":"page","link":"https:\/\/www.translation-center.de\/de\/kontakt\/","title":{"rendered":"Translation Center \u2013 Kontakt"},"content":{"rendered":"<p>[et_pb_section fb_built=&#8220;1&#8243; _builder_version=&#8220;3.22&#8243; custom_padding=&#8220;0|0px|0|0px|false|false&#8220;][et_pb_row column_structure=&#8220;1_2,1_2&#8243; use_custom_gutter=&#8220;on&#8220; gutter_width=&#8220;1&#8243; make_equal=&#8220;on&#8220; module_class=&#8220;contact-outer&#8220; _builder_version=&#8220;4.9.1&#8243; background_position=&#8220;bottom_left&#8220; width=&#8220;100%&#8220; max_width=&#8220;100%&#8220; custom_margin=&#8220;|0px||0px|false|false&#8220; custom_margin_tablet=&#8220;&#8220; custom_margin_phone=&#8220;&#8220; custom_margin_last_edited=&#8220;on|phone&#8220; custom_padding=&#8220;|0|0|0px|false|false&#8220; animation_style=&#8220;fade&#8220; use_custom_width=&#8220;on&#8220; width_unit=&#8220;off&#8220; custom_width_percent=&#8220;100%&#8220;][et_pb_column type=&#8220;1_2&#8243; _builder_version=&#8220;3.25&#8243; custom_padding=&#8220;|0px||0px&#8220; custom_padding__hover=&#8220;|||&#8220;][et_pb_blurb use_icon=&#8220;on&#8220; font_icon=&#8220;%%102%%&#8220; icon_color=&#8220;#ffffff&#8220; icon_placement=&#8220;left&#8220; use_icon_font_size=&#8220;on&#8220; icon_font_size=&#8220;85px&#8220; icon_font_size_tablet=&#8220;&#8220; icon_font_size_phone=&#8220;65px&#8220; icon_font_size_last_edited=&#8220;on|phone&#8220; module_class=&#8220;contact-address&#8220; _builder_version=&#8220;4.9.1&#8243; header_font=&#8220;||||||||&#8220; body_font=&#8220;||||||||&#8220; custom_margin=&#8220;||&#8220; custom_padding=&#8220;30px|||30px|false|false&#8220;]<\/p>\n<p><strong>Translation Center<\/strong> <br \/>Fauthstr. 45<br \/> 51465 Bergisch Gladbach<\/p>\n<p>[\/et_pb_blurb][et_pb_blurb use_icon=&#8220;on&#8220; font_icon=&#8220;%%264%%&#8220; icon_color=&#8220;#ffffff&#8220; icon_placement=&#8220;left&#8220; use_icon_font_size=&#8220;on&#8220; icon_font_size=&#8220;75px&#8220; icon_font_size_tablet=&#8220;&#8220; icon_font_size_phone=&#8220;65px&#8220; icon_font_size_last_edited=&#8220;on|desktop&#8220; module_class=&#8220;contact-address-follow&#8220; _builder_version=&#8220;3.19.15&#8243; header_font=&#8220;||||||||&#8220; body_font=&#8220;||||||||&#8220; custom_margin=&#8220;||&#8220; custom_padding=&#8220;|||30px&#8220;]<\/p>\n<p>Telefon:<br \/> 02202 247341<\/p>\n<p>Fax:<br \/>02202 247355<\/p>\n<p>[\/et_pb_blurb][et_pb_blurb use_icon=&#8220;on&#8220; font_icon=&#8220;%%75%%&#8220; icon_color=&#8220;#ffffff&#8220; icon_placement=&#8220;left&#8220; use_icon_font_size=&#8220;on&#8220; icon_font_size=&#8220;85px&#8220; icon_font_size_tablet=&#8220;&#8220; icon_font_size_phone=&#8220;65px&#8220; icon_font_size_last_edited=&#8220;on|phone&#8220; module_class=&#8220;contact-address-follow&#8220; _builder_version=&#8220;4.9.2&#8243; header_font=&#8220;||||||||&#8220; body_font=&#8220;||||||||&#8220; custom_margin=&#8220;||&#8220; custom_padding=&#8220;|||30px&#8220; hover_enabled=&#8220;0&#8243; sticky_enabled=&#8220;0&#8243;]E-Mail:<br \/><a href=\"mailto:m&#97;i&#108;&#64;t&#114;a&#110;&#115;&#108;ati&#111;&#110;&#45;c&#101;n&#116;&#101;r&#46;de\" class=\"mailto-link\">m&#97;il[-\u00e4t-&#093;&#116;&#114;a&#110;s&#108;a&#116;io&#110;&#45;ce&#110;&#116;er.&#100;&#101;<\/a>[\/et_pb_blurb][\/et_pb_column][et_pb_column type=&#8220;1_2&#8243; _builder_version=&#8220;3.25&#8243; background_color=&#8220;#454d51&#8243; custom_padding=&#8220;20px|40px|50px|50px&#8220; custom_padding_tablet=&#8220;|20px||30px&#8220; custom_padding_phone=&#8220;|10px||10px&#8220; custom_padding_last_edited=&#8220;on|phone&#8220; custom_padding__hover=&#8220;|||&#8220;][et_pb_text module_class=&#8220;contact-formularteil&#8220; _builder_version=&#8220;4.9.0&#8243; custom_margin_tablet=&#8220;&#8220; custom_margin_phone=&#8220;|0px||0px&#8220; custom_margin_last_edited=&#8220;on|phone&#8220;]<\/p>\n<h2>Kontaktformular<\/h2>\n<p>Schreiben Sie mir eine Nachricht und ich werde mich umgehend bei Ihnen melden.<\/p>\n<p>&nbsp;<\/p>\n<p>[\/et_pb_text][et_pb_code _builder_version=&#8220;3.19.6&#8243;]\n<div class=\"wpcf7 no-js\" id=\"wpcf7-f225-o1\" lang=\"de-DE\" dir=\"ltr\" data-wpcf7-id=\"225\">\n<div class=\"screen-reader-response\"><p role=\"status\" aria-live=\"polite\" aria-atomic=\"true\"><\/p> <ul><\/ul><\/div>\n<form action=\"\/de\/wp-json\/wp\/v2\/pages\/310#wpcf7-f225-o1\" method=\"post\" class=\"wpcf7-form init wpcf7-acceptance-as-validation\" aria-label=\"Kontaktformular\" novalidate=\"novalidate\" data-status=\"init\">\n<fieldset class=\"hidden-fields-container\"><input type=\"hidden\" name=\"_wpcf7\" value=\"225\" \/><input type=\"hidden\" name=\"_wpcf7_version\" value=\"6.1.5\" \/><input type=\"hidden\" name=\"_wpcf7_locale\" value=\"de_DE\" \/><input type=\"hidden\" name=\"_wpcf7_unit_tag\" value=\"wpcf7-f225-o1\" \/><input type=\"hidden\" name=\"_wpcf7_container_post\" value=\"0\" \/><input type=\"hidden\" name=\"_wpcf7_posted_data_hash\" value=\"\" \/>\n<\/fieldset>\n<div style=\"margin-bottom: 10px;\">\n\t<p><span class=\"wpcf7-form-control-wrap\" data-name=\"your-name\"><input size=\"40\" maxlength=\"400\" class=\"wpcf7-form-control wpcf7-text\" aria-invalid=\"false\" placeholder=\"IHR NAME\" value=\"\" type=\"text\" name=\"your-name\" \/><\/span>\n\t<\/p>\n<\/div>\n<div style=\"margin-bottom: 10px;\">\n\t<p><span class=\"wpcf7-form-control-wrap\" data-name=\"your-email\"><input size=\"40\" maxlength=\"400\" class=\"wpcf7-form-control wpcf7-email wpcf7-validates-as-required wpcf7-text wpcf7-validates-as-email\" aria-required=\"true\" aria-invalid=\"false\" placeholder=\"IHRE E-MAIL-ADRESSE (Pflichtfeld)\" value=\"\" type=\"email\" name=\"your-email\" \/><\/span>\n\t<\/p>\n<\/div>\n<div style=\"margin-bottom: 10px;\">\n\t<p><span class=\"wpcf7-form-control-wrap\" data-name=\"your-phone\"><input size=\"40\" maxlength=\"400\" class=\"wpcf7-form-control wpcf7-text\" aria-invalid=\"false\" placeholder=\"TELEFON\" value=\"\" type=\"text\" name=\"your-phone\" \/><\/span>\n\t<\/p>\n<\/div>\n<div style=\"margin-bottom: 10px;\">\n\t<p><span class=\"wpcf7-form-control-wrap\" data-name=\"your-subject\"><input size=\"40\" maxlength=\"400\" class=\"wpcf7-form-control wpcf7-text\" aria-invalid=\"false\" placeholder=\"BETREFF\" value=\"\" type=\"text\" name=\"your-subject\" \/><\/span>\n\t<\/p>\n<\/div>\n<div style=\"margin-bottom: 10px;\">\n\t<p><span class=\"wpcf7-form-control-wrap\" data-name=\"your-message\"><textarea cols=\"40\" rows=\"10\" maxlength=\"2000\" class=\"wpcf7-form-control wpcf7-textarea\" aria-invalid=\"false\" placeholder=\"IHRE NACHRICHT\" name=\"your-message\"><\/textarea><\/span>\n\t<\/p>\n<\/div>\n<p><span class=\"wpcf7-form-control-wrap\" data-name=\"math-quiz\"><label><span class=\"wpcf7-quiz-label\">Sicherheitsabfrage*: 10-3=?<\/span> <input size=\"40\" class=\"wpcf7-form-control wpcf7-quiz\" autocomplete=\"off\" aria-required=\"true\" aria-invalid=\"false\" type=\"text\" name=\"math-quiz\" \/><\/label><input type=\"hidden\" name=\"_wpcf7_quiz_answer_math-quiz\" value=\"e0a6894db91c14d18bdd56a95a66ccd0\" \/><\/span>\n<\/p>\n<p style=\"margin-top: 20px!important; color:#fff;\"><span class=\"wpcf7-form-control-wrap\" data-name=\"your-dsgvo\"><span class=\"wpcf7-form-control wpcf7-checkbox wpcf7-validates-as-required\"><span class=\"wpcf7-list-item first last\"><label><input type=\"checkbox\" name=\"your-dsgvo[]\" value=\"Ich best\u00e4tige folgende Datenschutzrichtlinien:\" \/><span class=\"wpcf7-list-item-label\">Ich best\u00e4tige folgende Datenschutzrichtlinien:<\/span><\/label><\/span><\/span><\/span>\n<\/p>\n<p>Ich habe die <a href=\"\/datenschutz\/\" style=\"color:#fff!important; text-decoration:underline;\" target=\"_blank\">Datenschutzerkl\u00e4rung<\/a> zur Kenntnis genommen.\n<\/p>\n<p style=\"margin-top: 20px!important; color:#fff;\"><span class=\"wpcf7-form-control-wrap\" data-name=\"your-dsgvo-2\"><span class=\"wpcf7-form-control wpcf7-checkbox wpcf7-validates-as-required\"><span class=\"wpcf7-list-item first last\"><label><input type=\"checkbox\" name=\"your-dsgvo-2[]\" value=\"Ich stimme zu, dass meine Angaben und Daten zur Beantwortung meiner Anfrage elektronisch erhoben und gespeichert werden.\" \/><span class=\"wpcf7-list-item-label\">Ich stimme zu, dass meine Angaben und Daten zur Beantwortung meiner Anfrage elektronisch erhoben und gespeichert werden.<\/span><\/label><\/span><\/span><\/span>\n<\/p>\n<p><span style=\"font-size:90%;\">Hinweis: Sie k\u00f6nnen Ihre Einwilligung jederzeit f\u00fcr die Zukunft per E-Mail an <a href=\"mailto:m&#97;i&#108;&#64;t&#114;a&#110;&#115;&#108;ati&#111;&#110;&#45;c&#101;n&#116;&#101;r&#46;de\" class=\"mailto-link\">m&#97;il[-\u00e4t-]&#116;&#114;a&#110;s&#108;a&#116;io&#110;&#45;ce&#110;&#116;er.&#100;&#101;<\/a> oder \u00fcber unser Kontaktformular widerrufen.<\/span>\n<\/p>\n<p style=\"height: 15px!important\">&nbsp;\n<\/p>\n<p><input class=\"wpcf7-form-control wpcf7-submit has-spinner\" type=\"submit\" value=\"Nachricht senden\" \/>\n<\/p>\n<p style=\"height: 40px!important;\">&nbsp;\n<\/p>\n<p style=\"height: 40px!important;\">&nbsp;\n<\/p><div class=\"wpcf7-response-output\" aria-hidden=\"true\"><\/div>\n<\/form>\n<\/div>\n[\/et_pb_code][et_pb_code _builder_version=&#8220;3.17.2&#8243;][\/et_pb_code][\/et_pb_column][\/et_pb_row][\/et_pb_section]<\/p>\n","protected":false},"excerpt":{"rendered":"<p>Translation Center Fauthstr. 45 51465 Bergisch GladbachTelefon: 02202 247341 Fax:02202 247355E-Mail:m&#97;il[-\u00e4t-&#093;&#116;&#114;a&#110;s&#108;a&#116;io&#110;&#45;ce&#110;&#116;er.&#100;&#101;Kontaktformular Schreiben Sie mir eine Nachricht und ich werde mich umgehend bei Ihnen melden. &nbsp;\n<div class=\"wpcf7 no-js\" id=\"wpcf7-f225-o2\" lang=\"de-DE\" dir=\"ltr\" data-wpcf7-id=\"225\">\n<div class=\"screen-reader-response\"><p role=\"status\" aria-live=\"polite\" aria-atomic=\"true\"><\/p> <ul><\/ul><\/div>\n<form action=\"\/de\/wp-json\/wp\/v2\/pages\/310#wpcf7-f225-o2\" method=\"post\" class=\"wpcf7-form init wpcf7-acceptance-as-validation\" aria-label=\"Kontaktformular\" novalidate=\"novalidate\" data-status=\"init\">\n<fieldset class=\"hidden-fields-container\"><input type=\"hidden\" name=\"_wpcf7\" value=\"225\" \/><input type=\"hidden\" name=\"_wpcf7_version\" value=\"6.1.5\" \/><input type=\"hidden\" name=\"_wpcf7_locale\" value=\"de_DE\" \/><input type=\"hidden\" name=\"_wpcf7_unit_tag\" value=\"wpcf7-f225-o2\" \/><input type=\"hidden\" name=\"_wpcf7_container_post\" value=\"0\" \/><input type=\"hidden\" name=\"_wpcf7_posted_data_hash\" value=\"\" \/>\n<\/fieldset>\n<div style=\"margin-bottom: 10px;\">\n\t<p><span class=\"wpcf7-form-control-wrap\" data-name=\"your-name\"><input size=\"40\" maxlength=\"400\" class=\"wpcf7-form-control wpcf7-text\" aria-invalid=\"false\" placeholder=\"IHR NAME\" value=\"\" type=\"text\" name=\"your-name\" \/><\/span>\n\t<\/p>\n<\/div>\n<div style=\"margin-bottom: 10px;\">\n\t<p><span class=\"wpcf7-form-control-wrap\" data-name=\"your-email\"><input size=\"40\" maxlength=\"400\" class=\"wpcf7-form-control wpcf7-email wpcf7-validates-as-required wpcf7-text wpcf7-validates-as-email\" aria-required=\"true\" aria-invalid=\"false\" placeholder=\"IHRE E-MAIL-ADRESSE (Pflichtfeld)\" value=\"\" type=\"email\" name=\"your-email\" \/><\/span>\n\t<\/p>\n<\/div>\n<div style=\"margin-bottom: 10px;\">\n\t<p><span class=\"wpcf7-form-control-wrap\" data-name=\"your-phone\"><input size=\"40\" maxlength=\"400\" class=\"wpcf7-form-control wpcf7-text\" aria-invalid=\"false\" placeholder=\"TELEFON\" value=\"\" type=\"text\" name=\"your-phone\" \/><\/span>\n\t<\/p>\n<\/div>\n<div style=\"margin-bottom: 10px;\">\n\t<p><span class=\"wpcf7-form-control-wrap\" data-name=\"your-subject\"><input size=\"40\" maxlength=\"400\" class=\"wpcf7-form-control wpcf7-text\" aria-invalid=\"false\" placeholder=\"BETREFF\" value=\"\" type=\"text\" name=\"your-subject\" \/><\/span>\n\t<\/p>\n<\/div>\n<div style=\"margin-bottom: 10px;\">\n\t<p><span class=\"wpcf7-form-control-wrap\" data-name=\"your-message\"><textarea cols=\"40\" rows=\"10\" maxlength=\"2000\" class=\"wpcf7-form-control wpcf7-textarea\" aria-invalid=\"false\" placeholder=\"IHRE NACHRICHT\" name=\"your-message\"><\/textarea><\/span>\n\t<\/p>\n<\/div>\n<p><span class=\"wpcf7-form-control-wrap\" data-name=\"math-quiz\"><label><span class=\"wpcf7-quiz-label\">Sicherheitsabfrage*: 3+7=?<\/span> <input size=\"40\" class=\"wpcf7-form-control wpcf7-quiz\" autocomplete=\"off\" aria-required=\"true\" aria-invalid=\"false\" type=\"text\" name=\"math-quiz\" \/><\/label><input type=\"hidden\" name=\"_wpcf7_quiz_answer_math-quiz\" value=\"1ea9e081cfb19dab1d3ea5c881d7dea8\" \/><\/span>\n<\/p>\n<p style=\"margin-top: 20px!important; color:#fff;\"><span class=\"wpcf7-form-control-wrap\" data-name=\"your-dsgvo\"><span class=\"wpcf7-form-control wpcf7-checkbox wpcf7-validates-as-required\"><span class=\"wpcf7-list-item first last\"><label><input type=\"checkbox\" name=\"your-dsgvo[]\" value=\"Ich best\u00e4tige folgende Datenschutzrichtlinien:\" \/><span class=\"wpcf7-list-item-label\">Ich best\u00e4tige folgende Datenschutzrichtlinien:<\/span><\/label><\/span><\/span><\/span>\n<\/p>\n<p>Ich habe die <a href=\"\/datenschutz\/\" style=\"color:#fff!important; text-decoration:underline;\" target=\"_blank\">Datenschutzerkl\u00e4rung<\/a> zur Kenntnis genommen.\n<\/p>\n<p style=\"margin-top: 20px!important; color:#fff;\"><span class=\"wpcf7-form-control-wrap\" data-name=\"your-dsgvo-2\"><span class=\"wpcf7-form-control wpcf7-checkbox wpcf7-validates-as-required\"><span class=\"wpcf7-list-item first last\"><label><input type=\"checkbox\" name=\"your-dsgvo-2[]\" value=\"Ich stimme zu, dass meine Angaben und Daten zur Beantwortung meiner Anfrage elektronisch erhoben und gespeichert werden.\" \/><span class=\"wpcf7-list-item-label\">Ich stimme zu, dass meine Angaben und Daten zur Beantwortung meiner Anfrage elektronisch erhoben und gespeichert werden.<\/span><\/label><\/span><\/span><\/span>\n<\/p>\n<p><span style=\"font-size:90%;\">Hinweis: Sie k\u00f6nnen Ihre Einwilligung jederzeit f\u00fcr die Zukunft per E-Mail an <a href=\"mailto:m&#97;i&#108;&#64;t&#114;a&#110;&#115;&#108;ati&#111;&#110;&#45;c&#101;n&#116;&#101;r&#46;de\" class=\"mailto-link\">m&#97;il[-\u00e4t-]&#116;&#114;a&#110;s&#108;a&#116;io&#110;&#45;ce&#110;&#116;er.&#100;&#101;<\/a> oder \u00fcber unser Kontaktformular widerrufen.<\/span>\n<\/p>\n<p style=\"height: 15px!important\">&nbsp;\n<\/p>\n<p><input class=\"wpcf7-form-control wpcf7-submit has-spinner\" type=\"submit\" value=\"Nachricht senden\" \/>\n<\/p>\n<p style=\"height: 40px!important;\">&nbsp;\n<\/p>\n<p style=\"height: 40px!important;\">&nbsp;\n<\/p><div class=\"wpcf7-response-output\" aria-hidden=\"true\"><\/div>\n<\/form>\n<\/div>\n<\/p>\n","protected":false},"author":2,"featured_media":0,"parent":0,"menu_order":0,"comment_status":"closed","ping_status":"closed","template":"","meta":{"_et_pb_use_builder":"on","_et_pb_old_content":"","_et_gb_content_width":"","footnotes":""},"class_list":["post-310","page","type-page","status-publish","hentry"],"yoast_head":"<!-- This site is optimized with the Yoast SEO plugin v27.0 - https:\/\/yoast.com\/product\/yoast-seo-wordpress\/ -->\n<title>Translation Center - Kontakt<\/title>\n<meta name=\"description\" content=\"Kontakt\" \/>\n<meta name=\"robots\" content=\"index, follow, max-snippet:-1, max-image-preview:large, max-video-preview:-1\" \/>\n<link rel=\"canonical\" href=\"https:\/\/www.translation-center.de\/de\/kontakt\/\" \/>\n<meta property=\"og:locale\" content=\"de_DE\" \/>\n<meta property=\"og:type\" content=\"article\" \/>\n<meta property=\"og:title\" content=\"Translation Center - Kontakt\" \/>\n<meta property=\"og:description\" content=\"Kontakt\" \/>\n<meta property=\"og:url\" content=\"https:\/\/www.translation-center.de\/de\/kontakt\/\" \/>\n<meta property=\"og:site_name\" content=\"Translation Center - \u00dcbersetzungen Bergisch Gladbach\" \/>\n<meta property=\"article:modified_time\" content=\"2021-03-17T08:04:23+00:00\" \/>\n<meta name=\"twitter:card\" content=\"summary_large_image\" \/>\n<meta name=\"twitter:label1\" content=\"Gesch\u00e4tzte Lesezeit\" \/>\n\t<meta name=\"twitter:data1\" content=\"1\u00a0Minute\" \/>\n<script type=\"application\/ld+json\" class=\"yoast-schema-graph\">{\"@context\":\"https:\/\/schema.org\",\"@graph\":[{\"@type\":\"WebPage\",\"@id\":\"https:\/\/www.translation-center.de\/de\/kontakt\/\",\"url\":\"https:\/\/www.translation-center.de\/de\/kontakt\/\",\"name\":\"Translation Center - Kontakt\",\"isPartOf\":{\"@id\":\"https:\/\/www.translation-center.de\/de\/#website\"},\"datePublished\":\"2018-10-29T10:02:59+00:00\",\"dateModified\":\"2021-03-17T08:04:23+00:00\",\"description\":\"Kontakt\",\"breadcrumb\":{\"@id\":\"https:\/\/www.translation-center.de\/de\/kontakt\/#breadcrumb\"},\"inLanguage\":\"de\",\"potentialAction\":[{\"@type\":\"ReadAction\",\"target\":[\"https:\/\/www.translation-center.de\/de\/kontakt\/\"]}]},{\"@type\":\"BreadcrumbList\",\"@id\":\"https:\/\/www.translation-center.de\/de\/kontakt\/#breadcrumb\",\"itemListElement\":[{\"@type\":\"ListItem\",\"position\":1,\"name\":\"Startseite\",\"item\":\"https:\/\/www.translation-center.de\/de\/\"},{\"@type\":\"ListItem\",\"position\":2,\"name\":\"Translation Center \u2013 Kontakt\"}]},{\"@type\":\"WebSite\",\"@id\":\"https:\/\/www.translation-center.de\/de\/#website\",\"url\":\"https:\/\/www.translation-center.de\/de\/\",\"name\":\"Translation Center - \u00dcbersetzungen Bergisch Gladbach\",\"description\":\"Fach\u00fcbersetzung, Dolmetschdienste, Beglaubigte \u00dcbersetzungen\",\"potentialAction\":[{\"@type\":\"SearchAction\",\"target\":{\"@type\":\"EntryPoint\",\"urlTemplate\":\"https:\/\/www.translation-center.de\/de\/?s={search_term_string}\"},\"query-input\":{\"@type\":\"PropertyValueSpecification\",\"valueRequired\":true,\"valueName\":\"search_term_string\"}}],\"inLanguage\":\"de\"}]}<\/script>\n<!-- \/ Yoast SEO plugin. -->","yoast_head_json":{"title":"Translation Center - Kontakt","description":"Kontakt","robots":{"index":"index","follow":"follow","max-snippet":"max-snippet:-1","max-image-preview":"max-image-preview:large","max-video-preview":"max-video-preview:-1"},"canonical":"https:\/\/www.translation-center.de\/de\/kontakt\/","og_locale":"de_DE","og_type":"article","og_title":"Translation Center - Kontakt","og_description":"Kontakt","og_url":"https:\/\/www.translation-center.de\/de\/kontakt\/","og_site_name":"Translation Center - \u00dcbersetzungen Bergisch Gladbach","article_modified_time":"2021-03-17T08:04:23+00:00","twitter_card":"summary_large_image","twitter_misc":{"Gesch\u00e4tzte Lesezeit":"1\u00a0Minute"},"schema":{"@context":"https:\/\/schema.org","@graph":[{"@type":"WebPage","@id":"https:\/\/www.translation-center.de\/de\/kontakt\/","url":"https:\/\/www.translation-center.de\/de\/kontakt\/","name":"Translation Center - Kontakt","isPartOf":{"@id":"https:\/\/www.translation-center.de\/de\/#website"},"datePublished":"2018-10-29T10:02:59+00:00","dateModified":"2021-03-17T08:04:23+00:00","description":"Kontakt","breadcrumb":{"@id":"https:\/\/www.translation-center.de\/de\/kontakt\/#breadcrumb"},"inLanguage":"de","potentialAction":[{"@type":"ReadAction","target":["https:\/\/www.translation-center.de\/de\/kontakt\/"]}]},{"@type":"BreadcrumbList","@id":"https:\/\/www.translation-center.de\/de\/kontakt\/#breadcrumb","itemListElement":[{"@type":"ListItem","position":1,"name":"Startseite","item":"https:\/\/www.translation-center.de\/de\/"},{"@type":"ListItem","position":2,"name":"Translation Center \u2013 Kontakt"}]},{"@type":"WebSite","@id":"https:\/\/www.translation-center.de\/de\/#website","url":"https:\/\/www.translation-center.de\/de\/","name":"Translation Center - \u00dcbersetzungen Bergisch Gladbach","description":"Fach\u00fcbersetzung, Dolmetschdienste, Beglaubigte \u00dcbersetzungen","potentialAction":[{"@type":"SearchAction","target":{"@type":"EntryPoint","urlTemplate":"https:\/\/www.translation-center.de\/de\/?s={search_term_string}"},"query-input":{"@type":"PropertyValueSpecification","valueRequired":true,"valueName":"search_term_string"}}],"inLanguage":"de"}]}},"_links":{"self":[{"href":"https:\/\/www.translation-center.de\/de\/wp-json\/wp\/v2\/pages\/310","targetHints":{"allow":["GET"]}}],"collection":[{"href":"https:\/\/www.translation-center.de\/de\/wp-json\/wp\/v2\/pages"}],"about":[{"href":"https:\/\/www.translation-center.de\/de\/wp-json\/wp\/v2\/types\/page"}],"author":[{"embeddable":true,"href":"https:\/\/www.translation-center.de\/de\/wp-json\/wp\/v2\/users\/2"}],"replies":[{"embeddable":true,"href":"https:\/\/www.translation-center.de\/de\/wp-json\/wp\/v2\/comments?post=310"}],"version-history":[{"count":0,"href":"https:\/\/www.translation-center.de\/de\/wp-json\/wp\/v2\/pages\/310\/revisions"}],"wp:attachment":[{"href":"https:\/\/www.translation-center.de\/de\/wp-json\/wp\/v2\/media?parent=310"}],"curies":[{"name":"wp","href":"https:\/\/api.w.org\/{rel}","templated":true}]}}