{"id":2654,"date":"2021-03-16T16:21:36","date_gmt":"2021-03-16T15:21:36","guid":{"rendered":"https:\/\/tc.avs-server.de\/interpreting-services-bergisch-gladbach\/"},"modified":"2021-05-04T10:28:46","modified_gmt":"2021-05-04T08:28:46","slug":"interpreting-services-bergisch-gladbach","status":"publish","type":"page","link":"https:\/\/www.translation-center.de\/en\/interpreting-services-bergisch-gladbach\/","title":{"rendered":"Interpreting services Bergisch Gladbach &#8211; kompetent und vielseitig"},"content":{"rendered":"<p>[et_pb_section fb_built=&#8221;1&#8243; fullwidth=&#8221;on&#8221; _builder_version=&#8221;3.22&#8243; animation_style=&#8221;fade&#8221; hover_transition_duration=&#8221;1500ms&#8221; hover_transition_speed_curve=&#8221;ease-in-out&#8221;][et_pb_fullwidth_code disabled_on=&#8221;on|on|off&#8221; _builder_version=&#8221;4.9.2&#8243;]<img decoding=\"async\" src=\"\/wp-content\/uploads\/redaktion\/images\/header\/screen\/img-header-screen-dolmetscher-bergisch-gladbach.jpg\" alt=\"Interpreting services Bergisch Gladbach\" \/>[\/et_pb_fullwidth_code][et_pb_fullwidth_code disabled_on=&#8221;off|off|on&#8221; _builder_version=&#8221;4.9.2&#8243;]<img decoding=\"async\" src=\"\/wp-content\/uploads\/redaktion\/images\/header\/tablet\/img-header-tablet-dolmetscher-bergisch-gladbach.jpg\" alt=\"Interpreting services Bergisch Gladbach\" \/>[\/et_pb_fullwidth_code][\/et_pb_section][et_pb_section fb_built=&#8221;1&#8243; _builder_version=&#8221;3.22&#8243; custom_padding=&#8221;0|0px|0|0px|false|false&#8221;][et_pb_row _builder_version=&#8221;3.25&#8243; width=&#8221;100%&#8221; max_width=&#8221;100%&#8221; custom_padding=&#8221;16px|0px|0|0px|false|false&#8221; use_custom_width=&#8221;on&#8221; width_unit=&#8221;off&#8221; custom_width_percent=&#8221;100%&#8221;][et_pb_column type=&#8221;4_4&#8243; _builder_version=&#8221;3.25&#8243; custom_padding=&#8221;|||&#8221; custom_padding__hover=&#8221;|||&#8221;][et_pb_text module_class=&#8221;h3-footer-headerimage&#8221; _builder_version=&#8221;4.9.2&#8243;]<\/p>\n<h3>Interpreting services<\/h3>\n<p>[\/et_pb_text][\/et_pb_column][\/et_pb_row][\/et_pb_section][et_pb_section fb_built=&#8221;1&#8243; _builder_version=&#8221;3.22&#8243; custom_padding=&#8221;0|0px||0px|false|false&#8221;][et_pb_row custom_padding_last_edited=&#8221;on|desktop&#8221; module_id=&#8221;home-content&#8221; _builder_version=&#8221;4.9.0&#8243; custom_margin=&#8221;||&#8221; custom_margin_tablet=&#8221;&#8221; custom_margin_phone=&#8221;||&#8221; custom_margin_last_edited=&#8221;on|phone&#8221; custom_padding=&#8221;|0px|0|0px|false|false&#8221; custom_padding_tablet=&#8221;&#8221; custom_padding_phone=&#8221;||&#8221; animation_style=&#8221;fade&#8221;][et_pb_column type=&#8221;4_4&#8243; _builder_version=&#8221;3.25&#8243; custom_padding=&#8221;|||&#8221; custom_padding__hover=&#8221;|||&#8221;][et_pb_text _builder_version=&#8221;4.9.0&#8243; text_font=&#8221;||||||||&#8221; animation_style=&#8221;fade&#8221;]<\/p>\n<h1 style=\"text-align: center;\">Interpreting services Bergisch Gladbach<\/h1>\n<h2 style=\"text-align: center;\">Translation Center<\/h2>\n<p>[\/et_pb_text][et_pb_divider color=&#8221;#009cde&#8221; divider_weight=&#8221;2px&#8221; _builder_version=&#8221;3.19.15&#8243; max_width=&#8221;60%&#8221; module_alignment=&#8221;center&#8221;][\/et_pb_divider][\/et_pb_column][\/et_pb_row][et_pb_row _builder_version=&#8221;4.9.0&#8243; _module_preset=&#8221;default&#8221; max_width=&#8221;900px&#8221; animation_style=&#8221;fade&#8221;][et_pb_column type=&#8221;4_4&#8243; _builder_version=&#8221;4.9.0&#8243; _module_preset=&#8221;default&#8221;][et_pb_accordion module_class=&#8221;accordion-box&#8221; _builder_version=&#8221;4.9.2&#8243; toggle_level=&#8221;h3&#8243; toggle_font=&#8221;||||||||&#8221; body_font=&#8221;||||||||&#8221;][et_pb_accordion_item title=&#8221;Interpreting services &#8221; open=&#8221;on&#8221; icon_color=&#8221;#0c71c3&#8243; _builder_version=&#8221;4.9.2&#8243;]<\/p>\n<p>More and more often, entrepreneurs face the challenge of positioning themselves internationally. In this context, the success of a company depends to a large extent on communication.<\/p>\n<p>Thanks to interpreting services, it is unnecessary first to learn the foreign language to understand the foreign partner well. The interpreter is a sure gateway to perfect communication. They mediate not only linguistically but also interpersonally. In this way, possible intercultural difficulties immediately disappear. That gives you the key to a successful transaction.<\/p>\n<p>[\/et_pb_accordion_item][et_pb_accordion_item title=&#8221;01. Conference interpreter&#8221; icon_color=&#8221;#0c71c3&#8243; _builder_version=&#8221;4.9.2&#8243; open=&#8221;off&#8221;]<\/p>\n<p>The task of a conference interpreter is to mediate between negotiating partners with different language backgrounds. In this process, what is said is orally translated into the other language. If it is necessary to call in a language mediator, there are various possibilities.<\/p>\n<p>As a rule, the language mediator sits between the negotiating partners (in the middle, so to speak). However, physical proximity is not always feasible. Then there is the option of using modern means of transmission, e.g., video transmission.<\/p>\n<p>[\/et_pb_accordion_item][et_pb_accordion_item title=&#8221;02. Video Conferencing &#8211; anytime, anywhere&#8221; icon_color=&#8221;#0c71c3&#8243; _builder_version=&#8221;4.9.2&#8243; open=&#8221;off&#8221;]<\/p>\n<p>You can make exceptionally efficient and fast contact via video conferencing, e.g., ZOOM or Skype. Here, sound equipment and an optimal network connection are also essential.  Only excellent conditions guarantee you an optimal starting positi<\/p>\n<p>[\/et_pb_accordion_item][et_pb_accordion_item title=&#8221;03. Court sworn interpreters&#8221; icon_color=&#8221;#0c71c3&#8243; _builder_version=&#8221;4.9.2&#8243; open=&#8221;off&#8221;]<\/p>\n<p>In the case of authorities, offices, or notaries, they usually call in a court interpreter. To work as a court interpreter, one must meet strict criteria and will only be sworn in after a thorough examination. That ensures that the interpreting service is carried out conscientiously and in a legally binding manner. In addition to personal and professional suitability, another crucial factor is confidentiality.<\/p>\n<p>With me, your confidential matters will always be considered sensitive data and off-limits to third parties.\n<\/p>\n<p>[\/et_pb_accordion_item][et_pb_accordion_item title=&#8221;04. Whispering equipment &#8211; simultaneous Interpreting&#8221; icon_color=&#8221;#0c71c3&#8243; _builder_version=&#8221;4.9.2&#8243; open=&#8221;off&#8221;]<\/p>\n<p>The handy whispering interpreting equipment becomes an alternative whenever you want a large audience to listen to the foreign speaker in simultaneous translation. They consist of a wireless microphone for the language mediator and practical chin-rest receivers for the audience. Please contact me if you think this is the right solution for your communication problem.<\/p>\n<p>[\/et_pb_accordion_item][\/et_pb_accordion][\/et_pb_column][\/et_pb_row][et_pb_row _builder_version=&#8221;4.9.2&#8243; _module_preset=&#8221;default&#8221; custom_margin=&#8221;20px||-40px||false|false&#8221; custom_padding=&#8221;||0px||false|false&#8221; animation_style=&#8221;fade&#8221;][et_pb_column type=&#8221;4_4&#8243; _builder_version=&#8221;4.9.2&#8243; _module_preset=&#8221;default&#8221;][et_pb_text _builder_version=&#8221;4.9.2&#8243; _module_preset=&#8221;default&#8221; text_orientation=&#8221;center&#8221;]<\/p>\n<h2>Additional information on interpreter service<\/h2>\n<p>[\/et_pb_text][\/et_pb_column][\/et_pb_row][et_pb_row column_structure=&#8221;1_2,1_2&#8243; use_custom_gutter=&#8221;on&#8221; make_equal=&#8221;on&#8221; _builder_version=&#8221;4.9.0&#8243; custom_margin=&#8221;80px||||false|false&#8221; custom_padding=&#8221;0|0px||0px|false|false&#8221; animation_style=&#8221;fade&#8221;][et_pb_column type=&#8221;1_2&#8243; _builder_version=&#8221;4.9.0&#8243; background_color=&#8221;#efefef&#8221; custom_padding=&#8221;|20px|30px|20px|false|false&#8221; custom_padding__hover=&#8221;|||&#8221;][et_pb_text module_class=&#8221;h-bottom-line&#8221; _builder_version=&#8221;4.9.2&#8243;]<\/p>\n<h3 style=\"text-align: center;\">Are you looking for a court interpreter in your area?<\/h3>\n<p>[\/et_pb_text][et_pb_text _builder_version=&#8221;4.9.2&#8243;]<\/p>\n<p>To find a suitable interpreter for your court district, all you need to do is access the Justice Portal&#8217;s nationwide database. There you can enter the desired language along with the city or postal code.<\/p>\n<p>You will receive an overview of all registered court interpreters with contact details.<\/p>\n<p><a href=\"https:\/\/www.justiz-dolmetscher.de\/Recherche\/\" target=\"_blank\" rel=\"noopener noreferrer\">\u00bb Link to the justice portal<\/a><\/p>\n<p>[\/et_pb_text][\/et_pb_column][et_pb_column type=&#8221;1_2&#8243; _builder_version=&#8221;4.9.0&#8243; background_color=&#8221;#efefef&#8221; custom_padding=&#8221;|20px|30px|20px|false|false&#8221; custom_padding__hover=&#8221;|||&#8221;][et_pb_text module_class=&#8221;h-bottom-line&#8221; _builder_version=&#8221;4.9.2&#8243;]<\/p>\n<h3 style=\"text-align: center;\">Are you looking for an interpreter abroad?<\/h3>\n<p>[\/et_pb_text][et_pb_text _builder_version=&#8221;4.9.2&#8243;]<\/p>\n<p>If you allow enough lead time, the chances are that you will book an interpreter in your target country. Indeed, you can also find an interpreter locally. Making arrangements in advance can make your travel arrangements much more effortless.<\/p>\n<p>[\/et_pb_text][\/et_pb_column][\/et_pb_row][et_pb_row column_structure=&#8221;1_2,1_2&#8243; use_custom_gutter=&#8221;on&#8221; make_equal=&#8221;on&#8221; _builder_version=&#8221;4.9.0&#8243; custom_margin=&#8221;15px||||false|false&#8221; custom_padding=&#8221;0|0px||0px|false|false&#8221; animation_style=&#8221;fade&#8221;][et_pb_column type=&#8221;1_2&#8243; _builder_version=&#8221;4.9.0&#8243; background_color=&#8221;#efefef&#8221; custom_padding=&#8221;|20px|30px|20px|false|false&#8221; custom_padding__hover=&#8221;|||&#8221;][et_pb_text module_class=&#8221;h-bottom-line&#8221; _builder_version=&#8221;4.9.2&#8243;]<\/p>\n<h3 style=\"text-align: center;\">Do you intend to finalize a business contract with a foreign partner?<\/h3>\n<p>[\/et_pb_text][et_pb_text _builder_version=&#8221;4.9.2&#8243;]<\/p>\n<p>If you plan to sign a notarized contract with a foreign partner, you will need a sworn court interpreter. That is the only way to ensure that the contracting parties understand their implications despite the language barrier.<\/p>\n<p>[\/et_pb_text][\/et_pb_column][et_pb_column type=&#8221;1_2&#8243; _builder_version=&#8221;4.9.0&#8243; background_color=&#8221;#efefef&#8221; custom_padding=&#8221;|20px|30px|20px|false|false&#8221; custom_padding__hover=&#8221;|||&#8221;][et_pb_text module_class=&#8221;h-bottom-line&#8221; _builder_version=&#8221;4.9.2&#8243;]<\/p>\n<h3 style=\"text-align: center;\">Are you looking for an interpreter for voice-over work?<\/h3>\n<p>[\/et_pb_text][et_pb_text _builder_version=&#8221;4.9.2&#8243;]<\/p>\n<p>Some interpreters specialize in dubbing video contributions or film material in a foreign language. We can provide capacity and equipment for such assignments upon request. Please do not hesitate to contact us.<\/p>\n<p>[\/et_pb_text][\/et_pb_column][\/et_pb_row][et_pb_row column_structure=&#8221;1_2,1_2&#8243; use_custom_gutter=&#8221;on&#8221; make_equal=&#8221;on&#8221; _builder_version=&#8221;4.9.0&#8243; custom_margin=&#8221;15px||||false|false&#8221; custom_padding=&#8221;0|0px||0px|false|false&#8221; animation_style=&#8221;fade&#8221;][et_pb_column type=&#8221;1_2&#8243; _builder_version=&#8221;4.9.0&#8243; background_color=&#8221;#efefef&#8221; custom_padding=&#8221;|20px|30px|20px|false|false&#8221; custom_padding__hover=&#8221;|||&#8221;][et_pb_text module_class=&#8221;h-bottom-line&#8221; _builder_version=&#8221;4.9.2&#8243;]<\/p>\n<h3 style=\"text-align: center;\">How to become a court interpreter<\/h3>\n<p>[\/et_pb_text][et_pb_text _builder_version=&#8221;4.9.2&#8243;]<\/p>\n<p>The requirements for becoming a court interpreter vary from state to state. In general, however, one can say that you will be admitted as a court interpreter if you meet the following criteria: <\/p>\n<p><i>For further information, please feel free to contact me.<\/i><\/p>\n<p>[\/et_pb_text][\/et_pb_column][et_pb_column type=&#8221;1_2&#8243; _builder_version=&#8221;4.9.0&#8243; background_color=&#8221;#efefef&#8221; custom_padding=&#8221;|20px|30px|20px|false|false&#8221; custom_padding__hover=&#8221;|||&#8221;][et_pb_text module_class=&#8221;h-bottom-line&#8221; _builder_version=&#8221;4.9.2&#8243;]<\/p>\n<h3 style=\"text-align: center;\">How much does an interpreting service cost?<\/h3>\n<p>[\/et_pb_text][et_pb_text _builder_version=&#8221;4.9.2&#8243;]<\/p>\n<p>An interpreter&#8217;s fee depends on various factors, for example, the languages and the assignment&#8217;s location. I would be happy to provide you with a non-binding quote.<\/p>\n<p><a href=\"\/en\/contact\/\">Please contact me<\/a> with sufficient advance notice to get colleagues on-site if necessary and thus save costs. I work with an international network of experienced professionals.<\/p>\n<p>[\/et_pb_text][\/et_pb_column][\/et_pb_row][\/et_pb_section][et_pb_section fb_built=&#8221;1&#8243; module_class=&#8221;avs-bg-parallax-fullsize-min-height&#8221; _builder_version=&#8221;4.9.4&#8243; background_image=&#8221;https:\/\/www.translation-center.de\/wp-content\/uploads\/img-content-prallax-fachuebersetzungen-koeln.jpg&#8221; parallax=&#8221;on&#8221; parallax_method=&#8221;off&#8221; animation_style=&#8221;fade&#8221; hover_enabled=&#8221;0&#8243; title_text=&#8221;Puzzle Globus auf offenem Buch&#8221; sticky_enabled=&#8221;0&#8243;][et_pb_row disabled_on=&#8221;off|off|off&#8221; module_class=&#8221;avs-bg-parallax-fullsize-1col&#8221; _builder_version=&#8221;4.9.0&#8243; background_color=&#8221;rgba(255,255,255,0.7)&#8221; custom_margin=&#8221;50px||&#8221;][et_pb_column type=&#8221;4_4&#8243; _builder_version=&#8221;3.25&#8243; custom_padding=&#8221;|||&#8221; custom_padding__hover=&#8221;|||&#8221;][et_pb_code _builder_version=&#8221;3.19.15&#8243;]<\/p>\n<div class=\"avs-fa\"><!-- [et_pb_line_break_holder] -->  <i class=\"fas fa-home\"><\/i><!-- [et_pb_line_break_holder] --><\/div>\n<p>[\/et_pb_code][et_pb_text _builder_version=&#8221;4.9.2&#8243;]<\/p>\n<h3 style=\"text-align: center;\">Interpreting services Bergisch Gladbach<\/h3>\n<p>[\/et_pb_text][\/et_pb_column][\/et_pb_row][\/et_pb_section]<\/p>\n","protected":false},"excerpt":{"rendered":"<p>Interpreting servicesInterpreting services Bergisch Gladbach Translation CenterMore and more often, entrepreneurs face the challenge of positioning themselves internationally. In this context, the success of a company depends to a large extent on communication. Thanks to interpreting services, it is unnecessary first to learn the foreign language to understand the foreign partner well. The interpreter is [&hellip;]<\/p>\n","protected":false},"author":2,"featured_media":0,"parent":0,"menu_order":0,"comment_status":"closed","ping_status":"closed","template":"","meta":{"_et_pb_use_builder":"on","_et_pb_old_content":"","_et_gb_content_width":"","footnotes":""},"class_list":["post-2654","page","type-page","status-publish","hentry"],"yoast_head":"<!-- This site is optimized with the Yoast SEO plugin v27.0 - https:\/\/yoast.com\/product\/yoast-seo-wordpress\/ -->\n<title>Interpreting services Bergisch Gladbach - competent and versatile<\/title>\n<meta name=\"description\" content=\"Interpreting services - we offer professional interpreting services for Cologne, Bergisch Gladbach, Leverkusen and Solingen.\" \/>\n<meta name=\"robots\" content=\"index, follow, max-snippet:-1, max-image-preview:large, max-video-preview:-1\" \/>\n<link rel=\"canonical\" href=\"https:\/\/www.translation-center.de\/en\/interpreting-services-bergisch-gladbach\/\" \/>\n<meta property=\"og:locale\" content=\"en_US\" \/>\n<meta property=\"og:type\" content=\"article\" \/>\n<meta property=\"og:title\" content=\"Interpreting services Bergisch Gladbach - competent and versatile\" \/>\n<meta property=\"og:description\" content=\"Interpreting services - we offer professional interpreting services for Cologne, Bergisch Gladbach, Leverkusen and Solingen.\" \/>\n<meta property=\"og:url\" content=\"https:\/\/www.translation-center.de\/en\/interpreting-services-bergisch-gladbach\/\" \/>\n<meta property=\"og:site_name\" content=\"Translation Center - \u00dcbersetzungen Bergisch Gladbach\" \/>\n<meta property=\"article:modified_time\" content=\"2021-05-04T08:28:46+00:00\" \/>\n<meta property=\"og:image\" content=\"https:\/\/www.translation-center.de\/wp-content\/uploads\/redaktion\/images\/header\/screen\/img-header-screen-dolmetscher-bergisch-gladbach.jpg\" \/>\n<meta name=\"twitter:card\" content=\"summary_large_image\" \/>\n<meta name=\"twitter:label1\" content=\"Est. reading time\" \/>\n\t<meta name=\"twitter:data1\" content=\"8 minutes\" \/>\n<script type=\"application\/ld+json\" class=\"yoast-schema-graph\">{\"@context\":\"https:\/\/schema.org\",\"@graph\":[{\"@type\":\"WebPage\",\"@id\":\"https:\/\/www.translation-center.de\/en\/interpreting-services-bergisch-gladbach\/\",\"url\":\"https:\/\/www.translation-center.de\/en\/interpreting-services-bergisch-gladbach\/\",\"name\":\"Interpreting services Bergisch Gladbach - competent and versatile\",\"isPartOf\":{\"@id\":\"https:\/\/www.translation-center.de\/en\/#website\"},\"datePublished\":\"2021-03-16T15:21:36+00:00\",\"dateModified\":\"2021-05-04T08:28:46+00:00\",\"description\":\"Interpreting services - we offer professional interpreting services for Cologne, Bergisch Gladbach, Leverkusen and Solingen.\",\"breadcrumb\":{\"@id\":\"https:\/\/www.translation-center.de\/en\/interpreting-services-bergisch-gladbach\/#breadcrumb\"},\"inLanguage\":\"en-US\",\"potentialAction\":[{\"@type\":\"ReadAction\",\"target\":[\"https:\/\/www.translation-center.de\/en\/interpreting-services-bergisch-gladbach\/\"]}]},{\"@type\":\"BreadcrumbList\",\"@id\":\"https:\/\/www.translation-center.de\/en\/interpreting-services-bergisch-gladbach\/#breadcrumb\",\"itemListElement\":[{\"@type\":\"ListItem\",\"position\":1,\"name\":\"Startseite\",\"item\":\"https:\/\/www.translation-center.de\/en\/\"},{\"@type\":\"ListItem\",\"position\":2,\"name\":\"Interpreting services Bergisch Gladbach &#8211; kompetent und vielseitig\"}]},{\"@type\":\"WebSite\",\"@id\":\"https:\/\/www.translation-center.de\/en\/#website\",\"url\":\"https:\/\/www.translation-center.de\/en\/\",\"name\":\"Translation Center - \u00dcbersetzungen Bergisch Gladbach\",\"description\":\"Fach\u00fcbersetzung, Dolmetschdienste, Beglaubigte \u00dcbersetzungen\",\"potentialAction\":[{\"@type\":\"SearchAction\",\"target\":{\"@type\":\"EntryPoint\",\"urlTemplate\":\"https:\/\/www.translation-center.de\/en\/?s={search_term_string}\"},\"query-input\":{\"@type\":\"PropertyValueSpecification\",\"valueRequired\":true,\"valueName\":\"search_term_string\"}}],\"inLanguage\":\"en-US\"}]}<\/script>\n<!-- \/ Yoast SEO plugin. -->","yoast_head_json":{"title":"Interpreting services Bergisch Gladbach - competent and versatile","description":"Interpreting services - we offer professional interpreting services for Cologne, Bergisch Gladbach, Leverkusen and Solingen.","robots":{"index":"index","follow":"follow","max-snippet":"max-snippet:-1","max-image-preview":"max-image-preview:large","max-video-preview":"max-video-preview:-1"},"canonical":"https:\/\/www.translation-center.de\/en\/interpreting-services-bergisch-gladbach\/","og_locale":"en_US","og_type":"article","og_title":"Interpreting services Bergisch Gladbach - competent and versatile","og_description":"Interpreting services - we offer professional interpreting services for Cologne, Bergisch Gladbach, Leverkusen and Solingen.","og_url":"https:\/\/www.translation-center.de\/en\/interpreting-services-bergisch-gladbach\/","og_site_name":"Translation Center - \u00dcbersetzungen Bergisch Gladbach","article_modified_time":"2021-05-04T08:28:46+00:00","og_image":[{"url":"https:\/\/www.translation-center.de\/wp-content\/uploads\/redaktion\/images\/header\/screen\/img-header-screen-dolmetscher-bergisch-gladbach.jpg","type":"","width":"","height":""}],"twitter_card":"summary_large_image","twitter_misc":{"Est. reading time":"8 minutes"},"schema":{"@context":"https:\/\/schema.org","@graph":[{"@type":"WebPage","@id":"https:\/\/www.translation-center.de\/en\/interpreting-services-bergisch-gladbach\/","url":"https:\/\/www.translation-center.de\/en\/interpreting-services-bergisch-gladbach\/","name":"Interpreting services Bergisch Gladbach - competent and versatile","isPartOf":{"@id":"https:\/\/www.translation-center.de\/en\/#website"},"datePublished":"2021-03-16T15:21:36+00:00","dateModified":"2021-05-04T08:28:46+00:00","description":"Interpreting services - we offer professional interpreting services for Cologne, Bergisch Gladbach, Leverkusen and Solingen.","breadcrumb":{"@id":"https:\/\/www.translation-center.de\/en\/interpreting-services-bergisch-gladbach\/#breadcrumb"},"inLanguage":"en-US","potentialAction":[{"@type":"ReadAction","target":["https:\/\/www.translation-center.de\/en\/interpreting-services-bergisch-gladbach\/"]}]},{"@type":"BreadcrumbList","@id":"https:\/\/www.translation-center.de\/en\/interpreting-services-bergisch-gladbach\/#breadcrumb","itemListElement":[{"@type":"ListItem","position":1,"name":"Startseite","item":"https:\/\/www.translation-center.de\/en\/"},{"@type":"ListItem","position":2,"name":"Interpreting services Bergisch Gladbach &#8211; kompetent und vielseitig"}]},{"@type":"WebSite","@id":"https:\/\/www.translation-center.de\/en\/#website","url":"https:\/\/www.translation-center.de\/en\/","name":"Translation Center - \u00dcbersetzungen Bergisch Gladbach","description":"Fach\u00fcbersetzung, Dolmetschdienste, Beglaubigte \u00dcbersetzungen","potentialAction":[{"@type":"SearchAction","target":{"@type":"EntryPoint","urlTemplate":"https:\/\/www.translation-center.de\/en\/?s={search_term_string}"},"query-input":{"@type":"PropertyValueSpecification","valueRequired":true,"valueName":"search_term_string"}}],"inLanguage":"en-US"}]}},"_links":{"self":[{"href":"https:\/\/www.translation-center.de\/en\/wp-json\/wp\/v2\/pages\/2654","targetHints":{"allow":["GET"]}}],"collection":[{"href":"https:\/\/www.translation-center.de\/en\/wp-json\/wp\/v2\/pages"}],"about":[{"href":"https:\/\/www.translation-center.de\/en\/wp-json\/wp\/v2\/types\/page"}],"author":[{"embeddable":true,"href":"https:\/\/www.translation-center.de\/en\/wp-json\/wp\/v2\/users\/2"}],"replies":[{"embeddable":true,"href":"https:\/\/www.translation-center.de\/en\/wp-json\/wp\/v2\/comments?post=2654"}],"version-history":[{"count":6,"href":"https:\/\/www.translation-center.de\/en\/wp-json\/wp\/v2\/pages\/2654\/revisions"}],"predecessor-version":[{"id":2810,"href":"https:\/\/www.translation-center.de\/en\/wp-json\/wp\/v2\/pages\/2654\/revisions\/2810"}],"wp:attachment":[{"href":"https:\/\/www.translation-center.de\/en\/wp-json\/wp\/v2\/media?parent=2654"}],"curies":[{"name":"wp","href":"https:\/\/api.w.org\/{rel}","templated":true}]}}