{"id":2673,"date":"2021-03-16T18:18:32","date_gmt":"2021-03-16T17:18:32","guid":{"rendered":"https:\/\/tc.avs-server.de\/order-specialized-translations\/"},"modified":"2021-05-04T10:30:09","modified_gmt":"2021-05-04T08:30:09","slug":"order-specialized-translations","status":"publish","type":"page","link":"https:\/\/www.translation-center.de\/en\/order-specialized-translations\/","title":{"rendered":"Order specialized translations in Bergisch Gladbach"},"content":{"rendered":"<p>[et_pb_section fb_built=&#8221;1&#8243; fullwidth=&#8221;on&#8221; _builder_version=&#8221;3.22&#8243; animation_style=&#8221;fade&#8221; hover_transition_duration=&#8221;1500ms&#8221; hover_transition_speed_curve=&#8221;ease-in-out&#8221;][et_pb_fullwidth_code disabled_on=&#8221;on|on|off&#8221; _builder_version=&#8221;4.9.0&#8243;]<img decoding=\"async\" src=\"\/wp-content\/uploads\/redaktion\/images\/header\/screen\/img-header-screen-fachuebersetzung-beauftragen-bergisch-gladbach.jpg\" alt=\"Order specialized translations\" \/>[\/et_pb_fullwidth_code][et_pb_fullwidth_code disabled_on=&#8221;off|off|on&#8221; _builder_version=&#8221;4.9.0&#8243;]<img decoding=\"async\" src=\"\/wp-content\/uploads\/redaktion\/images\/header\/tablet\/img-header-tablet-fachuebersetzung-beauftragen-bergisch-gladbach.jpg\" alt=\"Order specialized translations\" \/>[\/et_pb_fullwidth_code][\/et_pb_section][et_pb_section fb_built=&#8221;1&#8243; _builder_version=&#8221;3.22&#8243; custom_padding=&#8221;0|0px|0|0px|false|false&#8221;][et_pb_row _builder_version=&#8221;3.25&#8243; width=&#8221;100%&#8221; max_width=&#8221;100%&#8221; custom_padding=&#8221;16px|0px|0|0px|false|false&#8221; use_custom_width=&#8221;on&#8221; width_unit=&#8221;off&#8221; custom_width_percent=&#8221;100%&#8221;][et_pb_column type=&#8221;4_4&#8243; _builder_version=&#8221;3.25&#8243; custom_padding=&#8221;|||&#8221; custom_padding__hover=&#8221;|||&#8221;][et_pb_text module_class=&#8221;h3-footer-headerimage&#8221; _builder_version=&#8221;4.9.0&#8243;]<\/p>\n<h3>Order specialized translations | Bergisch Gladbach<\/h3>\n<p>[\/et_pb_text][\/et_pb_column][\/et_pb_row][\/et_pb_section][et_pb_section fb_built=&#8221;1&#8243; _builder_version=&#8221;3.22&#8243; custom_padding=&#8221;0|0px||0px|false|false&#8221;][et_pb_row custom_padding_last_edited=&#8221;on|desktop&#8221; module_id=&#8221;home-content&#8221; _builder_version=&#8221;4.9.0&#8243; custom_margin=&#8221;||&#8221; custom_margin_tablet=&#8221;&#8221; custom_margin_phone=&#8221;||&#8221; custom_margin_last_edited=&#8221;on|phone&#8221; custom_padding=&#8221;|0px|0|0px|false|false&#8221; custom_padding_tablet=&#8221;&#8221; custom_padding_phone=&#8221;||&#8221; animation_style=&#8221;fade&#8221;][et_pb_column type=&#8221;4_4&#8243; _builder_version=&#8221;3.25&#8243; custom_padding=&#8221;|||&#8221; custom_padding__hover=&#8221;|||&#8221;][et_pb_text _builder_version=&#8221;4.9.0&#8243; text_font=&#8221;||||||||&#8221; animation_style=&#8221;fade&#8221;]<\/p>\n<h1 style=\"text-align: center;\">Order specialized translations<\/h1>\n<h2 style=\"text-align: center;\">Translation Center<\/h2>\n<p>[\/et_pb_text][et_pb_divider color=&#8221;#009cde&#8221; divider_weight=&#8221;2px&#8221; _builder_version=&#8221;3.19.15&#8243; max_width=&#8221;60%&#8221; module_alignment=&#8221;center&#8221;][\/et_pb_divider][\/et_pb_column][\/et_pb_row][et_pb_row use_custom_gutter=&#8221;on&#8221; gutter_width=&#8221;3&#8243; _builder_version=&#8221;4.9.0&#8243; max_width=&#8221;1000px&#8221; animation_style=&#8221;fade&#8221;][et_pb_column type=&#8221;4_4&#8243; _builder_version=&#8221;3.25&#8243; custom_padding=&#8221;|||&#8221; custom_padding__hover=&#8221;|||&#8221;][et_pb_text _builder_version=&#8221;4.9.2&#8243; _module_preset=&#8221;default&#8221;]<\/p>\n<h2>How do I place an order?<\/h2>\n<p>If you would like to place an order for a translation, the best thing to do is to fill in the <a href=\"https:\/\/www.translation-center.de\/en\/contact\/\">form\/mask<\/a> briefly with your contact information or call me. I am available from Monday to Saturday from 5:00 pm to 6:00 pm.<\/p>\n<p>Or you can send me the desired translation as an email attachment or by fax so that I can prepare a non-binding offer. Processing your request usually takes only one business day. That is especially true for online submissions.<\/p>\n<p>Of course, I will do my best to work for you as quickly as possible. I conscientiously stick to the agreed deadline. If you wish, you can receive your document electronically in advance (as a PDF format scan). <\/p>\n<p>[\/et_pb_text][\/et_pb_column][\/et_pb_row][\/et_pb_section][et_pb_section fb_built=&#8221;1&#8243; module_class=&#8221;avs-bg-parallax-fullsize-min-height&#8221; _builder_version=&#8221;4.9.4&#8243; background_image=&#8221;https:\/\/www.translation-center.de\/wp-content\/uploads\/img-content-prallax-fachuebersetzungen-bergisch-gladbach-1.jpg&#8221; parallax=&#8221;on&#8221; parallax_method=&#8221;off&#8221; animation_style=&#8221;fade&#8221; hover_enabled=&#8221;0&#8243; alt=&#8221;Fach\u00fcbersetzungen Bergisch Gladbach&#8221; title_text=&#8221;Paperwork&#8221; sticky_enabled=&#8221;0&#8243;][et_pb_row disabled_on=&#8221;off|off|off&#8221; module_class=&#8221;avs-bg-parallax-fullsize-1col&#8221; _builder_version=&#8221;4.9.0&#8243; background_color=&#8221;rgba(255,255,255,0.7)&#8221; custom_margin=&#8221;50px||&#8221;][et_pb_column type=&#8221;4_4&#8243; _builder_version=&#8221;3.25&#8243; custom_padding=&#8221;|||&#8221; custom_padding__hover=&#8221;|||&#8221;][et_pb_code _builder_version=&#8221;4.9.0&#8243;]<\/p>\n<div class=\"avs-fa\"><!-- [et_pb_line_break_holder] -->  <i class=\"far fa-file-alt\"><\/i><!-- [et_pb_line_break_holder] --><\/div>\n<p>[\/et_pb_code][et_pb_text _builder_version=&#8221;4.9.0&#8243;]<\/p>\n<h3 style=\"text-align: center;\">Order specialized translations<\/h3>\n<p>[\/et_pb_text][\/et_pb_column][\/et_pb_row][\/et_pb_section]<\/p>\n","protected":false},"excerpt":{"rendered":"<p>Order specialized translations | Bergisch GladbachOrder specialized translations Translation CenterHow do I place an order? If you would like to place an order for a translation, the best thing to do is to fill in the form\/mask briefly with your contact information or call me. I am available from Monday to Saturday from 5:00 pm [&hellip;]<\/p>\n","protected":false},"author":2,"featured_media":0,"parent":0,"menu_order":0,"comment_status":"closed","ping_status":"closed","template":"","meta":{"_et_pb_use_builder":"on","_et_pb_old_content":"","_et_gb_content_width":"","footnotes":""},"class_list":["post-2673","page","type-page","status-publish","hentry"],"yoast_head":"<!-- This site is optimized with the Yoast SEO plugin v27.0 - https:\/\/yoast.com\/product\/yoast-seo-wordpress\/ -->\n<title>Order specialized translations in Bergisch Gladbach<\/title>\n<meta name=\"description\" content=\"Order specialized translations in Bergisch Gladbach. Learn more about commissioning and preparing offers for specialized translations.\" \/>\n<meta name=\"robots\" content=\"index, follow, max-snippet:-1, max-image-preview:large, max-video-preview:-1\" \/>\n<link rel=\"canonical\" href=\"https:\/\/www.translation-center.de\/en\/order-specialized-translations\/\" \/>\n<meta property=\"og:locale\" content=\"en_US\" \/>\n<meta property=\"og:type\" content=\"article\" \/>\n<meta property=\"og:title\" content=\"Order specialized translations in Bergisch Gladbach\" \/>\n<meta property=\"og:description\" content=\"Order specialized translations in Bergisch Gladbach. Learn more about commissioning and preparing offers for specialized translations.\" \/>\n<meta property=\"og:url\" content=\"https:\/\/www.translation-center.de\/en\/order-specialized-translations\/\" \/>\n<meta property=\"og:site_name\" content=\"Translation Center - \u00dcbersetzungen Bergisch Gladbach\" \/>\n<meta property=\"article:modified_time\" content=\"2021-05-04T08:30:09+00:00\" \/>\n<meta property=\"og:image\" content=\"https:\/\/www.translation-center.de\/wp-content\/uploads\/redaktion\/images\/header\/screen\/img-header-screen-fachuebersetzung-beauftragen-bergisch-gladbach.jpg\" \/>\n<meta name=\"twitter:card\" content=\"summary_large_image\" \/>\n<meta name=\"twitter:label1\" content=\"Est. reading time\" \/>\n\t<meta name=\"twitter:data1\" content=\"3 minutes\" \/>\n<script type=\"application\/ld+json\" class=\"yoast-schema-graph\">{\"@context\":\"https:\/\/schema.org\",\"@graph\":[{\"@type\":\"WebPage\",\"@id\":\"https:\/\/www.translation-center.de\/en\/order-specialized-translations\/\",\"url\":\"https:\/\/www.translation-center.de\/en\/order-specialized-translations\/\",\"name\":\"Order specialized translations in Bergisch Gladbach\",\"isPartOf\":{\"@id\":\"https:\/\/www.translation-center.de\/en\/#website\"},\"datePublished\":\"2021-03-16T17:18:32+00:00\",\"dateModified\":\"2021-05-04T08:30:09+00:00\",\"description\":\"Order specialized translations in Bergisch Gladbach. Learn more about commissioning and preparing offers for specialized translations.\",\"breadcrumb\":{\"@id\":\"https:\/\/www.translation-center.de\/en\/order-specialized-translations\/#breadcrumb\"},\"inLanguage\":\"en-US\",\"potentialAction\":[{\"@type\":\"ReadAction\",\"target\":[\"https:\/\/www.translation-center.de\/en\/order-specialized-translations\/\"]}]},{\"@type\":\"BreadcrumbList\",\"@id\":\"https:\/\/www.translation-center.de\/en\/order-specialized-translations\/#breadcrumb\",\"itemListElement\":[{\"@type\":\"ListItem\",\"position\":1,\"name\":\"Startseite\",\"item\":\"https:\/\/www.translation-center.de\/en\/\"},{\"@type\":\"ListItem\",\"position\":2,\"name\":\"Order specialized translations in Bergisch Gladbach\"}]},{\"@type\":\"WebSite\",\"@id\":\"https:\/\/www.translation-center.de\/en\/#website\",\"url\":\"https:\/\/www.translation-center.de\/en\/\",\"name\":\"Translation Center - \u00dcbersetzungen Bergisch Gladbach\",\"description\":\"Fach\u00fcbersetzung, Dolmetschdienste, Beglaubigte \u00dcbersetzungen\",\"potentialAction\":[{\"@type\":\"SearchAction\",\"target\":{\"@type\":\"EntryPoint\",\"urlTemplate\":\"https:\/\/www.translation-center.de\/en\/?s={search_term_string}\"},\"query-input\":{\"@type\":\"PropertyValueSpecification\",\"valueRequired\":true,\"valueName\":\"search_term_string\"}}],\"inLanguage\":\"en-US\"}]}<\/script>\n<!-- \/ Yoast SEO plugin. -->","yoast_head_json":{"title":"Order specialized translations in Bergisch Gladbach","description":"Order specialized translations in Bergisch Gladbach. Learn more about commissioning and preparing offers for specialized translations.","robots":{"index":"index","follow":"follow","max-snippet":"max-snippet:-1","max-image-preview":"max-image-preview:large","max-video-preview":"max-video-preview:-1"},"canonical":"https:\/\/www.translation-center.de\/en\/order-specialized-translations\/","og_locale":"en_US","og_type":"article","og_title":"Order specialized translations in Bergisch Gladbach","og_description":"Order specialized translations in Bergisch Gladbach. Learn more about commissioning and preparing offers for specialized translations.","og_url":"https:\/\/www.translation-center.de\/en\/order-specialized-translations\/","og_site_name":"Translation Center - \u00dcbersetzungen Bergisch Gladbach","article_modified_time":"2021-05-04T08:30:09+00:00","og_image":[{"url":"https:\/\/www.translation-center.de\/wp-content\/uploads\/redaktion\/images\/header\/screen\/img-header-screen-fachuebersetzung-beauftragen-bergisch-gladbach.jpg","type":"","width":"","height":""}],"twitter_card":"summary_large_image","twitter_misc":{"Est. reading time":"3 minutes"},"schema":{"@context":"https:\/\/schema.org","@graph":[{"@type":"WebPage","@id":"https:\/\/www.translation-center.de\/en\/order-specialized-translations\/","url":"https:\/\/www.translation-center.de\/en\/order-specialized-translations\/","name":"Order specialized translations in Bergisch Gladbach","isPartOf":{"@id":"https:\/\/www.translation-center.de\/en\/#website"},"datePublished":"2021-03-16T17:18:32+00:00","dateModified":"2021-05-04T08:30:09+00:00","description":"Order specialized translations in Bergisch Gladbach. Learn more about commissioning and preparing offers for specialized translations.","breadcrumb":{"@id":"https:\/\/www.translation-center.de\/en\/order-specialized-translations\/#breadcrumb"},"inLanguage":"en-US","potentialAction":[{"@type":"ReadAction","target":["https:\/\/www.translation-center.de\/en\/order-specialized-translations\/"]}]},{"@type":"BreadcrumbList","@id":"https:\/\/www.translation-center.de\/en\/order-specialized-translations\/#breadcrumb","itemListElement":[{"@type":"ListItem","position":1,"name":"Startseite","item":"https:\/\/www.translation-center.de\/en\/"},{"@type":"ListItem","position":2,"name":"Order specialized translations in Bergisch Gladbach"}]},{"@type":"WebSite","@id":"https:\/\/www.translation-center.de\/en\/#website","url":"https:\/\/www.translation-center.de\/en\/","name":"Translation Center - \u00dcbersetzungen Bergisch Gladbach","description":"Fach\u00fcbersetzung, Dolmetschdienste, Beglaubigte \u00dcbersetzungen","potentialAction":[{"@type":"SearchAction","target":{"@type":"EntryPoint","urlTemplate":"https:\/\/www.translation-center.de\/en\/?s={search_term_string}"},"query-input":{"@type":"PropertyValueSpecification","valueRequired":true,"valueName":"search_term_string"}}],"inLanguage":"en-US"}]}},"_links":{"self":[{"href":"https:\/\/www.translation-center.de\/en\/wp-json\/wp\/v2\/pages\/2673","targetHints":{"allow":["GET"]}}],"collection":[{"href":"https:\/\/www.translation-center.de\/en\/wp-json\/wp\/v2\/pages"}],"about":[{"href":"https:\/\/www.translation-center.de\/en\/wp-json\/wp\/v2\/types\/page"}],"author":[{"embeddable":true,"href":"https:\/\/www.translation-center.de\/en\/wp-json\/wp\/v2\/users\/2"}],"replies":[{"embeddable":true,"href":"https:\/\/www.translation-center.de\/en\/wp-json\/wp\/v2\/comments?post=2673"}],"version-history":[{"count":2,"href":"https:\/\/www.translation-center.de\/en\/wp-json\/wp\/v2\/pages\/2673\/revisions"}],"predecessor-version":[{"id":2812,"href":"https:\/\/www.translation-center.de\/en\/wp-json\/wp\/v2\/pages\/2673\/revisions\/2812"}],"wp:attachment":[{"href":"https:\/\/www.translation-center.de\/en\/wp-json\/wp\/v2\/media?parent=2673"}],"curies":[{"name":"wp","href":"https:\/\/api.w.org\/{rel}","templated":true}]}}