{"id":2701,"date":"2021-03-17T09:15:04","date_gmt":"2021-03-17T08:15:04","guid":{"rendered":"https:\/\/tc.avs-server.de\/imprint\/"},"modified":"2021-03-17T10:13:18","modified_gmt":"2021-03-17T09:13:18","slug":"imprint","status":"publish","type":"page","link":"https:\/\/www.translation-center.de\/en\/imprint\/","title":{"rendered":"Imprint Translation Center"},"content":{"rendered":"<p>[et_pb_section fb_built=&#8221;1&#8243; fullwidth=&#8221;on&#8221; _builder_version=&#8221;3.22&#8243; animation_style=&#8221;fade&#8221; hover_transition_duration=&#8221;1500ms&#8221; hover_transition_speed_curve=&#8221;ease-in-out&#8221;][et_pb_fullwidth_code disabled_on=&#8221;on|on|off&#8221; _builder_version=&#8221;3.19.15&#8243;]<img decoding=\"async\" src=\"\/wp-content\/uploads\/redaktion\/images\/header\/screen\/img-header-screen-impressum-uebersetzungen-bergisch-gladbach.jpg\" alt=\"Imprint Translation Center\" \/>[\/et_pb_fullwidth_code][et_pb_fullwidth_code disabled_on=&#8221;off|off|on&#8221; _builder_version=&#8221;3.19.15&#8243;]<img decoding=\"async\" src=\"\/wp-content\/uploads\/redaktion\/images\/header\/tablet\/img-header-tablet-impressum-uebersetzungen-bergisch-gladbach.jpg\" alt=\"Imprint Translation Center\" \/>[\/et_pb_fullwidth_code][\/et_pb_section][et_pb_section fb_built=&#8221;1&#8243; _builder_version=&#8221;3.22&#8243; custom_padding=&#8221;0|0px|0|0px|false|false&#8221;][et_pb_row _builder_version=&#8221;3.25&#8243; width=&#8221;100%&#8221; max_width=&#8221;100%&#8221; custom_padding=&#8221;16px|0px|0|0px|false|false&#8221; use_custom_width=&#8221;on&#8221; width_unit=&#8221;off&#8221; custom_width_percent=&#8221;100%&#8221;][et_pb_column type=&#8221;4_4&#8243; _builder_version=&#8221;3.25&#8243; custom_padding=&#8221;|||&#8221; custom_padding__hover=&#8221;|||&#8221;][et_pb_text module_class=&#8221;h3-footer-headerimage&#8221; _builder_version=&#8221;3.27.4&#8243;]<\/p>\n<h3>Imprint <\/h3>\n<p>[\/et_pb_text][\/et_pb_column][\/et_pb_row][\/et_pb_section][et_pb_section fb_built=&#8221;1&#8243; _builder_version=&#8221;3.22&#8243; custom_padding=&#8221;0|0px||0px|false|false&#8221;][et_pb_row custom_padding_last_edited=&#8221;on|desktop&#8221; module_id=&#8221;home-content&#8221; _builder_version=&#8221;3.25&#8243; custom_margin=&#8221;||&#8221; custom_margin_tablet=&#8221;&#8221; custom_margin_phone=&#8221;||&#8221; custom_margin_last_edited=&#8221;on|phone&#8221; custom_padding=&#8221;|0px|0|0px|false|false&#8221; custom_padding_tablet=&#8221;&#8221; custom_padding_phone=&#8221;||&#8221; animation_style=&#8221;fade&#8221;][et_pb_column type=&#8221;4_4&#8243; _builder_version=&#8221;3.25&#8243; custom_padding=&#8221;|||&#8221; custom_padding__hover=&#8221;|||&#8221;][et_pb_text _builder_version=&#8221;3.27.4&#8243; text_font=&#8221;||||||||&#8221; border_width_bottom=&#8221;1px&#8221;]<\/p>\n<h2 class=\"h-bottom-line\"><span>Imprint | <strong>Translation Center<br \/><\/strong><\/span><\/h2>\n<p>[\/et_pb_text][\/et_pb_column][\/et_pb_row][et_pb_row column_structure=&#8221;1_2,1_2&#8243; _builder_version=&#8221;4.9.0&#8243; custom_margin=&#8221;50px||||false|false&#8221; custom_padding=&#8221;0|0px||0px|false|false&#8221;][et_pb_column type=&#8221;1_2&#8243; _builder_version=&#8221;3.25&#8243; custom_padding=&#8221;|||&#8221; custom_padding__hover=&#8221;|||&#8221;][et_pb_text _builder_version=&#8221;4.9.2&#8243;]<\/p>\n<h3>Information pursuant to Sect. 5 German Telemedia Act (TMG)<\/h3>\n<p>Translation Center<br \/>Annalore Schneider<br \/> Fauthstr.45<br \/> 51465 Bergisch Gladbach<\/p>\n<p>&nbsp;<\/p>\n<h3>Contact<\/h3>\n<p>Phone: 02202 &ndash; 247341<br \/> Fax: 02202 &ndash; 247355<br \/> Email: <a href=\"mailto:m&#97;i&#108;&#64;t&#114;a&#110;&#115;&#108;ati&#111;&#110;&#45;c&#101;n&#116;&#101;r&#46;de\" class=\"mailto-link\">m&#97;il[-\u00e4t-&#93;&#116;&#114;a&#110;s&#108;a&#116;io&#110;&#45;ce&#110;&#116;er.&#100;&#101;<\/a><\/p>\n<p>&nbsp;<\/p>\n<h3>VAT ID<\/h3>\n<p>Sales tax identification number according to Sect. 27 a of the Sales Tax Law:<br \/> DE198458338<strong><\/strong><\/p>\n<p>&nbsp;<\/p>\n<h3>Legitimation court interpreter\/court translator:<\/h3>\n<p><a href=\"https:\/\/www.justiz-dolmetscher.de\/Recherche\/de\/Person\/Details\/34331?page=0\" target=\"_blank\" rel=\"noopener noreferrer\">https:\/\/www.justiz-dolmetscher.de\/Recherche\/de\/Person\/Details\/34331?page=0<\/a><\/p>\n<p>&nbsp;<\/p>\n<h3>EU dispute resolution<\/h3>\n<p>The European Commission provides a platform for online dispute resolution (ODR): <a href=\"https:\/\/ec.europa.eu\/consumers\/odr\" target=\"_blank\" rel=\"noopener noreferrer\">https:\/\/ec.europa.eu\/consumers\/odr<\/a>.<br \/> Our e-mail address can be found above in the site notice.<\/p>\n<p><strong>Dispute resolution proceedings in front of a consumer arbitration board<\/strong><br \/>We are not willing or obliged to participate in dispute resolution proceedings in front of a consumer arbitration board.<\/p>\n<p>&nbsp;<\/p>\n<h3>Liability for Contents<\/h3>\n<p>As service providers, we are liable for own contents of these websites according to Paragraph 7, Sect. 1 German Telemedia Act (TMG). However, according to Paragraphs 8 to 10 German Telemedia Act (TMG), service providers are not obligated to permanently monitor submitted or stored information or to search for evidences that indicate illegal activities.<\/p>\n<p>Legal obligations to removing information or to blocking the use of information remain unchallenged. In this case, liability is only possible at the time of knowledge about a specific violation of law. Illegal contents will be removed immediately at the time we get knowledge of them.<\/p>\n<p>&nbsp;<\/p>\n<h3>Liability for Links<\/h3>\n<p>Our offer includes links to external third-party websites. We have no influence on the contents of those websites, therefore we cannot guarantee for those contents. Providers or administrators of linked websites are always responsible for their own contents.<\/p>\n<p>The linked websites had been checked for possible violations of law at the time of the establishment of the link. Illegal contents were not detected at the time of the linking. A permanent monitoring of the contents of linked websites cannot be imposed without reasonable indications that there has been a violation of law. Illegal links will be removed immediately at the time we get knowledge of them.<\/p>\n<p>&nbsp;<\/p>\n<h3>Copyright<\/h3>\n<p>Contents and compilations published on these websites by the providers are subject to German copyright laws. Reproduction, editing, distribution as well as the use of any kind outside the scope of the copyright law require a written permission of the author or originator. Downloads and copies of these websites are permitted for private use only.<br \/> The commercial use of our contents without permission of the originator is prohibited.<\/p>\n<p>Copyright laws of third parties are respected as long as the contents on these websites do not originate from the provider. Contributions of third parties on this site are indicated as such. However, if you notice any violations of copyright law, please inform us. Such contents will be removed immediately.<\/p>\n<p>[\/et_pb_text][\/et_pb_column][et_pb_column type=&#8221;1_2&#8243; _builder_version=&#8221;3.25&#8243; custom_padding=&#8221;|||&#8221; custom_padding__hover=&#8221;|||&#8221;][et_pb_text _builder_version=&#8221;4.9.2&#8243; hover_enabled=&#8221;0&#8243; sticky_enabled=&#8221;0&#8243;]<\/p>\n<h3>Design, Production &amp; Webmaster<\/h3>\n<p>A Vista Studios<br \/> St\u00fcttekofener Str. 55<br \/> D-51375 Leverkusen<\/p>\n<p><a title=\"Webdesign Leverkusen\" href=\"https:\/\/a-vista-studios.de\" target=\"_blank\" rel=\"noopener\">https:\/\/a-vista-studios.de<\/a><\/p>\n<p>&nbsp;<\/p>\n<p>[\/et_pb_text][\/et_pb_column][\/et_pb_row][\/et_pb_section]<\/p>\n","protected":false},"excerpt":{"rendered":"<p>Imprint Imprint | Translation CenterInformation pursuant to Sect. 5 German Telemedia Act (TMG) Translation CenterAnnalore Schneider Fauthstr.45 51465 Bergisch Gladbach &nbsp; Contact Phone: 02202 &ndash; 247341 Fax: 02202 &ndash; 247355 Email: m&#97;il[-\u00e4t-&#93;&#116;&#114;a&#110;s&#108;a&#116;io&#110;&#45;ce&#110;&#116;er.&#100;&#101; &nbsp; VAT ID Sales tax identification number according to Sect. 27 a of the Sales Tax Law: DE198458338 &nbsp; Legitimation court interpreter\/court translator: [&hellip;]<\/p>\n","protected":false},"author":2,"featured_media":0,"parent":0,"menu_order":0,"comment_status":"closed","ping_status":"closed","template":"","meta":{"_et_pb_use_builder":"on","_et_pb_old_content":"","_et_gb_content_width":"","footnotes":""},"class_list":["post-2701","page","type-page","status-publish","hentry"],"yoast_head":"<!-- This site is optimized with the Yoast SEO plugin v27.0 - https:\/\/yoast.com\/product\/yoast-seo-wordpress\/ -->\n<title>Imprint Translation Center<\/title>\n<meta name=\"description\" content=\"Imprint Translation Center\" \/>\n<meta name=\"robots\" content=\"index, follow, max-snippet:-1, max-image-preview:large, max-video-preview:-1\" \/>\n<link rel=\"canonical\" href=\"https:\/\/www.translation-center.de\/en\/imprint\/\" \/>\n<meta property=\"og:locale\" content=\"en_US\" \/>\n<meta property=\"og:type\" content=\"article\" \/>\n<meta property=\"og:title\" content=\"Imprint Translation Center\" \/>\n<meta property=\"og:description\" content=\"Imprint Translation Center\" \/>\n<meta property=\"og:url\" content=\"https:\/\/www.translation-center.de\/en\/imprint\/\" \/>\n<meta property=\"og:site_name\" content=\"Translation Center - \u00dcbersetzungen Bergisch Gladbach\" \/>\n<meta property=\"article:modified_time\" content=\"2021-03-17T09:13:18+00:00\" \/>\n<meta property=\"og:image\" content=\"https:\/\/www.translation-center.de\/wp-content\/uploads\/redaktion\/images\/header\/screen\/img-header-screen-impressum-uebersetzungen-bergisch-gladbach.jpg\" \/>\n<meta name=\"twitter:card\" content=\"summary_large_image\" \/>\n<meta name=\"twitter:label1\" content=\"Est. reading time\" \/>\n\t<meta name=\"twitter:data1\" content=\"4 minutes\" \/>\n<script type=\"application\/ld+json\" class=\"yoast-schema-graph\">{\"@context\":\"https:\/\/schema.org\",\"@graph\":[{\"@type\":\"WebPage\",\"@id\":\"https:\/\/www.translation-center.de\/en\/imprint\/\",\"url\":\"https:\/\/www.translation-center.de\/en\/imprint\/\",\"name\":\"Imprint Translation Center\",\"isPartOf\":{\"@id\":\"https:\/\/www.translation-center.de\/en\/#website\"},\"datePublished\":\"2021-03-17T08:15:04+00:00\",\"dateModified\":\"2021-03-17T09:13:18+00:00\",\"description\":\"Imprint Translation Center\",\"breadcrumb\":{\"@id\":\"https:\/\/www.translation-center.de\/en\/imprint\/#breadcrumb\"},\"inLanguage\":\"en-US\",\"potentialAction\":[{\"@type\":\"ReadAction\",\"target\":[\"https:\/\/www.translation-center.de\/en\/imprint\/\"]}]},{\"@type\":\"BreadcrumbList\",\"@id\":\"https:\/\/www.translation-center.de\/en\/imprint\/#breadcrumb\",\"itemListElement\":[{\"@type\":\"ListItem\",\"position\":1,\"name\":\"Startseite\",\"item\":\"https:\/\/www.translation-center.de\/en\/\"},{\"@type\":\"ListItem\",\"position\":2,\"name\":\"Imprint Translation Center\"}]},{\"@type\":\"WebSite\",\"@id\":\"https:\/\/www.translation-center.de\/en\/#website\",\"url\":\"https:\/\/www.translation-center.de\/en\/\",\"name\":\"Translation Center - \u00dcbersetzungen Bergisch Gladbach\",\"description\":\"Fach\u00fcbersetzung, Dolmetschdienste, Beglaubigte \u00dcbersetzungen\",\"potentialAction\":[{\"@type\":\"SearchAction\",\"target\":{\"@type\":\"EntryPoint\",\"urlTemplate\":\"https:\/\/www.translation-center.de\/en\/?s={search_term_string}\"},\"query-input\":{\"@type\":\"PropertyValueSpecification\",\"valueRequired\":true,\"valueName\":\"search_term_string\"}}],\"inLanguage\":\"en-US\"}]}<\/script>\n<!-- \/ Yoast SEO plugin. -->","yoast_head_json":{"title":"Imprint Translation Center","description":"Imprint Translation Center","robots":{"index":"index","follow":"follow","max-snippet":"max-snippet:-1","max-image-preview":"max-image-preview:large","max-video-preview":"max-video-preview:-1"},"canonical":"https:\/\/www.translation-center.de\/en\/imprint\/","og_locale":"en_US","og_type":"article","og_title":"Imprint Translation Center","og_description":"Imprint Translation Center","og_url":"https:\/\/www.translation-center.de\/en\/imprint\/","og_site_name":"Translation Center - \u00dcbersetzungen Bergisch Gladbach","article_modified_time":"2021-03-17T09:13:18+00:00","og_image":[{"url":"https:\/\/www.translation-center.de\/wp-content\/uploads\/redaktion\/images\/header\/screen\/img-header-screen-impressum-uebersetzungen-bergisch-gladbach.jpg","type":"","width":"","height":""}],"twitter_card":"summary_large_image","twitter_misc":{"Est. reading time":"4 minutes"},"schema":{"@context":"https:\/\/schema.org","@graph":[{"@type":"WebPage","@id":"https:\/\/www.translation-center.de\/en\/imprint\/","url":"https:\/\/www.translation-center.de\/en\/imprint\/","name":"Imprint Translation Center","isPartOf":{"@id":"https:\/\/www.translation-center.de\/en\/#website"},"datePublished":"2021-03-17T08:15:04+00:00","dateModified":"2021-03-17T09:13:18+00:00","description":"Imprint Translation Center","breadcrumb":{"@id":"https:\/\/www.translation-center.de\/en\/imprint\/#breadcrumb"},"inLanguage":"en-US","potentialAction":[{"@type":"ReadAction","target":["https:\/\/www.translation-center.de\/en\/imprint\/"]}]},{"@type":"BreadcrumbList","@id":"https:\/\/www.translation-center.de\/en\/imprint\/#breadcrumb","itemListElement":[{"@type":"ListItem","position":1,"name":"Startseite","item":"https:\/\/www.translation-center.de\/en\/"},{"@type":"ListItem","position":2,"name":"Imprint Translation Center"}]},{"@type":"WebSite","@id":"https:\/\/www.translation-center.de\/en\/#website","url":"https:\/\/www.translation-center.de\/en\/","name":"Translation Center - \u00dcbersetzungen Bergisch Gladbach","description":"Fach\u00fcbersetzung, Dolmetschdienste, Beglaubigte \u00dcbersetzungen","potentialAction":[{"@type":"SearchAction","target":{"@type":"EntryPoint","urlTemplate":"https:\/\/www.translation-center.de\/en\/?s={search_term_string}"},"query-input":{"@type":"PropertyValueSpecification","valueRequired":true,"valueName":"search_term_string"}}],"inLanguage":"en-US"}]}},"_links":{"self":[{"href":"https:\/\/www.translation-center.de\/en\/wp-json\/wp\/v2\/pages\/2701","targetHints":{"allow":["GET"]}}],"collection":[{"href":"https:\/\/www.translation-center.de\/en\/wp-json\/wp\/v2\/pages"}],"about":[{"href":"https:\/\/www.translation-center.de\/en\/wp-json\/wp\/v2\/types\/page"}],"author":[{"embeddable":true,"href":"https:\/\/www.translation-center.de\/en\/wp-json\/wp\/v2\/users\/2"}],"replies":[{"embeddable":true,"href":"https:\/\/www.translation-center.de\/en\/wp-json\/wp\/v2\/comments?post=2701"}],"version-history":[{"count":0,"href":"https:\/\/www.translation-center.de\/en\/wp-json\/wp\/v2\/pages\/2701\/revisions"}],"wp:attachment":[{"href":"https:\/\/www.translation-center.de\/en\/wp-json\/wp\/v2\/media?parent=2701"}],"curies":[{"name":"wp","href":"https:\/\/api.w.org\/{rel}","templated":true}]}}