{"id":2743,"date":"2021-03-17T10:29:21","date_gmt":"2021-03-17T09:29:21","guid":{"rendered":"https:\/\/tc.avs-server.de\/picture-credits\/"},"modified":"2021-09-03T10:23:14","modified_gmt":"2021-09-03T08:23:14","slug":"picture-credits","status":"publish","type":"page","link":"https:\/\/www.translation-center.de\/en\/picture-credits\/","title":{"rendered":"Picture credits Translation Center"},"content":{"rendered":"<p>[et_pb_section fb_built=&#8221;1&#8243; fullwidth=&#8221;on&#8221; _builder_version=&#8221;4.9.0&#8243; animation_style=&#8221;fade&#8221; hover_transition_duration=&#8221;1500ms&#8221; hover_transition_speed_curve=&#8221;ease-in-out&#8221;][et_pb_fullwidth_code disabled_on=&#8221;on|on|off&#8221; _builder_version=&#8221;4.9.0&#8243;]<img decoding=\"async\" src=\"\/wp-content\/uploads\/redaktion\/images\/header\/screen\/img-header-screen-impressum-uebersetzungen-bergisch-gladbach.jpg\" alt=\"Picture credits Translation Center\" \/>[\/et_pb_fullwidth_code][et_pb_fullwidth_code disabled_on=&#8221;off|off|on&#8221; _builder_version=&#8221;4.9.0&#8243;]<img decoding=\"async\" src=\"\/wp-content\/uploads\/redaktion\/images\/header\/tablet\/img-header-tablet-impressum-uebersetzungen-bergisch-gladbach.jpg\" alt=\"Picture credits Translation Center\" \/>[\/et_pb_fullwidth_code][\/et_pb_section][et_pb_section fb_built=&#8221;1&#8243; _builder_version=&#8221;3.22&#8243; custom_padding=&#8221;0|0px|0|0px|false|false&#8221;][et_pb_row _builder_version=&#8221;3.25&#8243; width=&#8221;100%&#8221; max_width=&#8221;100%&#8221; custom_padding=&#8221;16px|0px|0|0px|false|false&#8221; use_custom_width=&#8221;on&#8221; width_unit=&#8221;off&#8221; custom_width_percent=&#8221;100%&#8221;][et_pb_column type=&#8221;4_4&#8243; _builder_version=&#8221;3.25&#8243; custom_padding=&#8221;|||&#8221; custom_padding__hover=&#8221;|||&#8221;][et_pb_text module_class=&#8221;h3-footer-headerimage&#8221; _builder_version=&#8221;4.9.0&#8243;]<\/p>\n<h3>Picture credits<\/h3>\n<p>[\/et_pb_text][\/et_pb_column][\/et_pb_row][\/et_pb_section][et_pb_section fb_built=&#8221;1&#8243; _builder_version=&#8221;3.22&#8243; custom_padding=&#8221;0|0px||0px|false|false&#8221;][et_pb_row custom_padding_last_edited=&#8221;on|desktop&#8221; module_id=&#8221;home-content&#8221; _builder_version=&#8221;3.25&#8243; custom_margin=&#8221;||&#8221; custom_margin_tablet=&#8221;&#8221; custom_margin_phone=&#8221;||&#8221; custom_margin_last_edited=&#8221;on|phone&#8221; custom_padding=&#8221;|0px|0|0px|false|false&#8221; custom_padding_tablet=&#8221;&#8221; custom_padding_phone=&#8221;||&#8221; animation_style=&#8221;fade&#8221;][et_pb_column type=&#8221;4_4&#8243; _builder_version=&#8221;3.25&#8243; custom_padding=&#8221;|||&#8221; custom_padding__hover=&#8221;|||&#8221;][et_pb_text _builder_version=&#8221;4.9.0&#8243; text_font=&#8221;||||||||&#8221; border_width_bottom=&#8221;1px&#8221;]<\/p>\n<h2 class=\"h-bottom-line\"><span>Picture credits | <strong>Translation Center<br \/> <\/strong><\/span><\/h2>\n<p>[\/et_pb_text][\/et_pb_column][\/et_pb_row][et_pb_row _builder_version=&#8221;4.9.2&#8243; custom_margin=&#8221;50px||||false|false&#8221; custom_padding=&#8221;0|0px||0px|false|false&#8221; animation_style=&#8221;fade&#8221;][et_pb_column type=&#8221;4_4&#8243; _builder_version=&#8221;3.25&#8243; custom_padding=&#8221;|||&#8221; custom_padding__hover=&#8221;|||&#8221;][et_pb_code _builder_version=&#8221;4.9.7&#8243; _module_preset=&#8221;default&#8221; hover_enabled=&#8221;0&#8243; sticky_enabled=&#8221;0&#8243;]<\/p>\n<dl class=\"bildquellennachweis inline\"><!-- [et_pb_line_break_holder] --> <!-- [et_pb_line_break_holder] -->\t<\/p>\n<dt><img decoding=\"async\" src=\"\/wp-content\/uploads\/redaktion\/images\/bildquellen\/tumbs\/f-550729.jpg\"><\/dt>\n<p><!-- [et_pb_line_break_holder] -->\t<\/p>\n<dd>\u00a9 pressmaster \u2013 Fotolia.com<\/dd>\n<p><!-- [et_pb_line_break_holder] -->\t<!-- [et_pb_line_break_holder] -->\t<\/p>\n<dt><img decoding=\"async\" src=\"\/wp-content\/uploads\/redaktion\/images\/bildquellen\/tumbs\/f-665539.jpg\"><\/dt>\n<p><!-- [et_pb_line_break_holder] -->\t<\/p>\n<dd>\u00a9 Joachim Wendler \u2013 Fotolia.com<\/dd>\n<p><!-- [et_pb_line_break_holder] --><!-- [et_pb_line_break_holder] -->\t<\/p>\n<dt><img decoding=\"async\" src=\"\/wp-content\/uploads\/redaktion\/images\/bildquellen\/tumbs\/f-380094.jpg\"><\/dt>\n<p><!-- [et_pb_line_break_holder] -->\t<\/p>\n<dd>\u00a9 Modella \u2013 Fotolia.com<\/dd>\n<p><!-- [et_pb_line_break_holder] --><!-- [et_pb_line_break_holder] -->\t<\/p>\n<dt><img decoding=\"async\" src=\"\/wp-content\/uploads\/redaktion\/images\/bildquellen\/tumbs\/f-0216314.jpg\"><\/dt>\n<p><!-- [et_pb_line_break_holder] -->\t<\/p>\n<dd>\u00a9 antic \u2013 Fotolia.com<\/dd>\n<p><!-- [et_pb_line_break_holder] --><!-- [et_pb_line_break_holder] -->\t<\/p>\n<dt><img decoding=\"async\" src=\"\/wp-content\/uploads\/redaktion\/images\/bildquellen\/tumbs\/f-8540082.jpg\"><\/dt>\n<p><!-- [et_pb_line_break_holder] -->\t<\/p>\n<dd>\u00a9 milosducati \u2013 Fotolia.com<\/dd>\n<p><!-- [et_pb_line_break_holder] --><!-- [et_pb_line_break_holder] -->\t<\/p>\n<dt><img decoding=\"async\" src=\"\/wp-content\/uploads\/redaktion\/images\/bildquellen\/tumbs\/f-3611942.jpg\"><\/dt>\n<p><!-- [et_pb_line_break_holder] -->\t<\/p>\n<dd>\u00a9 Syda Productions \u2013 Fotolia.com<\/dd>\n<p><!-- [et_pb_line_break_holder] -->\t\t<!-- [et_pb_line_break_holder] -->\t<\/p>\n<dt><img decoding=\"async\" src=\"\/wp-content\/uploads\/redaktion\/images\/bildquellen\/tumbs\/us-54044.jpg\"><\/dt>\n<p><!-- [et_pb_line_break_holder] -->\t<\/p>\n<dd>\u00a9 jon-tyson \u2013 unsplash.com<\/dd>\n<p>\t<!-- [et_pb_line_break_holder] --><!-- [et_pb_line_break_holder] -->\t<\/p>\n<dt><img decoding=\"async\" src=\"\/wp-content\/uploads\/redaktion\/images\/bildquellen\/tumbs\/pb-1077.jpg\"><\/dt>\n<p><!-- [et_pb_line_break_holder] -->\t<\/p>\n<dd>\u00a9 geralt \u2013 pixabay.com<\/dd>\n<p>\t<!-- [et_pb_line_break_holder] -->\t<!-- [et_pb_line_break_holder] -->\t<\/p>\n<dt><img decoding=\"async\" src=\"\/wp-content\/uploads\/redaktion\/images\/bildquellen\/tumbs\/pb-23859.jpg\"><\/dt>\n<p><!-- [et_pb_line_break_holder] -->\t<\/p>\n<dd>\u00a9 Shutterbug75 \u2013 pixabay.com<\/dd>\n<p>\t\t<!-- [et_pb_line_break_holder] --><!-- [et_pb_line_break_holder] -->\t<\/p>\n<dt><img decoding=\"async\" src=\"\/wp-content\/uploads\/redaktion\/images\/bildquellen\/tumbs\/pb-64643.jpg\"><\/dt>\n<p><!-- [et_pb_line_break_holder] -->\t<\/p>\n<dd>\u00a9 AbsolutVision \u2013 pixabay.com<\/dd>\n<p>\t\t<!-- [et_pb_line_break_holder] -->\t<!-- [et_pb_line_break_holder] -->\t<\/p>\n<dt><img decoding=\"async\" src=\"\/wp-content\/uploads\/redaktion\/images\/bildquellen\/tumbs\/pb-771936.jpg\"><\/dt>\n<p><!-- [et_pb_line_break_holder] -->\t<\/p>\n<dd>\u00a9 libellule789 \u2013 pixabay.com<\/dd>\n<p>\t\t<!-- [et_pb_line_break_holder] -->\t<!-- [et_pb_line_break_holder] -->\t<\/p>\n<dt><img decoding=\"async\" src=\"\/wp-content\/uploads\/redaktion\/images\/bildquellen\/tumbs\/sk-3110011.jpg\"><\/dt>\n<p><!-- [et_pb_line_break_holder] -->\t<\/p>\n<dd>\u00a9 Khakimullin Aleksandr &#8211; shutterstock.com<\/dd>\n<p>\t<!-- [et_pb_line_break_holder] --><!-- [et_pb_line_break_holder] --><\/dl>\n<p><!-- [et_pb_line_break_holder] --><!-- [et_pb_line_break_holder] -->[\/et_pb_code][\/et_pb_column][\/et_pb_row][\/et_pb_section]<\/p>\n","protected":false},"excerpt":{"rendered":"<p>Picture creditsPicture credits | Translation Center<\/p>\n","protected":false},"author":2,"featured_media":0,"parent":0,"menu_order":0,"comment_status":"closed","ping_status":"closed","template":"","meta":{"_et_pb_use_builder":"on","_et_pb_old_content":"","_et_gb_content_width":"","footnotes":""},"class_list":["post-2743","page","type-page","status-publish","hentry"],"yoast_head":"<!-- This site is optimized with the Yoast SEO plugin v27.0 - https:\/\/yoast.com\/product\/yoast-seo-wordpress\/ -->\n<title>Picture credits Translation Center<\/title>\n<meta name=\"description\" content=\"Picture credits Translation Center\" \/>\n<meta name=\"robots\" content=\"index, follow, max-snippet:-1, max-image-preview:large, max-video-preview:-1\" \/>\n<link rel=\"canonical\" href=\"https:\/\/www.translation-center.de\/en\/picture-credits\/\" \/>\n<meta property=\"og:locale\" content=\"en_US\" \/>\n<meta property=\"og:type\" content=\"article\" \/>\n<meta property=\"og:title\" content=\"Picture credits Translation Center\" \/>\n<meta property=\"og:description\" content=\"Picture credits Translation Center\" \/>\n<meta property=\"og:url\" content=\"https:\/\/www.translation-center.de\/en\/picture-credits\/\" \/>\n<meta property=\"og:site_name\" content=\"Translation Center - \u00dcbersetzungen Bergisch Gladbach\" \/>\n<meta property=\"article:modified_time\" content=\"2021-09-03T08:23:14+00:00\" \/>\n<meta property=\"og:image\" content=\"https:\/\/www.translation-center.de\/wp-content\/uploads\/redaktion\/images\/header\/screen\/img-header-screen-impressum-uebersetzungen-bergisch-gladbach.jpg\" \/>\n<meta name=\"twitter:card\" content=\"summary_large_image\" \/>\n<meta name=\"twitter:label1\" content=\"Est. reading time\" \/>\n\t<meta name=\"twitter:data1\" content=\"2 minutes\" \/>\n<script type=\"application\/ld+json\" class=\"yoast-schema-graph\">{\"@context\":\"https:\/\/schema.org\",\"@graph\":[{\"@type\":\"WebPage\",\"@id\":\"https:\/\/www.translation-center.de\/en\/picture-credits\/\",\"url\":\"https:\/\/www.translation-center.de\/en\/picture-credits\/\",\"name\":\"Picture credits Translation Center\",\"isPartOf\":{\"@id\":\"https:\/\/www.translation-center.de\/en\/#website\"},\"datePublished\":\"2021-03-17T09:29:21+00:00\",\"dateModified\":\"2021-09-03T08:23:14+00:00\",\"description\":\"Picture credits Translation Center\",\"breadcrumb\":{\"@id\":\"https:\/\/www.translation-center.de\/en\/picture-credits\/#breadcrumb\"},\"inLanguage\":\"en-US\",\"potentialAction\":[{\"@type\":\"ReadAction\",\"target\":[\"https:\/\/www.translation-center.de\/en\/picture-credits\/\"]}]},{\"@type\":\"BreadcrumbList\",\"@id\":\"https:\/\/www.translation-center.de\/en\/picture-credits\/#breadcrumb\",\"itemListElement\":[{\"@type\":\"ListItem\",\"position\":1,\"name\":\"Startseite\",\"item\":\"https:\/\/www.translation-center.de\/en\/\"},{\"@type\":\"ListItem\",\"position\":2,\"name\":\"Picture credits Translation Center\"}]},{\"@type\":\"WebSite\",\"@id\":\"https:\/\/www.translation-center.de\/en\/#website\",\"url\":\"https:\/\/www.translation-center.de\/en\/\",\"name\":\"Translation Center - \u00dcbersetzungen Bergisch Gladbach\",\"description\":\"Fach\u00fcbersetzung, Dolmetschdienste, Beglaubigte \u00dcbersetzungen\",\"potentialAction\":[{\"@type\":\"SearchAction\",\"target\":{\"@type\":\"EntryPoint\",\"urlTemplate\":\"https:\/\/www.translation-center.de\/en\/?s={search_term_string}\"},\"query-input\":{\"@type\":\"PropertyValueSpecification\",\"valueRequired\":true,\"valueName\":\"search_term_string\"}}],\"inLanguage\":\"en-US\"}]}<\/script>\n<!-- \/ Yoast SEO plugin. -->","yoast_head_json":{"title":"Picture credits Translation Center","description":"Picture credits Translation Center","robots":{"index":"index","follow":"follow","max-snippet":"max-snippet:-1","max-image-preview":"max-image-preview:large","max-video-preview":"max-video-preview:-1"},"canonical":"https:\/\/www.translation-center.de\/en\/picture-credits\/","og_locale":"en_US","og_type":"article","og_title":"Picture credits Translation Center","og_description":"Picture credits Translation Center","og_url":"https:\/\/www.translation-center.de\/en\/picture-credits\/","og_site_name":"Translation Center - \u00dcbersetzungen Bergisch Gladbach","article_modified_time":"2021-09-03T08:23:14+00:00","og_image":[{"url":"https:\/\/www.translation-center.de\/wp-content\/uploads\/redaktion\/images\/header\/screen\/img-header-screen-impressum-uebersetzungen-bergisch-gladbach.jpg","type":"","width":"","height":""}],"twitter_card":"summary_large_image","twitter_misc":{"Est. reading time":"2 minutes"},"schema":{"@context":"https:\/\/schema.org","@graph":[{"@type":"WebPage","@id":"https:\/\/www.translation-center.de\/en\/picture-credits\/","url":"https:\/\/www.translation-center.de\/en\/picture-credits\/","name":"Picture credits Translation Center","isPartOf":{"@id":"https:\/\/www.translation-center.de\/en\/#website"},"datePublished":"2021-03-17T09:29:21+00:00","dateModified":"2021-09-03T08:23:14+00:00","description":"Picture credits Translation Center","breadcrumb":{"@id":"https:\/\/www.translation-center.de\/en\/picture-credits\/#breadcrumb"},"inLanguage":"en-US","potentialAction":[{"@type":"ReadAction","target":["https:\/\/www.translation-center.de\/en\/picture-credits\/"]}]},{"@type":"BreadcrumbList","@id":"https:\/\/www.translation-center.de\/en\/picture-credits\/#breadcrumb","itemListElement":[{"@type":"ListItem","position":1,"name":"Startseite","item":"https:\/\/www.translation-center.de\/en\/"},{"@type":"ListItem","position":2,"name":"Picture credits Translation Center"}]},{"@type":"WebSite","@id":"https:\/\/www.translation-center.de\/en\/#website","url":"https:\/\/www.translation-center.de\/en\/","name":"Translation Center - \u00dcbersetzungen Bergisch Gladbach","description":"Fach\u00fcbersetzung, Dolmetschdienste, Beglaubigte \u00dcbersetzungen","potentialAction":[{"@type":"SearchAction","target":{"@type":"EntryPoint","urlTemplate":"https:\/\/www.translation-center.de\/en\/?s={search_term_string}"},"query-input":{"@type":"PropertyValueSpecification","valueRequired":true,"valueName":"search_term_string"}}],"inLanguage":"en-US"}]}},"_links":{"self":[{"href":"https:\/\/www.translation-center.de\/en\/wp-json\/wp\/v2\/pages\/2743","targetHints":{"allow":["GET"]}}],"collection":[{"href":"https:\/\/www.translation-center.de\/en\/wp-json\/wp\/v2\/pages"}],"about":[{"href":"https:\/\/www.translation-center.de\/en\/wp-json\/wp\/v2\/types\/page"}],"author":[{"embeddable":true,"href":"https:\/\/www.translation-center.de\/en\/wp-json\/wp\/v2\/users\/2"}],"replies":[{"embeddable":true,"href":"https:\/\/www.translation-center.de\/en\/wp-json\/wp\/v2\/comments?post=2743"}],"version-history":[{"count":2,"href":"https:\/\/www.translation-center.de\/en\/wp-json\/wp\/v2\/pages\/2743\/revisions"}],"predecessor-version":[{"id":2818,"href":"https:\/\/www.translation-center.de\/en\/wp-json\/wp\/v2\/pages\/2743\/revisions\/2818"}],"wp:attachment":[{"href":"https:\/\/www.translation-center.de\/en\/wp-json\/wp\/v2\/media?parent=2743"}],"curies":[{"name":"wp","href":"https:\/\/api.w.org\/{rel}","templated":true}]}}